{"id":9231,"date":"2023-06-26T12:08:41","date_gmt":"2023-06-26T10:08:41","guid":{"rendered":"https:\/\/biblioteka.kaunokolegija.lt\/?page_id=9231"},"modified":"2026-02-12T13:54:23","modified_gmt":"2026-02-12T11:54:23","slug":"dirbtinis-intelektas","status":"publish","type":"page","link":"https:\/\/biblioteka.kaunokolegija.lt\/en\/studijoms\/dirbtinis-intelektas\/","title":{"rendered":"Artificial Intelligence"},"content":{"rendered":"<p><\/p>\n\n\n\n<p>Artificial intelligence, abbreviated as AI, is a developing field of information technology. Currently, there is no single definition of AI, but in 2018, the Lithuanian Artificial Intelligence Strategy stated that \u201cartificial intelligence (AI) is systems that demonstrate intelligent and clever behavior by analyzing their environment and making relatively independent decisions to achieve a goal. Artificial intelligence systems can be purely software-based and operate in a virtual world (e.g., voice synthesizers, video analysis software, search engines, speech and facial recognition systems) or can be integrated into hardware (e.g., advanced robots, self-driving vehicle tools, drones, or IoT objects). AI is being implemented in a variety of areas, providing benefits and creating many opportunities, but AI also creates threats that legislation is being created to manage. On the pages of the European Parliament\u2019s \u201c<a href=\"https:\/\/www.europarl.europa.eu\/topics\/en\/topic\/artificial-intelligence\">Artificial Intelligence in the EU<\/a>\u201d you can learn more about <a href=\"https:\/\/www.europarl.europa.eu\/news\/lt\/headlines\/priorities\/dirbtinis-intelektas-es\/20200918STO87404\/dirbtinis-intelektas-gresmes-ir-galimybes\">what artificial intelligence is and how it is used<\/a>, <a href=\"https:\/\/www.europarl.europa.eu\/news\/lt\/headlines\/priorities\/dirbtinis-intelektas-es\/20200918STO87404\/dirbtinis-intelektas-gresmes-ir-galimybes\">what the threats and opportunities of AI are<\/a>, <a href=\"https:\/\/www.europarl.europa.eu\/news\/lt\/headlines\/society\/20201015STO89417\/dirbtinio-intelekto-taisykles-ko-siekia-europos-parlamentas\">how to regulate AI<\/a>, etc.<\/p>\n\n\n\n<p><strong>Artificial intelligence in higher education <\/strong>can be applied to administer study and research processes, enhance and personalize teaching and learning processes, assist learners, and so on. However, the use of AI tools raises questions in the areas of academic integrity, knowledge transmission, and skill demonstration. When using AI tools, it is necessary to understand not only the principles and capabilities of AI but also the existing shortcomings of AI tools and appropriate ways of using AI in accordance with academic ethics and copyright regulations. Improper use of AI-generated results and abuse are equated with academic dishonesty.  <\/p>\n\n\n\n<p>AI tools can be used for the search and analysis of scientific sources, taking into account academic ethics and copyright regulations, as assistance (examples of AI tools: <em><em><a href=\"https:\/\/typeset.io\/\" target=\"_blank\" rel=\"noreferrer noopener\">Scispace<\/a>,<\/em> <em><a href=\"https:\/\/elicit.com\/?workflow=table-of-papers\" target=\"_blank\" rel=\"noreferrer noopener\">Elicit<\/a><\/em>, <em><a href=\"https:\/\/consensus.app\/\">Consensus<\/a><\/em>, <em><a href=\"https:\/\/answerthis.io\/\">AnswerThis<\/a><\/em>, <em><a href=\"https:\/\/www.litmaps.com\/\">Litmaps<\/a><\/em>, <em><a href=\"https:\/\/www.connectedpapers.com\/\" target=\"_blank\" rel=\"noreferrer noopener\">Connected Papers<\/a>, <a href=\"https:\/\/getnextnet.com\/\" target=\"_blank\" rel=\"noreferrer noopener\">Nextnet<\/a><\/em><\/em>); however, the AI tools themselves are not scientific sources.<\/p>\n\n\n\n<p><strong>The use of artificial intelligence as a method in scientific research <\/strong>must be legal, justified, and controlled. You can learn more about this in the European Commission\u2019s document \u201c<a href=\"https:\/\/www.europarl.europa.eu\/meetdocs\/2014_2019\/plmrep\/COMMITTEES\/JURI\/DV\/2019\/11-06\/Ethics-guidelines-AI_LT.pdf\">Trustworthy AI Ethics Guidelines<\/a>\u201d and in the UNESCO recommendation \u201c<a href=\"https:\/\/unesdoc.unesco.org\/ark:\/48223\/pf0000381137\">Recommendation on the Ethics of Artificial Intelligence<\/a>\u201c.<\/p>\n\n\n\n<p><strong>The topic of artificial intelligence and copyright<\/strong> is discussed, and legislation in this area is being prepared, but the academic community adheres to the position of COPE (Committee on Publication Ethics) that \u201cartificial intelligence tools cannot meet the requirements of authorship because they cannot take responsibility for the submitted work. As non-legal entities, they cannot confirm the presence or absence of conflicts of interest, nor can they handle copyright and license agreements. Authors who use artificial intelligence tools to write the manuscript, create visuals or graphics for the paper, or collect and analyze data must transparently disclose in the Materials and Methods (or similar section) of the paper how the artificial intelligence tool was used and what tool was used. Authors are fully responsible for the content of their manuscript, even those parts of it that have been generated using an artificial intelligence tool, and therefore they are responsible for any breach of publishing ethics.&#8221;<\/p>\n\n\n\n<p><strong>Kauno kolegija Higher Education Institution&#8217;s framework in the field of artificial intelligence:<\/strong><br><a href=\"https:\/\/moodle.kauko.lt\/pluginfile.php\/5496\/course\/section\/26104\/AI%20Guidlines.pdf\">Guidelines for the Ethical Use of Artificial Intelligence Tools at Kauno kolegija Higher Education Institution.<\/a><\/p>\n\n\n\n<p><strong>AI tools available to users in the Library and Centre of Scientific Communication:<\/strong><\/p>\n\n\n\n<ul class=\"wp-block-list\">\n<li>Virtual Library <a href=\"https:\/\/kaunokolegija.primo.exlibrisgroup.com\/discovery\/researchAssistant?vid=370KUOAS_INST:KK&amp;lang=en\">Research Assistant<\/a>;<\/li>\n\n\n\n<li>AI assistants in subscribed databases (O\u2019Reilly, EBSCO, etc.).<\/li>\n<\/ul>\n\n\n\n<p><\/p>","protected":false},"excerpt":{"rendered":"<p>Artificial intelligence, abbreviated as AI, is a developing field of information technology. Currently, there is no single definition of AI, but in 2018, the Lithuanian Artificial Intelligence Strategy stated that \u201cartificial intelligence (AI) is systems that demonstrate intelligent and clever behavior by analyzing their environment and making relatively independent decisions to achieve a goal. Artificial [&hellip;]<\/p>\n","protected":false},"author":5,"featured_media":0,"parent":14,"menu_order":0,"comment_status":"closed","ping_status":"closed","template":"","meta":{"_uag_custom_page_level_css":"","site-sidebar-layout":"default","site-content-layout":"default","ast-site-content-layout":"default","site-content-style":"default","site-sidebar-style":"default","ast-global-header-display":"","ast-banner-title-visibility":"","ast-main-header-display":"","ast-hfb-above-header-display":"","ast-hfb-below-header-display":"","ast-hfb-mobile-header-display":"","site-post-title":"","ast-breadcrumbs-content":"","ast-featured-img":"","footer-sml-layout":"","ast-disable-related-posts":"","theme-transparent-header-meta":"default","adv-header-id-meta":"","stick-header-meta":"","header-above-stick-meta":"","header-main-stick-meta":"","header-below-stick-meta":"","astra-migrate-meta-layouts":"default","ast-page-background-enabled":"default","ast-page-background-meta":{"desktop":{"background-color":"var(--ast-global-color-4)","background-image":"","background-repeat":"repeat","background-position":"center center","background-size":"auto","background-attachment":"scroll","background-type":"","background-media":"","overlay-type":"","overlay-color":"","overlay-opacity":"","overlay-gradient":""},"tablet":{"background-color":"","background-image":"","background-repeat":"repeat","background-position":"center center","background-size":"auto","background-attachment":"scroll","background-type":"","background-media":"","overlay-type":"","overlay-color":"","overlay-opacity":"","overlay-gradient":""},"mobile":{"background-color":"","background-image":"","background-repeat":"repeat","background-position":"center center","background-size":"auto","background-attachment":"scroll","background-type":"","background-media":"","overlay-type":"","overlay-color":"","overlay-opacity":"","overlay-gradient":""}},"ast-content-background-meta":{"desktop":{"background-color":"var(--ast-global-color-5)","background-image":"","background-repeat":"repeat","background-position":"center center","background-size":"auto","background-attachment":"scroll","background-type":"","background-media":"","overlay-type":"","overlay-color":"","overlay-opacity":"","overlay-gradient":""},"tablet":{"background-color":"var(--ast-global-color-5)","background-image":"","background-repeat":"repeat","background-position":"center center","background-size":"auto","background-attachment":"scroll","background-type":"","background-media":"","overlay-type":"","overlay-color":"","overlay-opacity":"","overlay-gradient":""},"mobile":{"background-color":"var(--ast-global-color-5)","background-image":"","background-repeat":"repeat","background-position":"center center","background-size":"auto","background-attachment":"scroll","background-type":"","background-media":"","overlay-type":"","overlay-color":"","overlay-opacity":"","overlay-gradient":""}},"footnotes":""},"class_list":["post-9231","page","type-page","status-publish","hentry"],"yoast_head":"<!-- This site is optimized with the Yoast SEO plugin v27.4 - https:\/\/yoast.com\/product\/yoast-seo-wordpress\/ -->\n<title>Artificial Intelligence - Kauno kolegijos biblioteka ir mokslin\u0117s komunikacijos centras<\/title>\n<meta name=\"robots\" content=\"index, follow, max-snippet:-1, max-image-preview:large, max-video-preview:-1\" \/>\n<link rel=\"canonical\" href=\"https:\/\/biblioteka.kaunokolegija.lt\/studijoms\/dirbtinis-intelektas\/\" \/>\n<meta property=\"og:locale\" content=\"en_US\" \/>\n<meta property=\"og:type\" content=\"article\" \/>\n<meta property=\"og:title\" content=\"Artificial Intelligence - Kauno kolegijos biblioteka ir mokslin\u0117s komunikacijos centras\" \/>\n<meta property=\"og:description\" content=\"Artificial intelligence, abbreviated as AI, is a developing field of information technology. Currently, there is no single definition of AI, but in 2018, the Lithuanian Artificial Intelligence Strategy stated that \u201cartificial intelligence (AI) is systems that demonstrate intelligent and clever behavior by analyzing their environment and making relatively independent decisions to achieve a goal. Artificial [&hellip;]\" \/>\n<meta property=\"og:url\" content=\"https:\/\/biblioteka.kaunokolegija.lt\/studijoms\/dirbtinis-intelektas\/\" \/>\n<meta property=\"og:site_name\" content=\"Kauno kolegijos biblioteka ir mokslin\u0117s komunikacijos centras\" \/>\n<meta property=\"article:publisher\" content=\"https:\/\/www.facebook.com\/Kauno.kolegija.biblioteka\" \/>\n<meta property=\"article:modified_time\" content=\"2026-02-12T11:54:23+00:00\" \/>\n<meta property=\"og:image\" content=\"https:\/\/biblioteka.kaunokolegija.lt\/wp-content\/uploads\/2020\/10\/bibliotekos-cover-fb.jpg\" \/>\n\t<meta property=\"og:image:width\" content=\"1200\" \/>\n\t<meta property=\"og:image:height\" content=\"630\" \/>\n\t<meta property=\"og:image:type\" content=\"image\/jpeg\" \/>\n<meta name=\"twitter:card\" content=\"summary_large_image\" \/>\n<meta name=\"twitter:label1\" content=\"Est. reading time\" \/>\n\t<meta name=\"twitter:data1\" content=\"6 minutes\" \/>\n<!-- \/ Yoast SEO plugin. -->","yoast_head_json":{"title":"Artificial Intelligence - Kauno kolegijos biblioteka ir mokslin\u0117s komunikacijos centras","robots":{"index":"index","follow":"follow","max-snippet":"max-snippet:-1","max-image-preview":"max-image-preview:large","max-video-preview":"max-video-preview:-1"},"canonical":"https:\/\/biblioteka.kaunokolegija.lt\/studijoms\/dirbtinis-intelektas\/","og_locale":"en_US","og_type":"article","og_title":"Artificial Intelligence - Kauno kolegijos biblioteka ir mokslin\u0117s komunikacijos centras","og_description":"Artificial intelligence, abbreviated as AI, is a developing field of information technology. Currently, there is no single definition of AI, but in 2018, the Lithuanian Artificial Intelligence Strategy stated that \u201cartificial intelligence (AI) is systems that demonstrate intelligent and clever behavior by analyzing their environment and making relatively independent decisions to achieve a goal. Artificial [&hellip;]","og_url":"https:\/\/biblioteka.kaunokolegija.lt\/studijoms\/dirbtinis-intelektas\/","og_site_name":"Kauno kolegijos biblioteka ir mokslin\u0117s komunikacijos centras","article_publisher":"https:\/\/www.facebook.com\/Kauno.kolegija.biblioteka","article_modified_time":"2026-02-12T11:54:23+00:00","og_image":[{"width":1200,"height":630,"url":"https:\/\/biblioteka.kaunokolegija.lt\/wp-content\/uploads\/2020\/10\/bibliotekos-cover-fb.jpg","type":"image\/jpeg"}],"twitter_card":"summary_large_image","twitter_misc":{"Est. reading time":"6 minutes"},"schema":{"@context":"https:\/\/schema.org","@graph":[{"@type":"WebPage","@id":"https:\/\/biblioteka.kaunokolegija.lt\/studijoms\/dirbtinis-intelektas\/","url":"https:\/\/biblioteka.kaunokolegija.lt\/studijoms\/dirbtinis-intelektas\/","name":"Artificial Intelligence - Kauno kolegijos biblioteka ir mokslin\u0117s komunikacijos centras","isPartOf":{"@id":"https:\/\/biblioteka.kaunokolegija.lt\/#website"},"datePublished":"2023-06-26T10:08:41+00:00","dateModified":"2026-02-12T11:54:23+00:00","breadcrumb":{"@id":"https:\/\/biblioteka.kaunokolegija.lt\/studijoms\/dirbtinis-intelektas\/#breadcrumb"},"inLanguage":"en-US","potentialAction":[{"@type":"ReadAction","target":["https:\/\/biblioteka.kaunokolegija.lt\/studijoms\/dirbtinis-intelektas\/"]}]},{"@type":"BreadcrumbList","@id":"https:\/\/biblioteka.kaunokolegija.lt\/studijoms\/dirbtinis-intelektas\/#breadcrumb","itemListElement":[{"@type":"ListItem","position":1,"name":"Pagrindinis","item":"https:\/\/biblioteka.kaunokolegija.lt\/"},{"@type":"ListItem","position":2,"name":"Studijoms","item":"https:\/\/biblioteka.kaunokolegija.lt\/studijoms\/"},{"@type":"ListItem","position":3,"name":"Dirbtinis intelektas"}]},{"@type":"WebSite","@id":"https:\/\/biblioteka.kaunokolegija.lt\/#website","url":"https:\/\/biblioteka.kaunokolegija.lt\/","name":"Kauno kolegijos biblioteka ir informacijos i\u0161tekli\u0173 centras","description":"Kauno kolegijos biblioteka ir mokslin\u0117s komunikacijos centras","publisher":{"@id":"https:\/\/biblioteka.kaunokolegija.lt\/#organization"},"potentialAction":[{"@type":"SearchAction","target":{"@type":"EntryPoint","urlTemplate":"https:\/\/biblioteka.kaunokolegija.lt\/?s={search_term_string}"},"query-input":{"@type":"PropertyValueSpecification","valueRequired":true,"valueName":"search_term_string"}}],"inLanguage":"en-US"},{"@type":"Organization","@id":"https:\/\/biblioteka.kaunokolegija.lt\/#organization","name":"Kauno kolegijos biblioteka ir informacijos i\u0161tekli\u0173 centras","url":"https:\/\/biblioteka.kaunokolegija.lt\/","logo":{"@type":"ImageObject","inLanguage":"en-US","@id":"https:\/\/biblioteka.kaunokolegija.lt\/#\/schema\/logo\/image\/","url":"https:\/\/biblioteka.kaunokolegija.lt\/wp-content\/uploads\/2020\/10\/bibliotekos-cover-fb.jpg","contentUrl":"https:\/\/biblioteka.kaunokolegija.lt\/wp-content\/uploads\/2020\/10\/bibliotekos-cover-fb.jpg","width":1200,"height":630,"caption":"Kauno kolegijos biblioteka ir informacijos i\u0161tekli\u0173 centras"},"image":{"@id":"https:\/\/biblioteka.kaunokolegija.lt\/#\/schema\/logo\/image\/"},"sameAs":["https:\/\/www.facebook.com\/Kauno.kolegija.biblioteka"]}]}},"uagb_featured_image_src":{"full":false,"thumbnail":false,"medium":false,"medium_large":false,"large":false,"gs-tiny":false,"xl":false,"xxl":false,"xxxl":false,"xxxxl":false,"xxxxxl":false,"1536x1536":false,"2048x2048":false,"ultp_layout_landscape_large":false,"ultp_layout_landscape":false,"ultp_layout_portrait":false,"ultp_layout_square":false,"menu-24x24":false,"menu-36x36":false,"menu-48x48":false},"uagb_author_info":{"display_name":"BIBLIOTEKA","author_link":"https:\/\/biblioteka.kaunokolegija.lt\/en\/author\/vaiva\/"},"uagb_comment_info":0,"uagb_excerpt":"Artificial intelligence, abbreviated as AI, is a developing field of information technology. Currently, there is no single definition of AI, but in 2018, the Lithuanian Artificial Intelligence Strategy stated that \u201cartificial intelligence (AI) is systems that demonstrate intelligent and clever behavior by analyzing their environment and making relatively independent decisions to achieve a goal. Artificial&hellip;","_links":{"self":[{"href":"https:\/\/biblioteka.kaunokolegija.lt\/en\/wp-json\/wp\/v2\/pages\/9231","targetHints":{"allow":["GET"]}}],"collection":[{"href":"https:\/\/biblioteka.kaunokolegija.lt\/en\/wp-json\/wp\/v2\/pages"}],"about":[{"href":"https:\/\/biblioteka.kaunokolegija.lt\/en\/wp-json\/wp\/v2\/types\/page"}],"author":[{"embeddable":true,"href":"https:\/\/biblioteka.kaunokolegija.lt\/en\/wp-json\/wp\/v2\/users\/5"}],"replies":[{"embeddable":true,"href":"https:\/\/biblioteka.kaunokolegija.lt\/en\/wp-json\/wp\/v2\/comments?post=9231"}],"version-history":[{"count":36,"href":"https:\/\/biblioteka.kaunokolegija.lt\/en\/wp-json\/wp\/v2\/pages\/9231\/revisions"}],"predecessor-version":[{"id":17892,"href":"https:\/\/biblioteka.kaunokolegija.lt\/en\/wp-json\/wp\/v2\/pages\/9231\/revisions\/17892"}],"up":[{"embeddable":true,"href":"https:\/\/biblioteka.kaunokolegija.lt\/en\/wp-json\/wp\/v2\/pages\/14"}],"wp:attachment":[{"href":"https:\/\/biblioteka.kaunokolegija.lt\/en\/wp-json\/wp\/v2\/media?parent=9231"}],"curies":[{"name":"wp","href":"https:\/\/api.w.org\/{rel}","templated":true}]}}