{"id":91,"date":"2015-12-28T07:51:50","date_gmt":"2015-12-28T05:51:50","guid":{"rendered":"http:\/\/localhost\/wordpress\/?page_id=91"},"modified":"2026-01-07T11:12:35","modified_gmt":"2026-01-07T09:12:35","slug":"apie-biblioteka","status":"publish","type":"page","link":"https:\/\/biblioteka.kaunokolegija.lt\/en\/apie\/apie-biblioteka\/","title":{"rendered":"About the Library"},"content":{"rendered":"<p><\/p>\n\n\n\n<p>The Library and Centre of Scientific Communication is a unit of the Kauno kolegija Higher Education Institution that provides professional information services and access to information resources for the institution&#8217;s studies and applied research, offering a modern learning space. Users are served in accordance with <a href=\"https:\/\/biblioteka.kaunokolegija.lt\/wp-content\/uploads\/2023\/08\/Naudojimosi-biblioteka-ir-mokslines-komunikacijos-centru-taisykles-2023.pdf\">the approved rules for the use of the Kauno kolegija Higher Education Institution&#8217;s Library and Centre of Scientific Communication.<\/a><\/p>\n\n\n\n<p>Services are available at <em>the Library and Centre of Scientific Communication<\/em> (Pramon\u0117s pr. 22A, Kaunas), <em>the Alytus Faculty Library<\/em> (Room 102, Student\u0173 g. 17, Alytus) and <em>the Taurag\u0117 Subdivision Reading Room<\/em> (Aerodromo st. 6, Taurag\u0117). The library is open to all visitors. Members of the Kauno kolegija Higher Education Institution community can borrow books to take home, read publications, use computers in the library, access wireless internet, subscription databases both in the library and elsewhere, participate in library courses, training sessions, etc. The library also offers rooms for independent and team work, a training and consultation room, lounges, and study areas. The Library and Centre of Scientific Communication has 254 workstations for readers, 37 of which are computerised. The library is open Monday\u2013Thursday from 8:00 a.m. to 7:00 p.m. and Friday from 8:00 a.m. to 5:00 p.m. The Alytus Faculty Library offers 10 study spaces for readers, 3 of which are equipped with computers. The ALF Library is open Monday\u2013Thursday from 8:30 a.m. to 4:30 p.m. and Friday from 8:30 a.m. to 3:30 p.m.<\/p>\n\n\n\n<p>The library is rich in various information resources. The library holds around 29,000 titles and 101,000 printed documents. The library is continuously updated with new titles, acquiring about 600 new books and other physical documents per year, and subscribing to more than 30 printed periodicals. The acquisition of books or subscriptions to databases is based on the needs of the study programmes and the College community. Faculty lecturers, responsible staff, and the library collaborate in ordering literature. High-quality and relevant literature is selected and acquired according to the fields of study for which subject librarians are responsible.<\/p>\n\n\n\n<p>The Library and Centre of Scientific Communication holds the majority of its books in open collections, arranged by subject according to the UDK classification. The library is equipped with RFID technology for the use and protection of the collection. Self-service facilities for borrowing and returning books are available to library users. You can find information about the library&#8217;s publications and their location within the collections on the <em>Virtual Library<\/em> at <a href=\"https:\/\/kaunokolegija.primo.exlibrisgroup.com\/discovery\/search?vid=370KUOAS_INST:KK&amp;lang=lt\">vb.kaunokolegija.lt\/en<\/a>. The library catalogue is directly linked to the library&#8217;s <a href=\"https:\/\/biblioteka.kaunokolegija.lt\/en\/apie\/bibliotekos-zemelapis\/\">interactive map<\/a>, where you can see the location of a book on the shelf. Books can be read in the library or borrowed for home use for a set period of time.<\/p>\n\n\n\n<p>Students and staff of the Alytus Faculty and Taurag\u0117 Subdivision can also use the Library and Centre of Scientific Communication, access electronic resources through the <a href=\"https:\/\/kaunokolegija.primo.exlibrisgroup.com\/discovery\/search?vid=370KUOAS_INST:KK&amp;lang=lt\">Virtual Library<\/a>, and order printed books online for pickup at the AF Library or Taurag\u0117 Subdivision Reading Room.<\/p>\n\n\n\n<p>Members of the KK community can access approximately 280,000 e-books and about 22,000 scholarly e-journals from 13 international subscribed databases (<em>EBSCO Publishing, Springer Journals, Taylor &amp; Francis, EBSCO Book Academic Collection, Passport Euromonitor International, O&#8217;Reilly for Higher Education<\/em>), as well as over 200 Lithuanian e-textbooks from Lithuanian databases (<em>Vitae Litera, KVK, KU, VDU, KTU, and VGTU e-textbooks<\/em>). Access is also provided to all <em>LST e-standards<\/em> (over 30,000), legal acts in the <em>Infolex<\/em> database, statistical information in the <em>Passport<\/em> database, and other resources. Searches for necessary sources can be conducted within individual databases or through the <a href=\"https:\/\/kaunokolegija.primo.exlibrisgroup.com\/discovery\/search?vid=370KUOAS_INST:KK&amp;lang=lt\">Virtual Library<\/a>. Students and staff can access subscribed databases both at KK and remotely by logging in with their KK email via the website <a href=\"http:\/\/db.kaunokolegija.lt\">db.kaunokolegija.lt<\/a>, the <a href=\"https:\/\/kaunokolegija.primo.exlibrisgroup.com\/discovery\/search?vid=370KUOAS_INST:KK&amp;lang=lt\">Virtual Library<\/a>, or through the KK network via VPN. The Library also selects and provides access to the best Lithuanian and foreign open access resources, offers various consultations and training sessions, both traditionally and remotely, creates various educational materials (videos, publications, leaflets, etc.), and offers a Moodle academic literacy course.<\/p>\n\n\n\n<p>The Library uses modern library systems (<em>Alma, Primo VE<\/em>) and other platforms for source publication and registration (<em>eLABa PDB, OJS, institutional repository<\/em>), as well as the Turnitin text similarity checking tool for plagiarism prevention. The Library provides access to computers, wireless internet, smart boards, and devices and programmes for students with hearing or visual impairments. The Library offers readers various electronic services, including resource search in different databases, account login, email reminders, online book ordering and loan extensions, online help, and updates on <em>Facebook<\/em> and <em>Instagram<\/em>.<\/p>\n\n\n\n<p>The Library and Centre of Scientific Communication of Kauno kolegija Higher Education Institution cooperates with other academic libraries, participates in joint activities and projects, professional events, and more. It is a member of the <em>eLABa Consortium, the Lithuanian Research Library Consortium<\/em>, and the <em>Consortium of Libraries of Lithuanian Universities of Applied Sciences<\/em>.<\/p>\n\n\n\n<p>You can find more information&nbsp;in the&nbsp;<a href=\"https:\/\/biblioteka.kaunokolegija.lt\/wp-content\/uploads\/2025\/08\/Library-Guide-20252026.pdf\">Library Guide 2025\/2026<\/a>.<br>Also, see the&nbsp;<a href=\"https:\/\/biblioteka.kaunokolegija.lt\/wp-content\/uploads\/2024\/09\/en-KK-atmintine-2024.pdf\">Library Guide leaflet<\/a>.<\/p>\n\n\n\n<p>Video clip about library spaces and services:<\/p>\n\n\n\n<iframe src=\"https:\/\/www.youtube.com\/embed\/I4S6jNEedEg\" title=\"YouTube video player\" allow=\"accelerometer; autoplay; clipboard-write; encrypted-media; gyroscope; picture-in-picture\" allowfullscreen=\"\" width=\"560\" height=\"315\" frameborder=\"0\"><\/iframe>\n\n\n\n<p><\/p>","protected":false},"excerpt":{"rendered":"<p>The Library and Centre of Scientific Communication is a unit of the Kauno kolegija Higher Education Institution that provides professional information services and access to information resources for the institution&#8217;s studies and applied research, offering a modern learning space. Users are served in accordance with the approved rules for the use of the Kauno kolegija [&hellip;]<\/p>\n","protected":false},"author":5,"featured_media":0,"parent":8,"menu_order":0,"comment_status":"closed","ping_status":"closed","template":"","meta":{"_uag_custom_page_level_css":"","site-sidebar-layout":"default","site-content-layout":"default","ast-site-content-layout":"default","site-content-style":"default","site-sidebar-style":"default","ast-global-header-display":"","ast-banner-title-visibility":"","ast-main-header-display":"","ast-hfb-above-header-display":"","ast-hfb-below-header-display":"","ast-hfb-mobile-header-display":"","site-post-title":"","ast-breadcrumbs-content":"","ast-featured-img":"","footer-sml-layout":"","ast-disable-related-posts":"","theme-transparent-header-meta":"default","adv-header-id-meta":"","stick-header-meta":"","header-above-stick-meta":"","header-main-stick-meta":"","header-below-stick-meta":"","astra-migrate-meta-layouts":"default","ast-page-background-enabled":"default","ast-page-background-meta":{"desktop":{"background-color":"var(--ast-global-color-4)","background-image":"","background-repeat":"repeat","background-position":"center center","background-size":"auto","background-attachment":"scroll","background-type":"","background-media":"","overlay-type":"","overlay-color":"","overlay-opacity":"","overlay-gradient":""},"tablet":{"background-color":"","background-image":"","background-repeat":"repeat","background-position":"center center","background-size":"auto","background-attachment":"scroll","background-type":"","background-media":"","overlay-type":"","overlay-color":"","overlay-opacity":"","overlay-gradient":""},"mobile":{"background-color":"","background-image":"","background-repeat":"repeat","background-position":"center center","background-size":"auto","background-attachment":"scroll","background-type":"","background-media":"","overlay-type":"","overlay-color":"","overlay-opacity":"","overlay-gradient":""}},"ast-content-background-meta":{"desktop":{"background-color":"var(--ast-global-color-5)","background-image":"","background-repeat":"repeat","background-position":"center center","background-size":"auto","background-attachment":"scroll","background-type":"","background-media":"","overlay-type":"","overlay-color":"","overlay-opacity":"","overlay-gradient":""},"tablet":{"background-color":"var(--ast-global-color-5)","background-image":"","background-repeat":"repeat","background-position":"center center","background-size":"auto","background-attachment":"scroll","background-type":"","background-media":"","overlay-type":"","overlay-color":"","overlay-opacity":"","overlay-gradient":""},"mobile":{"background-color":"var(--ast-global-color-5)","background-image":"","background-repeat":"repeat","background-position":"center center","background-size":"auto","background-attachment":"scroll","background-type":"","background-media":"","overlay-type":"","overlay-color":"","overlay-opacity":"","overlay-gradient":""}},"footnotes":""},"class_list":["post-91","page","type-page","status-publish","hentry"],"yoast_head":"<!-- This site is optimized with the Yoast SEO plugin v27.2 - https:\/\/yoast.com\/product\/yoast-seo-wordpress\/ -->\n<title>About the Library<\/title>\n<meta name=\"description\" content=\"Biblioteka ir informacijos i\u0161tekli\u0173 centras \u2013 kolegijos padalinys, teikiantis profesionalias informacines paslaugas bei prieig\u0105 prie informacijos i\u0161tekli\u0173, reikaling\u0173 kolegijos studijoms ir mokslo taikomiesiems tyrimams, si\u016blantis moderni\u0105 mokymosi erdv\u0119.\" \/>\n<meta name=\"robots\" content=\"index, follow, max-snippet:-1, max-image-preview:large, max-video-preview:-1\" \/>\n<link rel=\"canonical\" href=\"https:\/\/biblioteka.kaunokolegija.lt\/apie\/apie-biblioteka\/\" \/>\n<meta property=\"og:locale\" content=\"en_US\" \/>\n<meta property=\"og:type\" content=\"article\" \/>\n<meta property=\"og:title\" content=\"[:lt]Apie bibliotek\u0105[:en]About the Library[:]\" \/>\n<meta property=\"og:description\" content=\"Biblioteka ir informacijos i\u0161tekli\u0173 centras \u2013 kolegijos padalinys, teikiantis profesionalias informacines paslaugas bei prieig\u0105 prie informacijos i\u0161tekli\u0173, reikaling\u0173 kolegijos studijoms ir mokslo taikomiesiems tyrimams, si\u016blantis moderni\u0105 mokymosi erdv\u0119.\" \/>\n<meta property=\"og:url\" content=\"https:\/\/biblioteka.kaunokolegija.lt\/apie\/apie-biblioteka\/\" \/>\n<meta property=\"og:site_name\" content=\"Kauno kolegijos biblioteka ir mokslin\u0117s komunikacijos centras\" \/>\n<meta property=\"article:publisher\" content=\"https:\/\/www.facebook.com\/Kauno.kolegija.biblioteka\" \/>\n<meta property=\"article:modified_time\" content=\"2026-01-07T09:12:35+00:00\" \/>\n<meta property=\"og:image\" content=\"https:\/\/biblioteka.kaunokolegija.lt\/wp-content\/uploads\/2020\/10\/bibliotekos-cover-fb.jpg\" \/>\n\t<meta property=\"og:image:width\" content=\"1200\" \/>\n\t<meta property=\"og:image:height\" content=\"630\" \/>\n\t<meta property=\"og:image:type\" content=\"image\/jpeg\" \/>\n<meta name=\"twitter:card\" content=\"summary_large_image\" \/>\n<meta name=\"twitter:label1\" content=\"Est. reading time\" \/>\n\t<meta name=\"twitter:data1\" content=\"9 minutes\" \/>\n<!-- \/ Yoast SEO plugin. -->","yoast_head_json":{"title":"About the Library","description":"Biblioteka ir informacijos i\u0161tekli\u0173 centras \u2013 kolegijos padalinys, teikiantis profesionalias informacines paslaugas bei prieig\u0105 prie informacijos i\u0161tekli\u0173, reikaling\u0173 kolegijos studijoms ir mokslo taikomiesiems tyrimams, si\u016blantis moderni\u0105 mokymosi erdv\u0119.","robots":{"index":"index","follow":"follow","max-snippet":"max-snippet:-1","max-image-preview":"max-image-preview:large","max-video-preview":"max-video-preview:-1"},"canonical":"https:\/\/biblioteka.kaunokolegija.lt\/apie\/apie-biblioteka\/","og_locale":"en_US","og_type":"article","og_title":"[:lt]Apie bibliotek\u0105[:en]About the Library[:]","og_description":"Biblioteka ir informacijos i\u0161tekli\u0173 centras \u2013 kolegijos padalinys, teikiantis profesionalias informacines paslaugas bei prieig\u0105 prie informacijos i\u0161tekli\u0173, reikaling\u0173 kolegijos studijoms ir mokslo taikomiesiems tyrimams, si\u016blantis moderni\u0105 mokymosi erdv\u0119.","og_url":"https:\/\/biblioteka.kaunokolegija.lt\/apie\/apie-biblioteka\/","og_site_name":"Kauno kolegijos biblioteka ir mokslin\u0117s komunikacijos centras","article_publisher":"https:\/\/www.facebook.com\/Kauno.kolegija.biblioteka","article_modified_time":"2026-01-07T09:12:35+00:00","og_image":[{"width":1200,"height":630,"url":"https:\/\/biblioteka.kaunokolegija.lt\/wp-content\/uploads\/2020\/10\/bibliotekos-cover-fb.jpg","type":"image\/jpeg"}],"twitter_card":"summary_large_image","twitter_misc":{"Est. reading time":"9 minutes"},"schema":{"@context":"https:\/\/schema.org","@graph":[{"@type":"WebPage","@id":"https:\/\/biblioteka.kaunokolegija.lt\/apie\/apie-biblioteka\/","url":"https:\/\/biblioteka.kaunokolegija.lt\/apie\/apie-biblioteka\/","name":"[:lt]Apie bibliotek\u0105[:en]About the Library[:]","isPartOf":{"@id":"https:\/\/biblioteka.kaunokolegija.lt\/#website"},"datePublished":"2015-12-28T05:51:50+00:00","dateModified":"2026-01-07T09:12:35+00:00","description":"Biblioteka ir informacijos i\u0161tekli\u0173 centras \u2013 kolegijos padalinys, teikiantis profesionalias informacines paslaugas bei prieig\u0105 prie informacijos i\u0161tekli\u0173, reikaling\u0173 kolegijos studijoms ir mokslo taikomiesiems tyrimams, si\u016blantis moderni\u0105 mokymosi erdv\u0119.","breadcrumb":{"@id":"https:\/\/biblioteka.kaunokolegija.lt\/apie\/apie-biblioteka\/#breadcrumb"},"inLanguage":"en-US","potentialAction":[{"@type":"ReadAction","target":["https:\/\/biblioteka.kaunokolegija.lt\/apie\/apie-biblioteka\/"]}]},{"@type":"BreadcrumbList","@id":"https:\/\/biblioteka.kaunokolegija.lt\/apie\/apie-biblioteka\/#breadcrumb","itemListElement":[{"@type":"ListItem","position":1,"name":"Pagrindinis","item":"https:\/\/biblioteka.kaunokolegija.lt\/"},{"@type":"ListItem","position":2,"name":"Apie","item":"https:\/\/biblioteka.kaunokolegija.lt\/apie\/"},{"@type":"ListItem","position":3,"name":"Apie bibliotek\u0105"}]},{"@type":"WebSite","@id":"https:\/\/biblioteka.kaunokolegija.lt\/#website","url":"https:\/\/biblioteka.kaunokolegija.lt\/","name":"Kauno kolegijos biblioteka ir informacijos i\u0161tekli\u0173 centras","description":"Kauno kolegijos biblioteka ir mokslin\u0117s komunikacijos centras","publisher":{"@id":"https:\/\/biblioteka.kaunokolegija.lt\/#organization"},"potentialAction":[{"@type":"SearchAction","target":{"@type":"EntryPoint","urlTemplate":"https:\/\/biblioteka.kaunokolegija.lt\/?s={search_term_string}"},"query-input":{"@type":"PropertyValueSpecification","valueRequired":true,"valueName":"search_term_string"}}],"inLanguage":"en-US"},{"@type":"Organization","@id":"https:\/\/biblioteka.kaunokolegija.lt\/#organization","name":"Kauno kolegijos biblioteka ir informacijos i\u0161tekli\u0173 centras","url":"https:\/\/biblioteka.kaunokolegija.lt\/","logo":{"@type":"ImageObject","inLanguage":"en-US","@id":"https:\/\/biblioteka.kaunokolegija.lt\/#\/schema\/logo\/image\/","url":"https:\/\/biblioteka.kaunokolegija.lt\/wp-content\/uploads\/2020\/10\/bibliotekos-cover-fb.jpg","contentUrl":"https:\/\/biblioteka.kaunokolegija.lt\/wp-content\/uploads\/2020\/10\/bibliotekos-cover-fb.jpg","width":1200,"height":630,"caption":"Kauno kolegijos biblioteka ir informacijos i\u0161tekli\u0173 centras"},"image":{"@id":"https:\/\/biblioteka.kaunokolegija.lt\/#\/schema\/logo\/image\/"},"sameAs":["https:\/\/www.facebook.com\/Kauno.kolegija.biblioteka"]}]}},"uagb_featured_image_src":{"full":false,"thumbnail":false,"medium":false,"medium_large":false,"large":false,"gs-tiny":false,"xl":false,"xxl":false,"xxxl":false,"xxxxl":false,"xxxxxl":false,"1536x1536":false,"2048x2048":false,"ultp_layout_landscape_large":false,"ultp_layout_landscape":false,"ultp_layout_portrait":false,"ultp_layout_square":false,"menu-24x24":false,"menu-36x36":false,"menu-48x48":false},"uagb_author_info":{"display_name":"BIBLIOTEKA","author_link":"https:\/\/biblioteka.kaunokolegija.lt\/en\/author\/vaiva\/"},"uagb_comment_info":0,"uagb_excerpt":"The Library and Centre of Scientific Communication is a unit of the Kauno kolegija Higher Education Institution that provides professional information services and access to information resources for the institution&#8217;s studies and applied research, offering a modern learning space. Users are served in accordance with the approved rules for the use of the Kauno kolegija&hellip;","_links":{"self":[{"href":"https:\/\/biblioteka.kaunokolegija.lt\/en\/wp-json\/wp\/v2\/pages\/91","targetHints":{"allow":["GET"]}}],"collection":[{"href":"https:\/\/biblioteka.kaunokolegija.lt\/en\/wp-json\/wp\/v2\/pages"}],"about":[{"href":"https:\/\/biblioteka.kaunokolegija.lt\/en\/wp-json\/wp\/v2\/types\/page"}],"author":[{"embeddable":true,"href":"https:\/\/biblioteka.kaunokolegija.lt\/en\/wp-json\/wp\/v2\/users\/5"}],"replies":[{"embeddable":true,"href":"https:\/\/biblioteka.kaunokolegija.lt\/en\/wp-json\/wp\/v2\/comments?post=91"}],"version-history":[{"count":113,"href":"https:\/\/biblioteka.kaunokolegija.lt\/en\/wp-json\/wp\/v2\/pages\/91\/revisions"}],"predecessor-version":[{"id":16959,"href":"https:\/\/biblioteka.kaunokolegija.lt\/en\/wp-json\/wp\/v2\/pages\/91\/revisions\/16959"}],"up":[{"embeddable":true,"href":"https:\/\/biblioteka.kaunokolegija.lt\/en\/wp-json\/wp\/v2\/pages\/8"}],"wp:attachment":[{"href":"https:\/\/biblioteka.kaunokolegija.lt\/en\/wp-json\/wp\/v2\/media?parent=91"}],"curies":[{"name":"wp","href":"https:\/\/api.w.org\/{rel}","templated":true}]}}