{"id":7261,"date":"2026-03-13T13:04:30","date_gmt":"2026-03-13T11:04:30","guid":{"rendered":"https:\/\/biblioteka.kaunokolegija.lt\/?page_id=7261"},"modified":"2026-03-13T13:09:09","modified_gmt":"2026-03-13T11:09:09","slug":"knygu-sarasas-uz-pamestas-knygas","status":"publish","type":"page","link":"https:\/\/biblioteka.kaunokolegija.lt\/en\/knygu-sarasas-uz-pamestas-knygas\/","title":{"rendered":"Books List for Lost Books"},"content":{"rendered":"<p><\/p>\n\n\n\n<ol class=\"wp-block-list\">\n<li>Adomaitien\u0117, J., &amp; Zubrickien\u0117, I. (2020). <em>Veiklos tyrimai, j\u0173 taikymo teorija ir praktika. Studij\u0173 knyga.<\/em> Klaip\u0117da: KU leidykla.<\/li>\n\n\n\n<li>Andri\u016bnien\u0117, \u017d., Jomantien\u0117, I., &amp; Kri\u0161topaitien\u0117, D. (2015). <em>Mada: nuo pirmyk\u0161\u010di\u0173 laik\u0173 iki \u0161i\u0173 dien\u0173.<\/em> Alma Littera.<\/li>\n\n\n\n<li>Banelien\u0117, R., Strazdas, R., Dzikevi\u010dius, A., Maceika, A., Paulien\u0117, R., &amp; Tolo\u010dka, E. (2020). <em>Pramon\u0117s \u012fmoni\u0173 valdymas: inovacijomis ir lyderyste grind\u017eiamas prid\u0117tin\u0117s vert\u0117s k\u016brimas.<\/em><\/li>\n\n\n\n<li>Danilevi\u010dien\u0117, I. (2021). <em>Valdymo apskaita: vadov\u0117lis.<\/em> VGTU leidykla.<\/li>\n\n\n\n<li>Follett, K., &amp; Luk\u0161ien\u0117, A. (2013). <em>\u017dem\u0117s stulpai: istorinis romanas.<\/em> Lietuvos ra\u0161ytoj\u0173 s\u0105jungos leidykla.<\/li>\n\n\n\n<li>Hagner, V. (2015). <em>Menschen im Beruf-Pflege: Deutsch als Fremdsprache.<\/em> M\u00fcnchen: Hueber.<\/li>\n\n\n\n<li><em>Ikistacionarin\u0117s pagalbos teikimo principai traum\u0105 patyrusiam pacientui.<\/em> (2007). Vilnius: KZC.<\/li>\n\n\n\n<li>Kad\u016bnas, K., Ged\u017ei\u016bnas, P., &amp; P\u016btys, P. (2018). <em>Lietuvos po\u017eeminis vanduo = Groundwater of Lithuania: hidrogeologijos atlasas.<\/em> VU leidykla.<\/li>\n\n\n\n<li>Kalnozols, A. (2022). <em>Mane vadina Kalendoriumi.<\/em> Odil\u0117.<\/li>\n\n\n\n<li>Kardelis, K. (2017). <em>Mokslini\u0173 tyrim\u0173 metodologija ir metodai: edukologija ir kiti socialiniai mokslai: vadov\u0117lis. <\/em>Vilnius: Mokslo ir enciklopedij\u0173 leidybos centras.<\/li>\n\n\n\n<li>Kivirahk, A. (2020). <em>\u017dmogus, mok\u0117j\u0119s gyva\u010di\u0173 kalb\u0105. <\/em>Aukso \u017euvys.<\/li>\n\n\n\n<li>Lietuvos nacionalin\u0117 Martyno Ma\u017evydo biblioteka. (2016). <em>Skaitykime savo vaikams: vadovas t\u0117vams, turintiems vaik\u0173 iki 6 met\u0173.<\/em> Vilnius, LNB.<\/li>\n\n\n\n<li>Mackevi\u010dius, J., Giri\u016bnas, L., &amp; Valkauskas, R. (2014). <em>Finansin\u0117 analiz\u0117: vadov\u0117lis.<\/em> VU leidykla.<\/li>\n\n\n\n<li>Ma\u017eernis, M. (2018). <em>Objektinis programavimas: teorija, Java, JavaFX: k\u0105 \u017eino patyr\u0119 programuotojai ir kas m\u0117g\u0117jams n\u0117ra ai\u0161ku!<\/em> Lulu.<\/li>\n\n\n\n<li>Melnikas, B., Okunevi\u010di\u016bt\u0117-Neverauskien\u0117, L., Andriu\u0161aitien\u0117, D., Jurevi\u010dien\u0117, D., Skvarciany, V., Gudelyt\u0117, L., &amp; Kvedarien\u0117, A. (2020). <em>Ekonomikos augimas: globalizacija, socialiniai i\u0161\u0161\u016bkiai, dinami\u0161koji vadyba i\u0161\u0161\u016bkiai, dinami\u0161koji vadyba: kolektyvin\u0117 monografija.<\/em> VGTU leidykla.<\/li>\n\n\n\n<li>Milda\u017eyt\u0117, E. (2025). <em>Pelyn\u0173 medus: mano istorija<\/em>. Vilnius: Makas.<\/li>\n\n\n\n<li>Perec, G. (2023). <em>Gyvenimas vartojimo instrukcija.<\/em> Vilnius: Lapas.<\/li>\n\n\n\n<li>Petrauskas, R. (2022). <em>Poltava. <\/em>Vilnius: Prot\u0173 kovos.<\/li>\n\n\n\n<li>Puckette, M., &amp; Hammack, J. (2016). <em>Vynas lengvai: iliustruotas \u017einynas.<\/em> Vilnius: Vaga.<\/li>\n\n\n\n<li>Raud, R. (2025). <em>Tobulo sakinio mirtis: romanas.<\/em> Apostrofa.<\/li>\n\n\n\n<li>Sch\u00fcmann, A. (2020). <em>Menschen im Beruf Tourismus A1: Deutsch als Fremdsprache. <\/em>M\u00fcnchen: HV.<\/li>\n\n\n\n<li>Tranavi\u010di\u016bt\u0117, B. (2023). <em>Deficito visuomen\u0117.<\/em> Vilnius: Kolibris.<\/li>\n\n\n\n<li>Urbien\u0117, S. A. (2009). <em>Sviesto gamybos technologija: mokomoji knyga.<\/em> ASU leidykla.<\/li>\n\n\n\n<li>Vveinhardt, J. (2016). <em>Vie\u0161bu\u010dio personalo valdymo veiklos: studij\u0173 knyga.<\/em> LSU leidykla.<\/li>\n\n\n\n<li>Zabuzhko, O. C. (2023). <em>U\u017emir\u0161t\u0173 \u201esekret\u0173\u201c muziejus: romanas.<\/em> Alma Littera.<\/li>\n<\/ol>\n\n\n\n<p><strong><span style=\"color:#585858\" class=\"has-inline-color\">2026 03 13<\/span><\/strong><\/p>\n\n\n\n<p><\/p>","protected":false},"excerpt":{"rendered":"<p>2026 03 13<\/p>\n","protected":false},"author":5,"featured_media":0,"parent":0,"menu_order":0,"comment_status":"closed","ping_status":"closed","template":"","meta":{"_uag_custom_page_level_css":"","site-sidebar-layout":"default","site-content-layout":"default","ast-site-content-layout":"default","site-content-style":"default","site-sidebar-style":"default","ast-global-header-display":"","ast-banner-title-visibility":"","ast-main-header-display":"","ast-hfb-above-header-display":"","ast-hfb-below-header-display":"","ast-hfb-mobile-header-display":"","site-post-title":"","ast-breadcrumbs-content":"","ast-featured-img":"","footer-sml-layout":"","ast-disable-related-posts":"","theme-transparent-header-meta":"default","adv-header-id-meta":"","stick-header-meta":"","header-above-stick-meta":"","header-main-stick-meta":"","header-below-stick-meta":"","astra-migrate-meta-layouts":"set","ast-page-background-enabled":"default","ast-page-background-meta":{"desktop":{"background-color":"var(--ast-global-color-4)","background-image":"","background-repeat":"repeat","background-position":"center center","background-size":"auto","background-attachment":"scroll","background-type":"","background-media":"","overlay-type":"","overlay-color":"","overlay-opacity":"","overlay-gradient":""},"tablet":{"background-color":"","background-image":"","background-repeat":"repeat","background-position":"center center","background-size":"auto","background-attachment":"scroll","background-type":"","background-media":"","overlay-type":"","overlay-color":"","overlay-opacity":"","overlay-gradient":""},"mobile":{"background-color":"","background-image":"","background-repeat":"repeat","background-position":"center center","background-size":"auto","background-attachment":"scroll","background-type":"","background-media":"","overlay-type":"","overlay-color":"","overlay-opacity":"","overlay-gradient":""}},"ast-content-background-meta":{"desktop":{"background-color":"var(--ast-global-color-5)","background-image":"","background-repeat":"repeat","background-position":"center center","background-size":"auto","background-attachment":"scroll","background-type":"","background-media":"","overlay-type":"","overlay-color":"","overlay-opacity":"","overlay-gradient":""},"tablet":{"background-color":"var(--ast-global-color-5)","background-image":"","background-repeat":"repeat","background-position":"center center","background-size":"auto","background-attachment":"scroll","background-type":"","background-media":"","overlay-type":"","overlay-color":"","overlay-opacity":"","overlay-gradient":""},"mobile":{"background-color":"var(--ast-global-color-5)","background-image":"","background-repeat":"repeat","background-position":"center center","background-size":"auto","background-attachment":"scroll","background-type":"","background-media":"","overlay-type":"","overlay-color":"","overlay-opacity":"","overlay-gradient":""}},"footnotes":""},"class_list":["post-7261","page","type-page","status-publish","hentry"],"yoast_head":"<!-- This site is optimized with the Yoast SEO plugin v27.2 - https:\/\/yoast.com\/product\/yoast-seo-wordpress\/ -->\n<title>Books List for Lost Books - Kauno kolegijos biblioteka ir mokslin\u0117s komunikacijos centras<\/title>\n<meta name=\"robots\" content=\"index, follow, max-snippet:-1, max-image-preview:large, max-video-preview:-1\" \/>\n<link rel=\"canonical\" href=\"https:\/\/biblioteka.kaunokolegija.lt\/knygu-sarasas-uz-pamestas-knygas\/\" \/>\n<meta property=\"og:locale\" content=\"en_US\" \/>\n<meta property=\"og:type\" content=\"article\" \/>\n<meta property=\"og:title\" content=\"Books List for Lost Books - Kauno kolegijos biblioteka ir mokslin\u0117s komunikacijos centras\" \/>\n<meta property=\"og:description\" content=\"2026 03 13\" \/>\n<meta property=\"og:url\" content=\"https:\/\/biblioteka.kaunokolegija.lt\/knygu-sarasas-uz-pamestas-knygas\/\" \/>\n<meta property=\"og:site_name\" content=\"Kauno kolegijos biblioteka ir mokslin\u0117s komunikacijos centras\" \/>\n<meta property=\"article:publisher\" content=\"https:\/\/www.facebook.com\/Kauno.kolegija.biblioteka\" \/>\n<meta property=\"article:modified_time\" content=\"2026-03-13T11:09:09+00:00\" \/>\n<meta property=\"og:image\" content=\"https:\/\/biblioteka.kaunokolegija.lt\/wp-content\/uploads\/2020\/10\/bibliotekos-cover-fb.jpg\" \/>\n\t<meta property=\"og:image:width\" content=\"1200\" \/>\n\t<meta property=\"og:image:height\" content=\"630\" \/>\n\t<meta property=\"og:image:type\" content=\"image\/jpeg\" \/>\n<meta name=\"twitter:card\" content=\"summary_large_image\" \/>\n<meta name=\"twitter:label1\" content=\"Est. reading time\" \/>\n\t<meta name=\"twitter:data1\" content=\"4 minutes\" \/>\n<!-- \/ Yoast SEO plugin. -->","yoast_head_json":{"title":"Books List for Lost Books - Kauno kolegijos biblioteka ir mokslin\u0117s komunikacijos centras","robots":{"index":"index","follow":"follow","max-snippet":"max-snippet:-1","max-image-preview":"max-image-preview:large","max-video-preview":"max-video-preview:-1"},"canonical":"https:\/\/biblioteka.kaunokolegija.lt\/knygu-sarasas-uz-pamestas-knygas\/","og_locale":"en_US","og_type":"article","og_title":"Books List for Lost Books - Kauno kolegijos biblioteka ir mokslin\u0117s komunikacijos centras","og_description":"2026 03 13","og_url":"https:\/\/biblioteka.kaunokolegija.lt\/knygu-sarasas-uz-pamestas-knygas\/","og_site_name":"Kauno kolegijos biblioteka ir mokslin\u0117s komunikacijos centras","article_publisher":"https:\/\/www.facebook.com\/Kauno.kolegija.biblioteka","article_modified_time":"2026-03-13T11:09:09+00:00","og_image":[{"width":1200,"height":630,"url":"https:\/\/biblioteka.kaunokolegija.lt\/wp-content\/uploads\/2020\/10\/bibliotekos-cover-fb.jpg","type":"image\/jpeg"}],"twitter_card":"summary_large_image","twitter_misc":{"Est. reading time":"4 minutes"},"schema":{"@context":"https:\/\/schema.org","@graph":[{"@type":"WebPage","@id":"https:\/\/biblioteka.kaunokolegija.lt\/knygu-sarasas-uz-pamestas-knygas\/","url":"https:\/\/biblioteka.kaunokolegija.lt\/knygu-sarasas-uz-pamestas-knygas\/","name":"Books List for Lost Books - Kauno kolegijos biblioteka ir mokslin\u0117s komunikacijos centras","isPartOf":{"@id":"https:\/\/biblioteka.kaunokolegija.lt\/#website"},"datePublished":"2026-03-13T11:04:30+00:00","dateModified":"2026-03-13T11:09:09+00:00","breadcrumb":{"@id":"https:\/\/biblioteka.kaunokolegija.lt\/knygu-sarasas-uz-pamestas-knygas\/#breadcrumb"},"inLanguage":"en-US","potentialAction":[{"@type":"ReadAction","target":["https:\/\/biblioteka.kaunokolegija.lt\/knygu-sarasas-uz-pamestas-knygas\/"]}]},{"@type":"BreadcrumbList","@id":"https:\/\/biblioteka.kaunokolegija.lt\/knygu-sarasas-uz-pamestas-knygas\/#breadcrumb","itemListElement":[{"@type":"ListItem","position":1,"name":"Pagrindinis","item":"https:\/\/biblioteka.kaunokolegija.lt\/"},{"@type":"ListItem","position":2,"name":"Knyg\u0173 s\u0105ra\u0161as u\u017e pamestas knygas"}]},{"@type":"WebSite","@id":"https:\/\/biblioteka.kaunokolegija.lt\/#website","url":"https:\/\/biblioteka.kaunokolegija.lt\/","name":"Kauno kolegijos biblioteka ir informacijos i\u0161tekli\u0173 centras","description":"Kauno kolegijos biblioteka ir mokslin\u0117s komunikacijos centras","publisher":{"@id":"https:\/\/biblioteka.kaunokolegija.lt\/#organization"},"potentialAction":[{"@type":"SearchAction","target":{"@type":"EntryPoint","urlTemplate":"https:\/\/biblioteka.kaunokolegija.lt\/?s={search_term_string}"},"query-input":{"@type":"PropertyValueSpecification","valueRequired":true,"valueName":"search_term_string"}}],"inLanguage":"en-US"},{"@type":"Organization","@id":"https:\/\/biblioteka.kaunokolegija.lt\/#organization","name":"Kauno kolegijos biblioteka ir informacijos i\u0161tekli\u0173 centras","url":"https:\/\/biblioteka.kaunokolegija.lt\/","logo":{"@type":"ImageObject","inLanguage":"en-US","@id":"https:\/\/biblioteka.kaunokolegija.lt\/#\/schema\/logo\/image\/","url":"https:\/\/biblioteka.kaunokolegija.lt\/wp-content\/uploads\/2020\/10\/bibliotekos-cover-fb.jpg","contentUrl":"https:\/\/biblioteka.kaunokolegija.lt\/wp-content\/uploads\/2020\/10\/bibliotekos-cover-fb.jpg","width":1200,"height":630,"caption":"Kauno kolegijos biblioteka ir informacijos i\u0161tekli\u0173 centras"},"image":{"@id":"https:\/\/biblioteka.kaunokolegija.lt\/#\/schema\/logo\/image\/"},"sameAs":["https:\/\/www.facebook.com\/Kauno.kolegija.biblioteka"]}]}},"uagb_featured_image_src":{"full":false,"thumbnail":false,"medium":false,"medium_large":false,"large":false,"gs-tiny":false,"xl":false,"xxl":false,"xxxl":false,"xxxxl":false,"xxxxxl":false,"1536x1536":false,"2048x2048":false,"ultp_layout_landscape_large":false,"ultp_layout_landscape":false,"ultp_layout_portrait":false,"ultp_layout_square":false,"menu-24x24":false,"menu-36x36":false,"menu-48x48":false},"uagb_author_info":{"display_name":"BIBLIOTEKA","author_link":"https:\/\/biblioteka.kaunokolegija.lt\/en\/author\/vaiva\/"},"uagb_comment_info":0,"uagb_excerpt":"2026 03 13","_links":{"self":[{"href":"https:\/\/biblioteka.kaunokolegija.lt\/en\/wp-json\/wp\/v2\/pages\/7261","targetHints":{"allow":["GET"]}}],"collection":[{"href":"https:\/\/biblioteka.kaunokolegija.lt\/en\/wp-json\/wp\/v2\/pages"}],"about":[{"href":"https:\/\/biblioteka.kaunokolegija.lt\/en\/wp-json\/wp\/v2\/types\/page"}],"author":[{"embeddable":true,"href":"https:\/\/biblioteka.kaunokolegija.lt\/en\/wp-json\/wp\/v2\/users\/5"}],"replies":[{"embeddable":true,"href":"https:\/\/biblioteka.kaunokolegija.lt\/en\/wp-json\/wp\/v2\/comments?post=7261"}],"version-history":[{"count":18,"href":"https:\/\/biblioteka.kaunokolegija.lt\/en\/wp-json\/wp\/v2\/pages\/7261\/revisions"}],"predecessor-version":[{"id":18876,"href":"https:\/\/biblioteka.kaunokolegija.lt\/en\/wp-json\/wp\/v2\/pages\/7261\/revisions\/18876"}],"wp:attachment":[{"href":"https:\/\/biblioteka.kaunokolegija.lt\/en\/wp-json\/wp\/v2\/media?parent=7261"}],"curies":[{"name":"wp","href":"https:\/\/api.w.org\/{rel}","templated":true}]}}