{"id":7021,"date":"2021-11-25T21:38:48","date_gmt":"2021-11-25T19:38:48","guid":{"rendered":"https:\/\/biblioteka.kaunokolegija.lt\/?page_id=7021"},"modified":"2026-02-12T13:43:26","modified_gmt":"2026-02-12T11:43:26","slug":"paslaugos-individualiuju-poreikiu-turintiems-asmenims","status":"publish","type":"page","link":"https:\/\/biblioteka.kaunokolegija.lt\/en\/paslaugos-individualiuju-poreikiu-turintiems-asmenims\/","title":{"rendered":"Services for students with special needs"},"content":{"rendered":"<p><\/p>\n\n\n\n<p><strong><em>Visually impaired students<\/em>&nbsp;<\/strong>can use special equipment:<\/p>\n\n\n\n<ul class=\"wp-block-list\">\n<li>Handheld media player Victor Reader Stream,<\/li>\n\n\n\n<li>SARA CE\u00a0<em>(Scanning and Reading Appliance, Camera Edition)<\/em>,<\/li>\n\n\n\n<li>Video Magnifier Freedom Scientific.<\/li>\n<\/ul>\n\n\n\n<p><em><strong>Hearing-impaired students<\/strong>&nbsp;can use digital encoded FM internal communication system Bellman Audio Domino, which helps to understand speech in complicated hearing situations (lectures, seminars, watching videos, etc.). The system can be used with hearing aids.<\/em><\/p>\n\n\n\n<p><em>The equipment was acquired while implementing the National Higher Education Fund project \u201cEnsuring study access for students with special needs,\u201d No. ESFA3-32 under the European Social Fund.<\/em><\/p>\n\n\n\n<iframe src=\"https:\/\/www.youtube.com\/embed\/bVPjdNxtvFc\" title=\"YouTube video player\" allow=\"accelerometer; autoplay; clipboard-write; encrypted-media; gyroscope; picture-in-picture\" allowfullscreen=\"\" width=\"560\" height=\"315\" frameborder=\"0\"><\/iframe>\n\n\n\n<p><\/p>","protected":false},"excerpt":{"rendered":"<p>Visually impaired students&nbsp;can use special equipment: Hearing-impaired students&nbsp;can use digital encoded FM internal communication system Bellman Audio Domino, which helps to understand speech in complicated hearing situations (lectures, seminars, watching videos, etc.). The system can be used with hearing aids. The equipment was acquired while implementing the National Higher Education Fund project \u201cEnsuring study access [&hellip;]<\/p>\n","protected":false},"author":2,"featured_media":0,"parent":0,"menu_order":0,"comment_status":"closed","ping_status":"closed","template":"","meta":{"_uag_custom_page_level_css":"","site-sidebar-layout":"default","site-content-layout":"default","ast-site-content-layout":"default","site-content-style":"default","site-sidebar-style":"default","ast-global-header-display":"","ast-banner-title-visibility":"","ast-main-header-display":"","ast-hfb-above-header-display":"","ast-hfb-below-header-display":"","ast-hfb-mobile-header-display":"","site-post-title":"","ast-breadcrumbs-content":"","ast-featured-img":"","footer-sml-layout":"","ast-disable-related-posts":"","theme-transparent-header-meta":"default","adv-header-id-meta":"","stick-header-meta":"","header-above-stick-meta":"","header-main-stick-meta":"","header-below-stick-meta":"","astra-migrate-meta-layouts":"default","ast-page-background-enabled":"default","ast-page-background-meta":{"desktop":{"background-color":"var(--ast-global-color-4)","background-image":"","background-repeat":"repeat","background-position":"center center","background-size":"auto","background-attachment":"scroll","background-type":"","background-media":"","overlay-type":"","overlay-color":"","overlay-opacity":"","overlay-gradient":""},"tablet":{"background-color":"","background-image":"","background-repeat":"repeat","background-position":"center center","background-size":"auto","background-attachment":"scroll","background-type":"","background-media":"","overlay-type":"","overlay-color":"","overlay-opacity":"","overlay-gradient":""},"mobile":{"background-color":"","background-image":"","background-repeat":"repeat","background-position":"center center","background-size":"auto","background-attachment":"scroll","background-type":"","background-media":"","overlay-type":"","overlay-color":"","overlay-opacity":"","overlay-gradient":""}},"ast-content-background-meta":{"desktop":{"background-color":"var(--ast-global-color-5)","background-image":"","background-repeat":"repeat","background-position":"center center","background-size":"auto","background-attachment":"scroll","background-type":"","background-media":"","overlay-type":"","overlay-color":"","overlay-opacity":"","overlay-gradient":""},"tablet":{"background-color":"var(--ast-global-color-5)","background-image":"","background-repeat":"repeat","background-position":"center center","background-size":"auto","background-attachment":"scroll","background-type":"","background-media":"","overlay-type":"","overlay-color":"","overlay-opacity":"","overlay-gradient":""},"mobile":{"background-color":"var(--ast-global-color-5)","background-image":"","background-repeat":"repeat","background-position":"center center","background-size":"auto","background-attachment":"scroll","background-type":"","background-media":"","overlay-type":"","overlay-color":"","overlay-opacity":"","overlay-gradient":""}},"footnotes":""},"class_list":["post-7021","page","type-page","status-publish","hentry"],"yoast_head":"<!-- This site is optimized with the Yoast SEO plugin v27.2 - https:\/\/yoast.com\/product\/yoast-seo-wordpress\/ -->\n<title>Services for students with special needs - Kauno kolegijos biblioteka ir mokslin\u0117s komunikacijos centras<\/title>\n<meta name=\"robots\" content=\"index, follow, max-snippet:-1, max-image-preview:large, max-video-preview:-1\" \/>\n<link rel=\"canonical\" href=\"https:\/\/biblioteka.kaunokolegija.lt\/paslaugos-individualiuju-poreikiu-turintiems-asmenims\/\" \/>\n<meta property=\"og:locale\" content=\"en_US\" \/>\n<meta property=\"og:type\" content=\"article\" \/>\n<meta property=\"og:title\" content=\"Services for students with special needs - Kauno kolegijos biblioteka ir mokslin\u0117s komunikacijos centras\" \/>\n<meta property=\"og:description\" content=\"Visually impaired students&nbsp;can use special equipment: Hearing-impaired students&nbsp;can use digital encoded FM internal communication system Bellman Audio Domino, which helps to understand speech in complicated hearing situations (lectures, seminars, watching videos, etc.). The system can be used with hearing aids. The equipment was acquired while implementing the National Higher Education Fund project \u201cEnsuring study access [&hellip;]\" \/>\n<meta property=\"og:url\" content=\"https:\/\/biblioteka.kaunokolegija.lt\/paslaugos-individualiuju-poreikiu-turintiems-asmenims\/\" \/>\n<meta property=\"og:site_name\" content=\"Kauno kolegijos biblioteka ir mokslin\u0117s komunikacijos centras\" \/>\n<meta property=\"article:publisher\" content=\"https:\/\/www.facebook.com\/Kauno.kolegija.biblioteka\" \/>\n<meta property=\"article:modified_time\" content=\"2026-02-12T11:43:26+00:00\" \/>\n<meta property=\"og:image\" content=\"https:\/\/biblioteka.kaunokolegija.lt\/wp-content\/uploads\/2020\/10\/bibliotekos-cover-fb.jpg\" \/>\n\t<meta property=\"og:image:width\" content=\"1200\" \/>\n\t<meta property=\"og:image:height\" content=\"630\" \/>\n\t<meta property=\"og:image:type\" content=\"image\/jpeg\" \/>\n<meta name=\"twitter:card\" content=\"summary_large_image\" \/>\n<meta name=\"twitter:label1\" content=\"Est. reading time\" \/>\n\t<meta name=\"twitter:data1\" content=\"3 minutes\" \/>\n<!-- \/ Yoast SEO plugin. -->","yoast_head_json":{"title":"Services for students with special needs - Kauno kolegijos biblioteka ir mokslin\u0117s komunikacijos centras","robots":{"index":"index","follow":"follow","max-snippet":"max-snippet:-1","max-image-preview":"max-image-preview:large","max-video-preview":"max-video-preview:-1"},"canonical":"https:\/\/biblioteka.kaunokolegija.lt\/paslaugos-individualiuju-poreikiu-turintiems-asmenims\/","og_locale":"en_US","og_type":"article","og_title":"Services for students with special needs - Kauno kolegijos biblioteka ir mokslin\u0117s komunikacijos centras","og_description":"Visually impaired students&nbsp;can use special equipment: Hearing-impaired students&nbsp;can use digital encoded FM internal communication system Bellman Audio Domino, which helps to understand speech in complicated hearing situations (lectures, seminars, watching videos, etc.). The system can be used with hearing aids. The equipment was acquired while implementing the National Higher Education Fund project \u201cEnsuring study access [&hellip;]","og_url":"https:\/\/biblioteka.kaunokolegija.lt\/paslaugos-individualiuju-poreikiu-turintiems-asmenims\/","og_site_name":"Kauno kolegijos biblioteka ir mokslin\u0117s komunikacijos centras","article_publisher":"https:\/\/www.facebook.com\/Kauno.kolegija.biblioteka","article_modified_time":"2026-02-12T11:43:26+00:00","og_image":[{"width":1200,"height":630,"url":"https:\/\/biblioteka.kaunokolegija.lt\/wp-content\/uploads\/2020\/10\/bibliotekos-cover-fb.jpg","type":"image\/jpeg"}],"twitter_card":"summary_large_image","twitter_misc":{"Est. reading time":"3 minutes"},"schema":{"@context":"https:\/\/schema.org","@graph":[{"@type":"WebPage","@id":"https:\/\/biblioteka.kaunokolegija.lt\/paslaugos-individualiuju-poreikiu-turintiems-asmenims\/","url":"https:\/\/biblioteka.kaunokolegija.lt\/paslaugos-individualiuju-poreikiu-turintiems-asmenims\/","name":"Services for students with special needs - Kauno kolegijos biblioteka ir mokslin\u0117s komunikacijos centras","isPartOf":{"@id":"https:\/\/biblioteka.kaunokolegija.lt\/#website"},"datePublished":"2021-11-25T19:38:48+00:00","dateModified":"2026-02-12T11:43:26+00:00","breadcrumb":{"@id":"https:\/\/biblioteka.kaunokolegija.lt\/paslaugos-individualiuju-poreikiu-turintiems-asmenims\/#breadcrumb"},"inLanguage":"en-US","potentialAction":[{"@type":"ReadAction","target":["https:\/\/biblioteka.kaunokolegija.lt\/paslaugos-individualiuju-poreikiu-turintiems-asmenims\/"]}]},{"@type":"BreadcrumbList","@id":"https:\/\/biblioteka.kaunokolegija.lt\/paslaugos-individualiuju-poreikiu-turintiems-asmenims\/#breadcrumb","itemListElement":[{"@type":"ListItem","position":1,"name":"Pagrindinis","item":"https:\/\/biblioteka.kaunokolegija.lt\/"},{"@type":"ListItem","position":2,"name":"Paslaugos individuali\u0173j\u0173 poreiki\u0173 turintiems asmenims"}]},{"@type":"WebSite","@id":"https:\/\/biblioteka.kaunokolegija.lt\/#website","url":"https:\/\/biblioteka.kaunokolegija.lt\/","name":"Kauno kolegijos biblioteka ir informacijos i\u0161tekli\u0173 centras","description":"Kauno kolegijos biblioteka ir mokslin\u0117s komunikacijos centras","publisher":{"@id":"https:\/\/biblioteka.kaunokolegija.lt\/#organization"},"potentialAction":[{"@type":"SearchAction","target":{"@type":"EntryPoint","urlTemplate":"https:\/\/biblioteka.kaunokolegija.lt\/?s={search_term_string}"},"query-input":{"@type":"PropertyValueSpecification","valueRequired":true,"valueName":"search_term_string"}}],"inLanguage":"en-US"},{"@type":"Organization","@id":"https:\/\/biblioteka.kaunokolegija.lt\/#organization","name":"Kauno kolegijos biblioteka ir informacijos i\u0161tekli\u0173 centras","url":"https:\/\/biblioteka.kaunokolegija.lt\/","logo":{"@type":"ImageObject","inLanguage":"en-US","@id":"https:\/\/biblioteka.kaunokolegija.lt\/#\/schema\/logo\/image\/","url":"https:\/\/biblioteka.kaunokolegija.lt\/wp-content\/uploads\/2020\/10\/bibliotekos-cover-fb.jpg","contentUrl":"https:\/\/biblioteka.kaunokolegija.lt\/wp-content\/uploads\/2020\/10\/bibliotekos-cover-fb.jpg","width":1200,"height":630,"caption":"Kauno kolegijos biblioteka ir informacijos i\u0161tekli\u0173 centras"},"image":{"@id":"https:\/\/biblioteka.kaunokolegija.lt\/#\/schema\/logo\/image\/"},"sameAs":["https:\/\/www.facebook.com\/Kauno.kolegija.biblioteka"]}]}},"uagb_featured_image_src":{"full":false,"thumbnail":false,"medium":false,"medium_large":false,"large":false,"gs-tiny":false,"xl":false,"xxl":false,"xxxl":false,"xxxxl":false,"xxxxxl":false,"1536x1536":false,"2048x2048":false,"ultp_layout_landscape_large":false,"ultp_layout_landscape":false,"ultp_layout_portrait":false,"ultp_layout_square":false,"menu-24x24":false,"menu-36x36":false,"menu-48x48":false},"uagb_author_info":{"display_name":"Lina \u0160arlauskien\u0117","author_link":"https:\/\/biblioteka.kaunokolegija.lt\/en\/author\/lina\/"},"uagb_comment_info":0,"uagb_excerpt":"Visually impaired students&nbsp;can use special equipment: Hearing-impaired students&nbsp;can use digital encoded FM internal communication system Bellman Audio Domino, which helps to understand speech in complicated hearing situations (lectures, seminars, watching videos, etc.). The system can be used with hearing aids. The equipment was acquired while implementing the National Higher Education Fund project \u201cEnsuring study access&hellip;","_links":{"self":[{"href":"https:\/\/biblioteka.kaunokolegija.lt\/en\/wp-json\/wp\/v2\/pages\/7021","targetHints":{"allow":["GET"]}}],"collection":[{"href":"https:\/\/biblioteka.kaunokolegija.lt\/en\/wp-json\/wp\/v2\/pages"}],"about":[{"href":"https:\/\/biblioteka.kaunokolegija.lt\/en\/wp-json\/wp\/v2\/types\/page"}],"author":[{"embeddable":true,"href":"https:\/\/biblioteka.kaunokolegija.lt\/en\/wp-json\/wp\/v2\/users\/2"}],"replies":[{"embeddable":true,"href":"https:\/\/biblioteka.kaunokolegija.lt\/en\/wp-json\/wp\/v2\/comments?post=7021"}],"version-history":[{"count":9,"href":"https:\/\/biblioteka.kaunokolegija.lt\/en\/wp-json\/wp\/v2\/pages\/7021\/revisions"}],"predecessor-version":[{"id":17887,"href":"https:\/\/biblioteka.kaunokolegija.lt\/en\/wp-json\/wp\/v2\/pages\/7021\/revisions\/17887"}],"wp:attachment":[{"href":"https:\/\/biblioteka.kaunokolegija.lt\/en\/wp-json\/wp\/v2\/media?parent=7021"}],"curies":[{"name":"wp","href":"https:\/\/api.w.org\/{rel}","templated":true}]}}