{"id":6,"date":"2019-06-11T06:13:37","date_gmt":"2019-06-11T06:13:37","guid":{"rendered":"http:\/\/bibliotekatest.kaunokolegija.lt\/home\/"},"modified":"2023-03-13T23:28:04","modified_gmt":"2023-03-13T21:28:04","slug":"pagrindinis","status":"publish","type":"page","link":"https:\/\/biblioteka.kaunokolegija.lt\/en\/pagrindinis\/","title":{"rendered":"Pagrindinis"},"content":{"rendered":"<p><\/p>\r\n\r\n\r\n\r\n\r\n<section class=\"wp-block-uagb-section uagb-section__wrap uagb-section__background-undefined uagb-block-95723641\"><div class=\"uagb-section__overlay\"><\/div><div class=\"uagb-section__inner-wrap\">\r\n<div class=\"headerback\"><br>\r\n<div class=\"wp-block-uagb-info-box uagb-infobox__outer-wrap uagb-block-ede3c8db\">\r\n<div class=\"uagb-infobox__content-wrap uagb-infobox uagb-infobox-has-image uagb-infobox-icon-above-title uagb-infobox-image-valign-top uagb-infobox-enable-border-radius \">\r\n<div class=\"uagb-ifb-left-right-wrap\">\r\n<div class=\"uagb-ifb-content\">\r\n<div class=\"uagb-ifb-title-wrap\">\r\n<h2 class=\"uagb-ifb-title\">RELEVANT<\/h2>\r\n<\/div>\r\n<div class=\"uagb-ifb-text-wrap\">&nbsp;<\/div>\r\n<\/div>\r\n<\/div>\r\n<\/div>\r\n<\/div>\r\n<\/div>\r\n\r\n\r\n\r\n<div style=\"height:20px\" aria-hidden=\"true\" class=\"wp-block-spacer\"><\/div>\r\n\r\n\r\n\r\n<div class=\"wp-block-columns is-layout-flex wp-container-core-columns-is-layout-28f84493 wp-block-columns-is-layout-flex\">\r\n<div class=\"wp-block-column is-layout-flow wp-block-column-is-layout-flow\"><div  class=\"wp-block-ultimate-post-image ultp-block-3baee4\"><div class=\"ultp-block-wrapper\"><figure class=\"ultp-image-block-wrapper\"><div class=\"ultp-image-block ultp-image-block-none\"><a href=\"http:\/\/biblioteka.kaunokolegija.lt\/en\/paslaugos\/knygu-skolinimas\/\" target=\"_blank\"><img decoding=\"async\"  class=\"ultp-image\"  alt=\"Image\"  src=\"https:\/\/biblioteka.kaunokolegija.lt\/wp-content\/uploads\/2020\/09\/svetainei-mygtukai-nauji-en-01-e1599717092519.png\" \/><\/a><\/div><\/figure><\/div><\/div>\r\n\r\n\r\n<p><\/p>\r\n<\/div>\r\n\r\n\r\n\r\n<div class=\"wp-block-column is-layout-flow wp-block-column-is-layout-flow\"><div  class=\"wp-block-ultimate-post-image ultp-block-62ce8e\"><div class=\"ultp-block-wrapper\"><figure class=\"ultp-image-block-wrapper\"><div class=\"ultp-image-block ultp-image-block-none\"><a href=\"http:\/\/biblioteka.kaunokolegija.lt\/en\/aktualu\/kaip-rasyti-darbus\/\" target=\"_blank\"><img decoding=\"async\"  class=\"ultp-image\"  alt=\"Image\"  src=\"https:\/\/biblioteka.kaunokolegija.lt\/wp-content\/uploads\/2020\/09\/svetainei-mygtukai-nauji-en-02-e1599717099242.png\" \/><\/a><\/div><\/figure><\/div><\/div><\/div>\r\n\r\n\r\n\r\n<div class=\"wp-block-column is-layout-flow wp-block-column-is-layout-flow\"><div  class=\"wp-block-ultimate-post-image ultp-block-baaa52\"><div class=\"ultp-block-wrapper\"><figure class=\"ultp-image-block-wrapper\"><div class=\"ultp-image-block ultp-image-block-none\"><a href=\"https:\/\/biblioteka.kaunokolegija.lt\/istekliai-pagal-temas\/\" target=\"_blank\"><img decoding=\"async\"  class=\"ultp-image\"  alt=\"Recourses by topics\"  src=\"https:\/\/biblioteka.kaunokolegija.lt\/wp-content\/uploads\/2023\/02\/svetainei-mygtukai-nauji-en-03.png\" \/><\/a><\/div><\/figure><\/div><\/div><\/div>\r\n\r\n\r\n\r\n<div class=\"wp-block-column is-layout-flow wp-block-column-is-layout-flow\"><div  class=\"wp-block-ultimate-post-image ultp-block-7a662e\"><div class=\"ultp-block-wrapper\"><figure class=\"ultp-image-block-wrapper\"><div class=\"ultp-image-block ultp-image-block-none\"><a href=\"http:\/\/biblioteka.kaunokolegija.lt\/en\/noriu-paklausti\/\" target=\"_blank\"><img decoding=\"async\"  class=\"ultp-image\"  alt=\"Image\"  src=\"https:\/\/biblioteka.kaunokolegija.lt\/wp-content\/uploads\/2023\/02\/svetainei-mygtukai-nauji-en-04.png\" \/><\/a><\/div><\/figure><\/div><\/div>\r\n\r\n\r\n<p><\/p>\r\n<\/div>\r\n<\/div>\r\n\r\n\r\n\r\n<p><\/p>\r\n<\/div><\/section>\r\n\r\n\r\n\r\n<section class=\"wp-block-uagb-section uagb-section__wrap uagb-section__background-image uagb-block-64e7dd65\"><div class=\"uagb-section__overlay\"><\/div><div class=\"uagb-section__inner-wrap\">\r\n<div class=\"headerbacklower\"><br>\r\n<div class=\"wp-block-uagb-info-box uagb-infobox__outer-wrap uagb-block-ede3c8db\"><div class=\"uagb-infobox__content-wrap uagb-infobox uagb-infobox-has-image uagb-infobox-icon-above-title uagb-infobox-image-valign-top uagb-infobox-enable-border-radius \"><div class=\"uagb-ifb-left-right-wrap\"><div class=\"uagb-ifb-content\"><div class=\"uagb-ifb-title-wrap\"><h2 class=\"uagb-ifb-title\">NEWS<\/h2><\/div><div class=\"uagb-ifb-text-wrap\"><\/div><\/div><\/div><\/div><\/div><\/div>\r\n\r\n\r\n<div  class=\"ultp-post-grid-block wp-block-ultimate-post-post-grid-1 ultp-block-862367 ultp-block-862367\"><div class=\"ultp-block-wrapper\"><div class=\"ultp-loading\"><div class=\"ultp-loading-blocks\" style=\"width:100%;height:100%;\"><div style=\"left: 0;top: 0;animation-delay:0s;\"><\/div><div style=\"left: 21px;top: 0;animation-delay:0.125s;\"><\/div><div style=\"left: 42px;top: 0;animation-delay:0.25s;\"><\/div><div style=\"left: 0;top: 21px;animation-delay:0.875s;\"><\/div><div style=\"left: 42px;top: 21px;animation-delay:0.375s;\"><\/div><div style=\"left: 0;top: 42px;animation-delay:0.75s;\"><\/div><div style=\"left: 42px;top: 42px;animation-delay:0.625s;\"><\/div><div style=\"left: 21px;top: 42px;animation-delay:0.5s;\"><\/div><\/div><\/div><div class=\"ultp-heading-filter\"><div class=\"ultp-heading-filter-in\"><div class=\"ultp-filter-navigation\"><\/div><\/div><\/div><div class=\"ultp-block-items-wrap ultp-block-row ultp-pg1a-style1 ultp-grid1-responsive ultp-block-column-3 1 1 ultp-layout1\"><div class=\"ultp-block-item post-id-19101\"><div class=\"ultp-block-content-wrap\"><div class=\"ultp-block-image ultp-block-image-opacity\"><a href=\"https:\/\/biblioteka.kaunokolegija.lt\/en\/naujai-gautos-knygos-33\/\" ><img decoding=\"async\"  class=\"ultp-block-image-content\"  alt=\"Newly Acquired Books\"  src=\"https:\/\/biblioteka.kaunokolegija.lt\/wp-content\/uploads\/2026\/04\/Bibliotekos-naujienos8.png\" \/><\/a><\/div><div class=\"ultp-block-content\"><h4 class=\"ultp-block-title \"><a href=\"https:\/\/biblioteka.kaunokolegija.lt\/en\/naujai-gautos-knygos-33\/\" >Newly Acquired Books<\/a><\/h4><div class=\"ultp-block-excerpt\"><p>We invite you to read the newly acquired printed books from January\u2013March. During this period, the collection was supplemented with&hellip;<\/p>\n<\/div><div class=\"ultp-block-readmore\"><a aria-label=\"Newly Acquired Books\" href=\"https:\/\/biblioteka.kaunokolegija.lt\/en\/naujai-gautos-knygos-33\/\" >Read more<svg xmlns=\"http:\/\/www.w3.org\/2000\/svg\" fill=\"none\" viewBox=\"0 0 24 24\">\n  <path stroke=\"currentColor\" stroke-linecap=\"round\" stroke-linejoin=\"round\" stroke-width=\"1.5\" d=\"m12 20.5 8.5-8.5m0 0L12 3.5m8.5 8.5h-17\"\/>\n<\/svg>\n<\/a><\/div><\/div><\/div><\/div><div class=\"ultp-block-item post-id-10783\"><div class=\"ultp-block-content-wrap\"><div class=\"ultp-block-image ultp-block-image-opacity\"><a href=\"https:\/\/biblioteka.kaunokolegija.lt\/en\/ebsco-duomenu-baziu-mokymai-anglu-kalba-13\/\" ><img decoding=\"async\"  class=\"ultp-block-image-content\"  alt=\"EBSCO Database User Training\"  src=\"https:\/\/biblioteka.kaunokolegija.lt\/wp-content\/uploads\/2024\/11\/Svetaines-informacija1.png\" \/><\/a><\/div><div class=\"ultp-block-content\"><h4 class=\"ultp-block-title \"><a href=\"https:\/\/biblioteka.kaunokolegija.lt\/en\/ebsco-duomenu-baziu-mokymai-anglu-kalba-13\/\" >EBSCO Database User Training<\/a><\/h4><div class=\"ultp-block-excerpt\"><p>We invite you to register and participate in the April online EBSCO databases user training sessions, during which EBSCO representatives&hellip;<\/p>\n<\/div><div class=\"ultp-block-readmore\"><a aria-label=\"EBSCO Database User Training\" href=\"https:\/\/biblioteka.kaunokolegija.lt\/en\/ebsco-duomenu-baziu-mokymai-anglu-kalba-13\/\" >Read more<svg xmlns=\"http:\/\/www.w3.org\/2000\/svg\" fill=\"none\" viewBox=\"0 0 24 24\">\n  <path stroke=\"currentColor\" stroke-linecap=\"round\" stroke-linejoin=\"round\" stroke-width=\"1.5\" d=\"m12 20.5 8.5-8.5m0 0L12 3.5m8.5 8.5h-17\"\/>\n<\/svg>\n<\/a><\/div><\/div><\/div><\/div><div class=\"ultp-block-item post-id-19086\"><div class=\"ultp-block-content-wrap\"><div class=\"ultp-block-image ultp-block-image-opacity\"><a href=\"https:\/\/biblioteka.kaunokolegija.lt\/en\/kk-kuf-ma-objektinio-meno-studiju-programos-studentu-darbu-paroda-knyga-kaip-meno-objektas\/\" ><img decoding=\"async\"  class=\"ultp-block-image-content\"  alt=\"KK KUF MA Object Art Study Program Student Exhibition \u201cThe Book as an Art Object\u201d\"  src=\"https:\/\/biblioteka.kaunokolegija.lt\/wp-content\/uploads\/2026\/04\/Bibliotekos-naujienos7.png\" \/><\/a><\/div><div class=\"ultp-block-content\"><h4 class=\"ultp-block-title \"><a href=\"https:\/\/biblioteka.kaunokolegija.lt\/en\/kk-kuf-ma-objektinio-meno-studiju-programos-studentu-darbu-paroda-knyga-kaip-meno-objektas\/\" >KK KUF MA Object Art Study Program Student Exhibition \u201cThe Book as an Art Object\u201d<\/a><\/h4><div class=\"ultp-block-excerpt\"><p>We invite you to visit the exhibition of works by students of the Object Art study program at the Academy&hellip;<\/p>\n<\/div><div class=\"ultp-block-readmore\"><a aria-label=\"KK KUF MA Object Art Study Program Student Exhibition \u201cThe Book as an Art Object\u201d\" href=\"https:\/\/biblioteka.kaunokolegija.lt\/en\/kk-kuf-ma-objektinio-meno-studiju-programos-studentu-darbu-paroda-knyga-kaip-meno-objektas\/\" >Read more<svg xmlns=\"http:\/\/www.w3.org\/2000\/svg\" fill=\"none\" viewBox=\"0 0 24 24\">\n  <path stroke=\"currentColor\" stroke-linecap=\"round\" stroke-linejoin=\"round\" stroke-width=\"1.5\" d=\"m12 20.5 8.5-8.5m0 0L12 3.5m8.5 8.5h-17\"\/>\n<\/svg>\n<\/a><\/div><\/div><\/div><\/div><div class=\"ultp-block-item post-id-19073\"><div class=\"ultp-block-content-wrap\"><div class=\"ultp-block-image ultp-block-image-opacity\"><a href=\"https:\/\/biblioteka.kaunokolegija.lt\/en\/ilonos-ir-valdo-urbanaviciu-asmeninio-archyvo-zemelapiu-paroda-istorija-irasyta-zemelapiuose-lietuvos-vyskupijos\/\" ><img decoding=\"async\"  class=\"ultp-block-image-content\"  alt=\"Exhibition of maps from the personal archive of Ilona and Valdas Urbanavi\u010dius:\u201cHistory Recorded in Maps: The Dioceses of Lithuania\u201d\"  src=\"https:\/\/biblioteka.kaunokolegija.lt\/wp-content\/uploads\/2026\/04\/Bibliotekos-naujienos6.png\" \/><\/a><\/div><div class=\"ultp-block-content\"><h4 class=\"ultp-block-title \"><a href=\"https:\/\/biblioteka.kaunokolegija.lt\/en\/ilonos-ir-valdo-urbanaviciu-asmeninio-archyvo-zemelapiu-paroda-istorija-irasyta-zemelapiuose-lietuvos-vyskupijos\/\" >Exhibition of maps from the personal archive of Ilona and Valdas Urbanavi\u010dius:\u201cHistory Recorded in Maps: The Dioceses of Lithuania\u201d<\/a><\/h4><div class=\"ultp-block-excerpt\"><p>We invite you to visit the map exhibition \u201cHistory Recorded in Maps: The Dioceses of Lithuania\u201d, displayed on the second&hellip;<\/p>\n<\/div><div class=\"ultp-block-readmore\"><a aria-label=\"Exhibition of maps from the personal archive of Ilona and Valdas Urbanavi\u010dius:\u201cHistory Recorded in Maps: The Dioceses of Lithuania\u201d\" href=\"https:\/\/biblioteka.kaunokolegija.lt\/en\/ilonos-ir-valdo-urbanaviciu-asmeninio-archyvo-zemelapiu-paroda-istorija-irasyta-zemelapiuose-lietuvos-vyskupijos\/\" >Read more<svg xmlns=\"http:\/\/www.w3.org\/2000\/svg\" fill=\"none\" viewBox=\"0 0 24 24\">\n  <path stroke=\"currentColor\" stroke-linecap=\"round\" stroke-linejoin=\"round\" stroke-width=\"1.5\" d=\"m12 20.5 8.5-8.5m0 0L12 3.5m8.5 8.5h-17\"\/>\n<\/svg>\n<\/a><\/div><\/div><\/div><\/div><div class=\"ultp-block-item post-id-19068\"><div class=\"ultp-block-content-wrap\"><div class=\"ultp-block-image ultp-block-image-opacity\"><a href=\"https:\/\/biblioteka.kaunokolegija.lt\/en\/laikina-prieiga-prie-bmj-best-practice-duomenu-bazes\/\" ><img decoding=\"async\"  class=\"ultp-block-image-content\"  alt=\"Temporary access to the evidence-based clinical decision support database BMJ Best Practice\"  src=\"https:\/\/biblioteka.kaunokolegija.lt\/wp-content\/uploads\/2026\/04\/Bibliotekos-naujienos5.png\" \/><\/a><\/div><div class=\"ultp-block-content\"><h4 class=\"ultp-block-title \"><a href=\"https:\/\/biblioteka.kaunokolegija.lt\/en\/laikina-prieiga-prie-bmj-best-practice-duomenu-bazes\/\" >Temporary access to the evidence-based clinical decision support database BMJ Best Practice<\/a><\/h4><div class=\"ultp-block-excerpt\"><p>Until 31 May 2026, the community of Kauno kolegija has been granted temporary access to the BMJ publisher\u2019s evidence-based clinical&hellip;<\/p>\n<\/div><div class=\"ultp-block-readmore\"><a aria-label=\"Temporary access to the evidence-based clinical decision support database BMJ Best Practice\" href=\"https:\/\/biblioteka.kaunokolegija.lt\/en\/laikina-prieiga-prie-bmj-best-practice-duomenu-bazes\/\" >Read more<svg xmlns=\"http:\/\/www.w3.org\/2000\/svg\" fill=\"none\" viewBox=\"0 0 24 24\">\n  <path stroke=\"currentColor\" stroke-linecap=\"round\" stroke-linejoin=\"round\" stroke-width=\"1.5\" d=\"m12 20.5 8.5-8.5m0 0L12 3.5m8.5 8.5h-17\"\/>\n<\/svg>\n<\/a><\/div><\/div><\/div><\/div><div class=\"ultp-block-item post-id-18880\"><div class=\"ultp-block-content-wrap\"><div class=\"ultp-block-image ultp-block-image-opacity\"><a href=\"https:\/\/biblioteka.kaunokolegija.lt\/en\/knygu-paroda-lietuviskas-zodis-knygnesiu-rankose\/\" ><img decoding=\"async\"  class=\"ultp-block-image-content\"  alt=\"Book Exhibition \u201cThe Lithuanian Word in the Hands of the Book Smugglers\u201d\"  src=\"https:\/\/biblioteka.kaunokolegija.lt\/wp-content\/uploads\/2026\/03\/Bibliotekos-naujienos2.png\" \/><\/a><\/div><div class=\"ultp-block-content\"><h4 class=\"ultp-block-title \"><a href=\"https:\/\/biblioteka.kaunokolegija.lt\/en\/knygu-paroda-lietuviskas-zodis-knygnesiu-rankose\/\" >Book Exhibition \u201cThe Lithuanian Word in the Hands of the Book Smugglers\u201d<\/a><\/h4><div class=\"ultp-block-excerpt\"><p>You are invited to visit the book exhibition \u201cThe Lithuanian Word in the Hands of the Book Smugglers\u201d, displayed on&hellip;<\/p>\n<\/div><div class=\"ultp-block-readmore\"><a aria-label=\"Book Exhibition \u201cThe Lithuanian Word in the Hands of the Book Smugglers\u201d\" href=\"https:\/\/biblioteka.kaunokolegija.lt\/en\/knygu-paroda-lietuviskas-zodis-knygnesiu-rankose\/\" >Read more<svg xmlns=\"http:\/\/www.w3.org\/2000\/svg\" fill=\"none\" viewBox=\"0 0 24 24\">\n  <path stroke=\"currentColor\" stroke-linecap=\"round\" stroke-linejoin=\"round\" stroke-width=\"1.5\" d=\"m12 20.5 8.5-8.5m0 0L12 3.5m8.5 8.5h-17\"\/>\n<\/svg>\n<\/a><\/div><\/div><\/div><\/div><\/div><div class=\"ultp-loadmore\"><span class=\"ultp-loadmore-action\" tabindex=\"0\" role=\"button\" data-pages=\"49\" data-pagenum=\"1\"  data-expost=\"\" data-blockid=\"862367\" data-blockname=\"ultimate-post_post-grid-1\" data-postid=\"18880\" data-selfpostid=\"no\">Load more <span class=\"ultp-spin\"><svg xmlns=\"http:\/\/www.w3.org\/2000\/svg\" fill=\"none\" viewBox=\"0 0 24 24\">\n  <path stroke=\"currentColor\" stroke-linecap=\"round\" stroke-linejoin=\"round\" stroke-width=\"1.5\" d=\"M21 12a9 9 0 0 1-17 4.127M3 12a9 9 0 0 1 17-4.127M20 3v5h-5M4 21v-5h5\"\/>\n<\/svg>\n<\/span><\/span><\/div><\/div><div class=\"pagination-block-html\" aria-hidden=\"true\" style=\"display: none;\"><\/div><\/div>\r\n\r\n\r\n<div style=\"height:30px\" aria-hidden=\"true\" class=\"wp-block-spacer\"><\/div>\r\n\r\n\r\n\r\n<p><\/p>\r\n<\/div><\/section>\r\n\r\n\r\n\r\n\r\n<p><\/p>","protected":false},"excerpt":{"rendered":"","protected":false},"author":2,"featured_media":0,"parent":0,"menu_order":0,"comment_status":"closed","ping_status":"closed","template":"","meta":{"_uag_custom_page_level_css":"","site-sidebar-layout":"no-sidebar","site-content-layout":"page-builder","ast-site-content-layout":"default","site-content-style":"default","site-sidebar-style":"default","ast-global-header-display":"","ast-banner-title-visibility":"","ast-main-header-display":"","ast-hfb-above-header-display":"","ast-hfb-below-header-display":"","ast-hfb-mobile-header-display":"","site-post-title":"","ast-breadcrumbs-content":"","ast-featured-img":"disabled","footer-sml-layout":"","ast-disable-related-posts":"","theme-transparent-header-meta":"default","adv-header-id-meta":"","stick-header-meta":"","header-above-stick-meta":"","header-main-stick-meta":"","header-below-stick-meta":"","astra-migrate-meta-layouts":"default","ast-page-background-enabled":"default","ast-page-background-meta":{"desktop":{"background-color":"var(--ast-global-color-4)","background-image":"","background-repeat":"repeat","background-position":"center center","background-size":"auto","background-attachment":"scroll","background-type":"","background-media":"","overlay-type":"","overlay-color":"","overlay-opacity":"","overlay-gradient":""},"tablet":{"background-color":"","background-image":"","background-repeat":"repeat","background-position":"center center","background-size":"auto","background-attachment":"scroll","background-type":"","background-media":"","overlay-type":"","overlay-color":"","overlay-opacity":"","overlay-gradient":""},"mobile":{"background-color":"","background-image":"","background-repeat":"repeat","background-position":"center center","background-size":"auto","background-attachment":"scroll","background-type":"","background-media":"","overlay-type":"","overlay-color":"","overlay-opacity":"","overlay-gradient":""}},"ast-content-background-meta":{"desktop":{"background-color":"var(--ast-global-color-5)","background-image":"","background-repeat":"repeat","background-position":"center center","background-size":"auto","background-attachment":"scroll","background-type":"","background-media":"","overlay-type":"","overlay-color":"","overlay-opacity":"","overlay-gradient":""},"tablet":{"background-color":"var(--ast-global-color-5)","background-image":"","background-repeat":"repeat","background-position":"center center","background-size":"auto","background-attachment":"scroll","background-type":"","background-media":"","overlay-type":"","overlay-color":"","overlay-opacity":"","overlay-gradient":""},"mobile":{"background-color":"var(--ast-global-color-5)","background-image":"","background-repeat":"repeat","background-position":"center center","background-size":"auto","background-attachment":"scroll","background-type":"","background-media":"","overlay-type":"","overlay-color":"","overlay-opacity":"","overlay-gradient":""}},"footnotes":""},"class_list":["post-6","page","type-page","status-publish","hentry"],"yoast_head":"<!-- This site is optimized with the Yoast SEO plugin v27.4 - https:\/\/yoast.com\/product\/yoast-seo-wordpress\/ -->\n<title>Pagrindinis - Kauno kolegijos biblioteka ir mokslin\u0117s komunikacijos centras<\/title>\n<meta name=\"robots\" content=\"index, follow, max-snippet:-1, max-image-preview:large, max-video-preview:-1\" \/>\n<link rel=\"canonical\" href=\"https:\/\/biblioteka.kaunokolegija.lt\/pagrindinis\/\" \/>\n<meta property=\"og:locale\" content=\"en_US\" \/>\n<meta property=\"og:type\" content=\"article\" \/>\n<meta property=\"og:title\" content=\"Pagrindinis - Kauno kolegijos biblioteka ir mokslin\u0117s komunikacijos centras\" \/>\n<meta property=\"og:url\" content=\"https:\/\/biblioteka.kaunokolegija.lt\/pagrindinis\/\" \/>\n<meta property=\"og:site_name\" content=\"Kauno kolegijos biblioteka ir mokslin\u0117s komunikacijos centras\" \/>\n<meta property=\"article:publisher\" content=\"https:\/\/www.facebook.com\/Kauno.kolegija.biblioteka\" \/>\n<meta property=\"article:modified_time\" content=\"2023-03-13T21:28:04+00:00\" \/>\n<meta property=\"og:image\" content=\"https:\/\/biblioteka.kaunokolegija.lt\/wp-content\/uploads\/2020\/10\/bibliotekos-cover-fb.jpg\" \/>\n\t<meta property=\"og:image:width\" content=\"1200\" \/>\n\t<meta property=\"og:image:height\" content=\"630\" \/>\n\t<meta property=\"og:image:type\" content=\"image\/jpeg\" \/>\n<meta name=\"twitter:card\" content=\"summary_large_image\" \/>\n<meta name=\"twitter:label1\" content=\"Est. reading time\" \/>\n\t<meta name=\"twitter:data1\" content=\"1 minute\" \/>\n<!-- \/ Yoast SEO plugin. -->","yoast_head_json":{"title":"Pagrindinis - Kauno kolegijos biblioteka ir mokslin\u0117s komunikacijos centras","robots":{"index":"index","follow":"follow","max-snippet":"max-snippet:-1","max-image-preview":"max-image-preview:large","max-video-preview":"max-video-preview:-1"},"canonical":"https:\/\/biblioteka.kaunokolegija.lt\/pagrindinis\/","og_locale":"en_US","og_type":"article","og_title":"Pagrindinis - Kauno kolegijos biblioteka ir mokslin\u0117s komunikacijos centras","og_url":"https:\/\/biblioteka.kaunokolegija.lt\/pagrindinis\/","og_site_name":"Kauno kolegijos biblioteka ir mokslin\u0117s komunikacijos centras","article_publisher":"https:\/\/www.facebook.com\/Kauno.kolegija.biblioteka","article_modified_time":"2023-03-13T21:28:04+00:00","og_image":[{"width":1200,"height":630,"url":"https:\/\/biblioteka.kaunokolegija.lt\/wp-content\/uploads\/2020\/10\/bibliotekos-cover-fb.jpg","type":"image\/jpeg"}],"twitter_card":"summary_large_image","twitter_misc":{"Est. reading time":"1 minute"},"schema":{"@context":"https:\/\/schema.org","@graph":[{"@type":"WebPage","@id":"https:\/\/biblioteka.kaunokolegija.lt\/pagrindinis\/","url":"https:\/\/biblioteka.kaunokolegija.lt\/pagrindinis\/","name":"Pagrindinis - Kauno kolegijos biblioteka ir mokslin\u0117s komunikacijos centras","isPartOf":{"@id":"https:\/\/biblioteka.kaunokolegija.lt\/#website"},"datePublished":"2019-06-11T06:13:37+00:00","dateModified":"2023-03-13T21:28:04+00:00","breadcrumb":{"@id":"https:\/\/biblioteka.kaunokolegija.lt\/pagrindinis\/#breadcrumb"},"inLanguage":"en-US","potentialAction":[{"@type":"ReadAction","target":["https:\/\/biblioteka.kaunokolegija.lt\/pagrindinis\/"]}]},{"@type":"BreadcrumbList","@id":"https:\/\/biblioteka.kaunokolegija.lt\/pagrindinis\/#breadcrumb","itemListElement":[{"@type":"ListItem","position":1,"name":"Pagrindinis","item":"https:\/\/biblioteka.kaunokolegija.lt\/"},{"@type":"ListItem","position":2,"name":"Pagrindinis"}]},{"@type":"WebSite","@id":"https:\/\/biblioteka.kaunokolegija.lt\/#website","url":"https:\/\/biblioteka.kaunokolegija.lt\/","name":"Kauno kolegijos biblioteka ir informacijos i\u0161tekli\u0173 centras","description":"Kauno kolegijos biblioteka ir mokslin\u0117s komunikacijos centras","publisher":{"@id":"https:\/\/biblioteka.kaunokolegija.lt\/#organization"},"potentialAction":[{"@type":"SearchAction","target":{"@type":"EntryPoint","urlTemplate":"https:\/\/biblioteka.kaunokolegija.lt\/?s={search_term_string}"},"query-input":{"@type":"PropertyValueSpecification","valueRequired":true,"valueName":"search_term_string"}}],"inLanguage":"en-US"},{"@type":"Organization","@id":"https:\/\/biblioteka.kaunokolegija.lt\/#organization","name":"Kauno kolegijos biblioteka ir informacijos i\u0161tekli\u0173 centras","url":"https:\/\/biblioteka.kaunokolegija.lt\/","logo":{"@type":"ImageObject","inLanguage":"en-US","@id":"https:\/\/biblioteka.kaunokolegija.lt\/#\/schema\/logo\/image\/","url":"https:\/\/biblioteka.kaunokolegija.lt\/wp-content\/uploads\/2020\/10\/bibliotekos-cover-fb.jpg","contentUrl":"https:\/\/biblioteka.kaunokolegija.lt\/wp-content\/uploads\/2020\/10\/bibliotekos-cover-fb.jpg","width":1200,"height":630,"caption":"Kauno kolegijos biblioteka ir informacijos i\u0161tekli\u0173 centras"},"image":{"@id":"https:\/\/biblioteka.kaunokolegija.lt\/#\/schema\/logo\/image\/"},"sameAs":["https:\/\/www.facebook.com\/Kauno.kolegija.biblioteka"]}]}},"uagb_featured_image_src":{"full":false,"thumbnail":false,"medium":false,"medium_large":false,"large":false,"gs-tiny":false,"xl":false,"xxl":false,"xxxl":false,"xxxxl":false,"xxxxxl":false,"1536x1536":false,"2048x2048":false,"ultp_layout_landscape_large":false,"ultp_layout_landscape":false,"ultp_layout_portrait":false,"ultp_layout_square":false,"menu-24x24":false,"menu-36x36":false,"menu-48x48":false},"uagb_author_info":{"display_name":"Lina \u0160arlauskien\u0117","author_link":"https:\/\/biblioteka.kaunokolegija.lt\/en\/author\/lina\/"},"uagb_comment_info":0,"uagb_excerpt":null,"_links":{"self":[{"href":"https:\/\/biblioteka.kaunokolegija.lt\/en\/wp-json\/wp\/v2\/pages\/6","targetHints":{"allow":["GET"]}}],"collection":[{"href":"https:\/\/biblioteka.kaunokolegija.lt\/en\/wp-json\/wp\/v2\/pages"}],"about":[{"href":"https:\/\/biblioteka.kaunokolegija.lt\/en\/wp-json\/wp\/v2\/types\/page"}],"author":[{"embeddable":true,"href":"https:\/\/biblioteka.kaunokolegija.lt\/en\/wp-json\/wp\/v2\/users\/2"}],"replies":[{"embeddable":true,"href":"https:\/\/biblioteka.kaunokolegija.lt\/en\/wp-json\/wp\/v2\/comments?post=6"}],"version-history":[{"count":188,"href":"https:\/\/biblioteka.kaunokolegija.lt\/en\/wp-json\/wp\/v2\/pages\/6\/revisions"}],"predecessor-version":[{"id":8973,"href":"https:\/\/biblioteka.kaunokolegija.lt\/en\/wp-json\/wp\/v2\/pages\/6\/revisions\/8973"}],"wp:attachment":[{"href":"https:\/\/biblioteka.kaunokolegija.lt\/en\/wp-json\/wp\/v2\/media?parent=6"}],"curies":[{"name":"wp","href":"https:\/\/api.w.org\/{rel}","templated":true}]}}