{"id":3763,"date":"2020-09-08T07:33:20","date_gmt":"2020-09-08T05:33:20","guid":{"rendered":"http:\/\/bibliotekatest.kaunokolegija.lt\/?page_id=3763"},"modified":"2026-04-24T10:12:07","modified_gmt":"2026-04-24T08:12:07","slug":"noriu-paklausti","status":"publish","type":"page","link":"https:\/\/biblioteka.kaunokolegija.lt\/en\/noriu-paklausti\/","title":{"rendered":"Any questions?"},"content":{"rendered":"<p><\/p>\n\n\n\n<div class=\"wp-block-pb-accordion-item c-accordion__item js-accordion-item no-js\" data-initially-open=\"false\" data-click-to-close=\"true\" data-auto-close=\"true\" data-scroll=\"false\" data-scroll-offset=\"0\"><h4 id=\"at-376357\" class=\"c-accordion__title js-accordion-controller\" role=\"button\">Where to find the library?<\/h4><div id=\"ac-376357\" class=\"c-accordion__content\">\n<p>Pramones Avenue 22A, Kaunas<br>Alytus Faculty Library (Room 102, Student\u0173 str. 17, Alytus)<br><a href=\"http:\/\/biblioteka.kaunokolegija.lt\">http:\/\/biblioteka.kaunokolegija.lt<\/a><\/p>\n<\/div><\/div>\n\n\n\n<div class=\"wp-block-pb-accordion-item c-accordion__item js-accordion-item no-js\" data-initially-open=\"false\" data-click-to-close=\"true\" data-auto-close=\"true\" data-scroll=\"false\" data-scroll-offset=\"0\"><h4 id=\"at-376358\" class=\"c-accordion__title js-accordion-controller\" role=\"button\">How to contact us?<\/h4><div id=\"ac-376358\" class=\"c-accordion__content\">\n<p>Telephone: +370 (37) 751 132<br>E-mail: biblioteka@go.kauko.lt<\/p>\n<\/div><\/div>\n\n\n\n<div class=\"wp-block-pb-accordion-item c-accordion__item js-accordion-item no-js\" data-initially-open=\"false\" data-click-to-close=\"true\" data-auto-close=\"true\" data-scroll=\"false\" data-scroll-offset=\"0\"><h4 id=\"at-376359\" class=\"c-accordion__title js-accordion-controller\" role=\"button\">What are the library opening hours?<\/h4><div id=\"ac-376359\" class=\"c-accordion__content\">\n<p><strong>Library and Centre of Scientific Communication (Pramon\u0117s pr. 22A, Kaunas)<\/strong><\/p>\n\n\n\n<p>Monday \u2013 Thursday: 8:00 a.m. \u2013 7:00 p.m. (If the doors of the building where the library is located are locked, access to the library is available through the faculty buildings).<br>Friday: 8:00 a.m. \u2013 5:00 p.m.<br>Saturday: Closed<br>Sunday: Closed<\/p>\n\n\n\n<p><strong>Alytus Faculty Library (Room 102, Student\u0173 str. 17, Alytus)<\/strong><\/p>\n\n\n\n<p>Monday \u2013 Thursday: 8:30 a.m. \u2013 4:30 p.m.<br>Friday: 8:30 a.m. \u2013 3:30 p.m.<br>Saturday: Closed<br>Sunday: Closed<\/p>\n\n\n\n<p>During the summer holidays (July and August), the Kaunas library is open on weekdays from 8:00 a.m. to 3:00 p.m. The Alytus library is open on weekdays from 8:30 a.m. to 3:00 p.m.<\/p>\n<\/div><\/div>\n\n\n\n<div class=\"wp-block-pb-accordion-item c-accordion__item js-accordion-item no-js\" data-initially-open=\"false\" data-click-to-close=\"true\" data-auto-close=\"true\" data-scroll=\"false\" data-scroll-offset=\"0\"><h4 id=\"at-376360\" class=\"c-accordion__title js-accordion-controller\" role=\"button\">How to find an interactive map of the library?<\/h4><div id=\"ac-376360\" class=\"c-accordion__content\">\n<p><a href=\"http:\/\/biblioteka.kaunokolegija.lt\/map\">http:\/\/biblioteka.kaunokolegija.lt\/map<\/a><\/p>\n<\/div><\/div>\n\n\n\n<div class=\"wp-block-pb-accordion-item c-accordion__item js-accordion-item no-js\" data-initially-open=\"false\" data-click-to-close=\"true\" data-auto-close=\"true\" data-scroll=\"false\" data-scroll-offset=\"0\"><h4 id=\"at-376361\" class=\"c-accordion__title js-accordion-controller\" role=\"button\">What does the library offer?<\/h4><div id=\"ac-376361\" class=\"c-accordion__content\">\n<ul class=\"wp-block-list\">\n<li>Study spaces;<\/li>\n\n\n\n<li>Selected printed and electronic resources;<\/li>\n\n\n\n<li>Computers and internet connection;<\/li>\n\n\n\n<li>Consultations and trainings.<\/li>\n<\/ul>\n<\/div><\/div>\n\n\n\n<div class=\"wp-block-pb-accordion-item c-accordion__item js-accordion-item no-js\" data-initially-open=\"false\" data-click-to-close=\"true\" data-auto-close=\"true\" data-scroll=\"false\" data-scroll-offset=\"0\"><h4 id=\"at-376362\" class=\"c-accordion__title js-accordion-controller\" role=\"button\">How to log in to library account?<\/h4><div id=\"ac-376362\" class=\"c-accordion__content\">\n<p>Open <a href=\"http:\/\/biblioteka.kaunokolegija.lt\/en\">http:\/\/biblioteka.kaunokolegija.lt\/en<\/a> and click on <strong>My Account, <\/strong>then <strong>Sing in <\/strong>using Kauno kolegija Higher Education Institution e-mail name (till @) and the password. After logging in, click your last name and then <strong>Library Card.<\/strong><\/p>\n<\/div><\/div>\n\n\n\n<div class=\"wp-block-pb-accordion-item c-accordion__item js-accordion-item no-js\" data-initially-open=\"false\" data-click-to-close=\"true\" data-auto-close=\"true\" data-scroll=\"false\" data-scroll-offset=\"0\"><h4 id=\"at-376363\" class=\"c-accordion__title js-accordion-controller\" role=\"button\">How to find and order books?<\/h4><div id=\"ac-376363\" class=\"c-accordion__content\">\n<p><strong>Virtual Library:<\/strong><\/p>\n\n\n\n<ul class=\"wp-block-list\">\n<li>find the book and click on the storage location;<\/li>\n\n\n\n<li>find a book <strong>call number<\/strong> that shows the location of the book on the shelf;<\/li>\n\n\n\n<li>order a book online or see the book&#8217;s location on an interactive map.<\/li>\n<\/ul>\n\n\n\n<p>Find the book on the shelf according to the book call number. Example of a book call number: <strong>005.7 OR-41<\/strong>. The first numbers show the topic number on the shelf, and the second the alphabetical order of the book&#8217;s location in the shelf section.<\/p>\n<\/div><\/div>\n\n\n\n<div class=\"wp-block-pb-accordion-item c-accordion__item js-accordion-item no-js\" data-initially-open=\"false\" data-click-to-close=\"true\" data-auto-close=\"true\" data-scroll=\"false\" data-scroll-offset=\"0\"><h4 id=\"at-376364\" class=\"c-accordion__title js-accordion-controller\" role=\"button\">How to borrow books?<\/h4><div id=\"ac-376364\" class=\"c-accordion__content\">\n<ul class=\"wp-block-list\">\n<li>have your Student Card or ID;<\/li>\n\n\n\n<li>record the issue of the book using a self-service machine or address the Library staff.<\/li>\n<\/ul>\n\n\n\n<p>The books with green stickers are not lent home. In the Virtual Library, such books are marked by <strong>Skaitoma vietoje<\/strong> (read in the Library).<\/p>\n\n\n\n<p><strong>When looking for a book in the Virtual Library or borrowing books, see the book return time in advance.<\/strong> Books can be borrowed for a semester, month, or week. Books will need to be returned on time, otherwise charged an overdue fee!<\/p>\n<\/div><\/div>\n\n\n\n<div class=\"wp-block-pb-accordion-item c-accordion__item js-accordion-item no-js\" data-initially-open=\"false\" data-click-to-close=\"true\" data-auto-close=\"true\" data-scroll=\"false\" data-scroll-offset=\"0\"><h4 id=\"at-376365\" class=\"c-accordion__title js-accordion-controller\" role=\"button\">How to return books?<\/h4><div id=\"ac-376365\" class=\"c-accordion__content\">\n<ul class=\"wp-block-list\">\n<li>use the self-service machine in the library;<\/li>\n\n\n\n<li>in case the Library is closed, use the self-service book return machine at the entrance to the Library on the first floor.<\/li>\n<\/ul>\n<\/div><\/div>\n\n\n\n<div class=\"wp-block-pb-accordion-item c-accordion__item js-accordion-item no-js\" data-initially-open=\"false\" data-click-to-close=\"true\" data-auto-close=\"true\" data-scroll=\"false\" data-scroll-offset=\"0\"><h4 id=\"at-376366\" class=\"c-accordion__title js-accordion-controller\" role=\"button\">When to return books?<\/h4><div id=\"ac-376366\" class=\"c-accordion__content\">\n<p>Return books at the time specified in your account.<br><strong>In case you are late to return a book, you are charged an overdue fee!<\/strong><\/p>\n<\/div><\/div>\n\n\n\n<div class=\"wp-block-pb-accordion-item c-accordion__item js-accordion-item no-js\" data-initially-open=\"false\" data-click-to-close=\"true\" data-auto-close=\"true\" data-scroll=\"false\" data-scroll-offset=\"0\"><h4 id=\"at-376367\" class=\"c-accordion__title js-accordion-controller\" role=\"button\">How can I learn the date of book return?<\/h4><div id=\"ac-376367\" class=\"c-accordion__content\">\n<p>Book return time find out in your account.<\/p>\n<\/div><\/div>\n\n\n\n<div class=\"wp-block-pb-accordion-item c-accordion__item js-accordion-item no-js\" data-initially-open=\"false\" data-click-to-close=\"true\" data-auto-close=\"true\" data-scroll=\"false\" data-scroll-offset=\"0\"><h4 id=\"at-376368\" class=\"c-accordion__title js-accordion-controller\" role=\"button\">How to extend the book return time?<\/h4><div id=\"ac-376368\" class=\"c-accordion__content\">\n<p>Extend the deadline for returning books in your account or by e-mail: biblioteka@go.kauko.lt<br><strong>Check the Kauno kolegija Higher Education Institution e-mails and read Library reminders!<\/strong><\/p>\n<\/div><\/div>\n\n\n\n<div class=\"wp-block-pb-accordion-item c-accordion__item js-accordion-item no-js\" data-initially-open=\"false\" data-click-to-close=\"true\" data-auto-close=\"true\" data-scroll=\"false\" data-scroll-offset=\"0\"><h4 id=\"at-376369\" class=\"c-accordion__title js-accordion-controller\" role=\"button\">How to find information for study paper?<\/h4><div id=\"ac-376369\" class=\"c-accordion__content\">\n<p><strong>Virtual Library<\/strong><br><a href=\"https:\/\/kaunokolegija.primo.exlibrisgroup.com\/discovery\/search?vid=370KUOAS_INST:KK&amp;lang=en\">http:\/\/vb.kaunokolegija.lt\/en<\/a><\/p>\n\n\n\n<p><strong>Subscribed and other databases:<\/strong><\/p>\n\n\n\n<ul class=\"wp-block-list\">\n<li>open <a href=\"http:\/\/biblioteka.kaunokolegija.lt\/en\">http:\/\/biblioteka.kaunokolegija.lt\/en<\/a>;<\/li>\n\n\n\n<li>click on <strong>Resources<\/strong>.<\/li>\n<\/ul>\n<\/div><\/div>\n\n\n\n<div class=\"wp-block-pb-accordion-item c-accordion__item js-accordion-item no-js\" data-initially-open=\"false\" data-click-to-close=\"true\" data-auto-close=\"true\" data-scroll=\"false\" data-scroll-offset=\"0\"><h4 id=\"at-376370\" class=\"c-accordion__title js-accordion-controller\" role=\"button\">How to open electronic sources?<\/h4><div id=\"ac-376370\" class=\"c-accordion__content\">\n<p>Open subscribed resources at home or elsewhere by logging in with your Kauno kolegija Higher Education Institution e-mail (till @) and password:<\/p>\n\n\n\n<ul class=\"wp-block-list\">\n<li>in the Virtual Library <a href=\"https:\/\/kaunokolegija.primo.exlibrisgroup.com\/discovery\/search?vid=370KUOAS_INST:KK&amp;lang=en\">http:\/\/vb.kaunokolegija.lt\/en<\/a><\/li>\n\n\n\n<li>on the DB website <a href=\"http:\/\/db.kaunokolegija.lt\">http:\/\/db.kaunokolegija.lt<\/a><\/li>\n<\/ul>\n<\/div><\/div>\n\n\n\n<div class=\"wp-block-pb-accordion-item c-accordion__item js-accordion-item no-js\" data-initially-open=\"false\" data-click-to-close=\"true\" data-auto-close=\"true\" data-scroll=\"false\" data-scroll-offset=\"0\"><h4 id=\"at-376371\" class=\"c-accordion__title js-accordion-controller\" role=\"button\">How to write study papers and cite references?<\/h4><div id=\"ac-376371\" class=\"c-accordion__content\">\n<p><strong>When writing study papers, you have:<\/strong><\/p>\n\n\n\n<ul class=\"wp-block-list\">\n<li>know the requirements for preparing study papers;<\/li>\n\n\n\n<li>select appropriate sources of information;<\/li>\n\n\n\n<li>use sources properly, cite them and compile bibliographies;<\/li>\n\n\n\n<li>to prepare study papers in accordance with the provisions of academic ethics.<\/li>\n<\/ul>\n\n\n\n<p><strong>Find out more about this:<\/strong><\/p>\n\n\n\n<ul class=\"wp-block-list\">\n<li>on the library website;<\/li>\n\n\n\n<li>practical classes for students;<\/li>\n\n\n\n<li>interactive training for students;<\/li>\n\n\n\n<li>to the Information Consultant.<\/li>\n<\/ul>\n<\/div><\/div>\n\n\n\n<div class=\"wp-block-pb-accordion-item c-accordion__item js-accordion-item no-js\" data-initially-open=\"false\" data-click-to-close=\"true\" data-auto-close=\"true\" data-scroll=\"false\" data-scroll-offset=\"0\"><h4 id=\"at-376372\" class=\"c-accordion__title js-accordion-controller\" role=\"button\">How can AI be used in studies and research?<\/h4><div id=\"ac-376372\" class=\"c-accordion__content\">\n<p><strong>Artificial Intelligence (AI)<\/strong> \u2013 technologies capable of analyzing data, recognizing patterns, and making relatively independent decisions in order to achieve defined goals. In higher education, AI can be applied to the administration of study and research processes, to improve and personalize teaching and learning, to support learners, and more.<\/p>\n\n\n\n<p>When using AI tools, it is important to understand not only how AI works and its potential, but also the limitations of existing AI tools and the appropriate ways of using them in line with academic ethics and copyright principles.<\/p>\n\n\n\n<p>More about the use of AI in studies and research: <a href=\"https:\/\/biblioteka.kaunokolegija.lt\/en\/studijoms\/dirbtinis-intelektas\/\">https:\/\/biblioteka.kaunokolegija.lt\/en\/studijoms\/dirbtinis-intelektas\/<\/a><\/p>\n\n\n\n<p><\/p>\n<\/div><\/div>\n\n\n\n<p><\/p>","protected":false},"excerpt":{"rendered":"","protected":false},"author":2,"featured_media":0,"parent":0,"menu_order":0,"comment_status":"closed","ping_status":"closed","template":"","meta":{"_uag_custom_page_level_css":"","site-sidebar-layout":"default","site-content-layout":"default","ast-site-content-layout":"default","site-content-style":"default","site-sidebar-style":"default","ast-global-header-display":"","ast-banner-title-visibility":"","ast-main-header-display":"","ast-hfb-above-header-display":"","ast-hfb-below-header-display":"","ast-hfb-mobile-header-display":"","site-post-title":"","ast-breadcrumbs-content":"","ast-featured-img":"","footer-sml-layout":"","ast-disable-related-posts":"","theme-transparent-header-meta":"default","adv-header-id-meta":"","stick-header-meta":"","header-above-stick-meta":"","header-main-stick-meta":"","header-below-stick-meta":"","astra-migrate-meta-layouts":"set","ast-page-background-enabled":"default","ast-page-background-meta":{"desktop":{"background-color":"var(--ast-global-color-4)","background-image":"","background-repeat":"repeat","background-position":"center center","background-size":"auto","background-attachment":"scroll","background-type":"","background-media":"","overlay-type":"","overlay-color":"","overlay-opacity":"","overlay-gradient":""},"tablet":{"background-color":"","background-image":"","background-repeat":"repeat","background-position":"center center","background-size":"auto","background-attachment":"scroll","background-type":"","background-media":"","overlay-type":"","overlay-color":"","overlay-opacity":"","overlay-gradient":""},"mobile":{"background-color":"","background-image":"","background-repeat":"repeat","background-position":"center center","background-size":"auto","background-attachment":"scroll","background-type":"","background-media":"","overlay-type":"","overlay-color":"","overlay-opacity":"","overlay-gradient":""}},"ast-content-background-meta":{"desktop":{"background-color":"var(--ast-global-color-5)","background-image":"","background-repeat":"repeat","background-position":"center center","background-size":"auto","background-attachment":"scroll","background-type":"","background-media":"","overlay-type":"","overlay-color":"","overlay-opacity":"","overlay-gradient":""},"tablet":{"background-color":"var(--ast-global-color-5)","background-image":"","background-repeat":"repeat","background-position":"center center","background-size":"auto","background-attachment":"scroll","background-type":"","background-media":"","overlay-type":"","overlay-color":"","overlay-opacity":"","overlay-gradient":""},"mobile":{"background-color":"var(--ast-global-color-5)","background-image":"","background-repeat":"repeat","background-position":"center center","background-size":"auto","background-attachment":"scroll","background-type":"","background-media":"","overlay-type":"","overlay-color":"","overlay-opacity":"","overlay-gradient":""}},"footnotes":""},"class_list":["post-3763","page","type-page","status-publish","hentry"],"yoast_head":"<!-- This site is optimized with the Yoast SEO plugin v27.4 - https:\/\/yoast.com\/product\/yoast-seo-wordpress\/ -->\n<title>Noriu paklausti<\/title>\n<meta name=\"robots\" content=\"index, follow, max-snippet:-1, max-image-preview:large, max-video-preview:-1\" \/>\n<link rel=\"canonical\" href=\"https:\/\/biblioteka.kaunokolegija.lt\/noriu-paklausti\/\" \/>\n<meta property=\"og:locale\" content=\"en_US\" \/>\n<meta property=\"og:type\" content=\"article\" \/>\n<meta property=\"og:title\" content=\"Noriu paklausti\" \/>\n<meta property=\"og:url\" content=\"https:\/\/biblioteka.kaunokolegija.lt\/noriu-paklausti\/\" \/>\n<meta property=\"og:site_name\" content=\"Kauno kolegijos biblioteka ir mokslin\u0117s komunikacijos centras\" \/>\n<meta property=\"article:publisher\" content=\"https:\/\/www.facebook.com\/Kauno.kolegija.biblioteka\" \/>\n<meta property=\"article:modified_time\" content=\"2026-04-24T08:12:07+00:00\" \/>\n<meta property=\"og:image\" content=\"https:\/\/biblioteka.kaunokolegija.lt\/wp-content\/uploads\/2020\/10\/bibliotekos-cover-fb.jpg\" \/>\n\t<meta property=\"og:image:width\" content=\"1200\" \/>\n\t<meta property=\"og:image:height\" content=\"630\" \/>\n\t<meta property=\"og:image:type\" content=\"image\/jpeg\" \/>\n<meta name=\"twitter:card\" content=\"summary_large_image\" \/>\n<meta name=\"twitter:label1\" content=\"Est. reading time\" \/>\n\t<meta name=\"twitter:data1\" content=\"20 minutes\" \/>\n<!-- \/ Yoast SEO plugin. -->","yoast_head_json":{"title":"Noriu paklausti","robots":{"index":"index","follow":"follow","max-snippet":"max-snippet:-1","max-image-preview":"max-image-preview:large","max-video-preview":"max-video-preview:-1"},"canonical":"https:\/\/biblioteka.kaunokolegija.lt\/noriu-paklausti\/","og_locale":"en_US","og_type":"article","og_title":"Noriu paklausti","og_url":"https:\/\/biblioteka.kaunokolegija.lt\/noriu-paklausti\/","og_site_name":"Kauno kolegijos biblioteka ir mokslin\u0117s komunikacijos centras","article_publisher":"https:\/\/www.facebook.com\/Kauno.kolegija.biblioteka","article_modified_time":"2026-04-24T08:12:07+00:00","og_image":[{"width":1200,"height":630,"url":"https:\/\/biblioteka.kaunokolegija.lt\/wp-content\/uploads\/2020\/10\/bibliotekos-cover-fb.jpg","type":"image\/jpeg"}],"twitter_card":"summary_large_image","twitter_misc":{"Est. reading time":"20 minutes"},"schema":{"@context":"https:\/\/schema.org","@graph":[{"@type":"WebPage","@id":"https:\/\/biblioteka.kaunokolegija.lt\/noriu-paklausti\/","url":"https:\/\/biblioteka.kaunokolegija.lt\/noriu-paklausti\/","name":"Noriu paklausti","isPartOf":{"@id":"https:\/\/biblioteka.kaunokolegija.lt\/#website"},"datePublished":"2020-09-08T05:33:20+00:00","dateModified":"2026-04-24T08:12:07+00:00","breadcrumb":{"@id":"https:\/\/biblioteka.kaunokolegija.lt\/noriu-paklausti\/#breadcrumb"},"inLanguage":"en-US","potentialAction":[{"@type":"ReadAction","target":["https:\/\/biblioteka.kaunokolegija.lt\/noriu-paklausti\/"]}]},{"@type":"BreadcrumbList","@id":"https:\/\/biblioteka.kaunokolegija.lt\/noriu-paklausti\/#breadcrumb","itemListElement":[{"@type":"ListItem","position":1,"name":"Pagrindinis","item":"https:\/\/biblioteka.kaunokolegija.lt\/"},{"@type":"ListItem","position":2,"name":"Noriu paklausti"}]},{"@type":"WebSite","@id":"https:\/\/biblioteka.kaunokolegija.lt\/#website","url":"https:\/\/biblioteka.kaunokolegija.lt\/","name":"Kauno kolegijos biblioteka ir informacijos i\u0161tekli\u0173 centras","description":"Kauno kolegijos biblioteka ir mokslin\u0117s komunikacijos centras","publisher":{"@id":"https:\/\/biblioteka.kaunokolegija.lt\/#organization"},"potentialAction":[{"@type":"SearchAction","target":{"@type":"EntryPoint","urlTemplate":"https:\/\/biblioteka.kaunokolegija.lt\/?s={search_term_string}"},"query-input":{"@type":"PropertyValueSpecification","valueRequired":true,"valueName":"search_term_string"}}],"inLanguage":"en-US"},{"@type":"Organization","@id":"https:\/\/biblioteka.kaunokolegija.lt\/#organization","name":"Kauno kolegijos biblioteka ir informacijos i\u0161tekli\u0173 centras","url":"https:\/\/biblioteka.kaunokolegija.lt\/","logo":{"@type":"ImageObject","inLanguage":"en-US","@id":"https:\/\/biblioteka.kaunokolegija.lt\/#\/schema\/logo\/image\/","url":"https:\/\/biblioteka.kaunokolegija.lt\/wp-content\/uploads\/2020\/10\/bibliotekos-cover-fb.jpg","contentUrl":"https:\/\/biblioteka.kaunokolegija.lt\/wp-content\/uploads\/2020\/10\/bibliotekos-cover-fb.jpg","width":1200,"height":630,"caption":"Kauno kolegijos biblioteka ir informacijos i\u0161tekli\u0173 centras"},"image":{"@id":"https:\/\/biblioteka.kaunokolegija.lt\/#\/schema\/logo\/image\/"},"sameAs":["https:\/\/www.facebook.com\/Kauno.kolegija.biblioteka"]}]}},"uagb_featured_image_src":{"full":false,"thumbnail":false,"medium":false,"medium_large":false,"large":false,"gs-tiny":false,"xl":false,"xxl":false,"xxxl":false,"xxxxl":false,"xxxxxl":false,"1536x1536":false,"2048x2048":false,"ultp_layout_landscape_large":false,"ultp_layout_landscape":false,"ultp_layout_portrait":false,"ultp_layout_square":false,"menu-24x24":false,"menu-36x36":false,"menu-48x48":false},"uagb_author_info":{"display_name":"Lina \u0160arlauskien\u0117","author_link":"https:\/\/biblioteka.kaunokolegija.lt\/en\/author\/lina\/"},"uagb_comment_info":0,"uagb_excerpt":null,"_links":{"self":[{"href":"https:\/\/biblioteka.kaunokolegija.lt\/en\/wp-json\/wp\/v2\/pages\/3763","targetHints":{"allow":["GET"]}}],"collection":[{"href":"https:\/\/biblioteka.kaunokolegija.lt\/en\/wp-json\/wp\/v2\/pages"}],"about":[{"href":"https:\/\/biblioteka.kaunokolegija.lt\/en\/wp-json\/wp\/v2\/types\/page"}],"author":[{"embeddable":true,"href":"https:\/\/biblioteka.kaunokolegija.lt\/en\/wp-json\/wp\/v2\/users\/2"}],"replies":[{"embeddable":true,"href":"https:\/\/biblioteka.kaunokolegija.lt\/en\/wp-json\/wp\/v2\/comments?post=3763"}],"version-history":[{"count":248,"href":"https:\/\/biblioteka.kaunokolegija.lt\/en\/wp-json\/wp\/v2\/pages\/3763\/revisions"}],"predecessor-version":[{"id":19130,"href":"https:\/\/biblioteka.kaunokolegija.lt\/en\/wp-json\/wp\/v2\/pages\/3763\/revisions\/19130"}],"wp:attachment":[{"href":"https:\/\/biblioteka.kaunokolegija.lt\/en\/wp-json\/wp\/v2\/media?parent=3763"}],"curies":[{"name":"wp","href":"https:\/\/api.w.org\/{rel}","templated":true}]}}