{"id":14,"date":"2015-12-07T05:37:22","date_gmt":"2015-12-07T03:37:22","guid":{"rendered":"http:\/\/localhost\/wordpress\/?page_id=14"},"modified":"2023-07-11T13:45:00","modified_gmt":"2023-07-11T11:45:00","slug":"studijoms","status":"publish","type":"page","link":"https:\/\/biblioteka.kaunokolegija.lt\/en\/studijoms\/","title":{"rendered":"For Studies"},"content":{"rendered":"<p><\/p>\n\n\n\n<div class=\"wp-block-columns is-layout-flex wp-container-core-columns-is-layout-28f84493 wp-block-columns-is-layout-flex\">\n<div class=\"wp-block-column is-layout-flow wp-block-column-is-layout-flow\">\n<figure class=\"wp-block-image size-full\"><a href=\"https:\/\/biblioteka.kaunokolegija.lt\/en\/studijoms\/kaip-rasyti-darbus\/\"><img loading=\"lazy\" decoding=\"async\" width=\"2976\" height=\"696\" src=\"https:\/\/biblioteka.kaunokolegija.lt\/wp-content\/uploads\/2023\/07\/TIPS-FOR-WRITING-A-RESEARCH-PAPER.png\" alt=\"\" class=\"wp-image-9391\"\/><\/a><\/figure>\n<\/div>\n\n\n\n<div class=\"wp-block-column is-layout-flow wp-block-column-is-layout-flow\">\n<figure class=\"wp-block-image size-full\"><a href=\"https:\/\/biblioteka.kaunokolegija.lt\/en\/studijoms\/plagiato-prevencija\/\"><img loading=\"lazy\" decoding=\"async\" width=\"2976\" height=\"696\" src=\"https:\/\/biblioteka.kaunokolegija.lt\/wp-content\/uploads\/2023\/07\/PLAGIARISM-PREVENTION.png\" alt=\"\" class=\"wp-image-9392\"\/><\/a><\/figure>\n<\/div>\n\n\n\n<div class=\"wp-block-column is-layout-flow wp-block-column-is-layout-flow\">\n<figure class=\"wp-block-image size-full\"><a href=\"https:\/\/biblioteka.kaunokolegija.lt\/en\/studijoms\/dirbtinis-intelektas\/\"><img loading=\"lazy\" decoding=\"async\" width=\"2976\" height=\"696\" src=\"https:\/\/biblioteka.kaunokolegija.lt\/wp-content\/uploads\/2023\/07\/ARTIFICIAL-INTELLIGENCE.png\" alt=\"\" class=\"wp-image-9393\"\/><\/a><\/figure>\n<\/div>\n<\/div>\n\n\n\n<p><\/p>","protected":false},"excerpt":{"rendered":"","protected":false},"author":5,"featured_media":0,"parent":0,"menu_order":0,"comment_status":"closed","ping_status":"closed","template":"","meta":{"_uag_custom_page_level_css":"","site-sidebar-layout":"default","site-content-layout":"default","ast-site-content-layout":"default","site-content-style":"default","site-sidebar-style":"default","ast-global-header-display":"","ast-banner-title-visibility":"","ast-main-header-display":"","ast-hfb-above-header-display":"","ast-hfb-below-header-display":"","ast-hfb-mobile-header-display":"","site-post-title":"","ast-breadcrumbs-content":"","ast-featured-img":"","footer-sml-layout":"","ast-disable-related-posts":"","theme-transparent-header-meta":"default","adv-header-id-meta":"","stick-header-meta":"","header-above-stick-meta":"","header-main-stick-meta":"","header-below-stick-meta":"","astra-migrate-meta-layouts":"default","ast-page-background-enabled":"default","ast-page-background-meta":{"desktop":{"background-color":"var(--ast-global-color-4)","background-image":"","background-repeat":"repeat","background-position":"center center","background-size":"auto","background-attachment":"scroll","background-type":"","background-media":"","overlay-type":"","overlay-color":"","overlay-opacity":"","overlay-gradient":""},"tablet":{"background-color":"","background-image":"","background-repeat":"repeat","background-position":"center center","background-size":"auto","background-attachment":"scroll","background-type":"","background-media":"","overlay-type":"","overlay-color":"","overlay-opacity":"","overlay-gradient":""},"mobile":{"background-color":"","background-image":"","background-repeat":"repeat","background-position":"center center","background-size":"auto","background-attachment":"scroll","background-type":"","background-media":"","overlay-type":"","overlay-color":"","overlay-opacity":"","overlay-gradient":""}},"ast-content-background-meta":{"desktop":{"background-color":"var(--ast-global-color-5)","background-image":"","background-repeat":"repeat","background-position":"center center","background-size":"auto","background-attachment":"scroll","background-type":"","background-media":"","overlay-type":"","overlay-color":"","overlay-opacity":"","overlay-gradient":""},"tablet":{"background-color":"var(--ast-global-color-5)","background-image":"","background-repeat":"repeat","background-position":"center center","background-size":"auto","background-attachment":"scroll","background-type":"","background-media":"","overlay-type":"","overlay-color":"","overlay-opacity":"","overlay-gradient":""},"mobile":{"background-color":"var(--ast-global-color-5)","background-image":"","background-repeat":"repeat","background-position":"center center","background-size":"auto","background-attachment":"scroll","background-type":"","background-media":"","overlay-type":"","overlay-color":"","overlay-opacity":"","overlay-gradient":""}},"footnotes":""},"class_list":["post-14","page","type-page","status-publish","hentry"],"yoast_head":"<!-- This site is optimized with the Yoast SEO plugin v27.2 - https:\/\/yoast.com\/product\/yoast-seo-wordpress\/ -->\n<title>For StudiesFor StudiesFor StudiesFor StudiesFor StudiesFor StudiesForStudiesStudijoms<\/title>\n<meta name=\"description\" content=\"The Library and Centre of Scientific Communication provides assistance and resources for thesis writing, plagiarism prevention, and artificial intelligence-related topics.\u017dinok kaip ra\u0161yti ra\u0161to darbus, neplagijuoti. Informacija apie bibliotek\u0105.\" \/>\n<meta name=\"robots\" content=\"index, follow, max-snippet:-1, max-image-preview:large, max-video-preview:-1\" \/>\n<link rel=\"canonical\" href=\"https:\/\/biblioteka.kaunokolegija.lt\/studijoms\/\" \/>\n<meta property=\"og:locale\" content=\"en_US\" \/>\n<meta property=\"og:type\" content=\"article\" \/>\n<meta property=\"og:title\" content=\"[:lt][:lt]Studijoms[:en]For Studies[:][:en]For StudiesFor StudiesFor StudiesFor StudiesFor StudiesForStudiesStudijoms[:]\" \/>\n<meta property=\"og:description\" content=\"{:lt}[:lt]Kauno kolegijos bibliotekos ir mokslin\u0117s komunikacijos centro informacija apie ra\u0161to darb\u0173 ra\u0161ym\u0105, plagiato prevencij\u0105 ir dirbtin\u012f intelekt\u0105.[:en]The Library and Centre of Scientific Communication provides assistance and resources for thesis writing, plagiarism prevention, and artificial intelligence-related topics.[:]{:en}\u017dinok kaip ra\u0161yti ra\u0161to darbus, neplagijuoti. Informacija apie bibliotek\u0105.{:}\" \/>\n<meta property=\"og:url\" content=\"https:\/\/biblioteka.kaunokolegija.lt\/studijoms\/\" \/>\n<meta property=\"og:site_name\" content=\"Kauno kolegijos biblioteka ir mokslin\u0117s komunikacijos centras\" \/>\n<meta property=\"article:publisher\" content=\"https:\/\/www.facebook.com\/Kauno.kolegija.biblioteka\" \/>\n<meta property=\"article:modified_time\" content=\"2023-07-11T11:45:00+00:00\" \/>\n<meta property=\"og:image\" content=\"https:\/\/biblioteka.kaunokolegija.lt\/wp-content\/uploads\/2023\/07\/Kaip-rasyti-darbus-.png\" \/>\n<meta name=\"twitter:card\" content=\"summary_large_image\" \/>\n<meta name=\"twitter:label1\" content=\"Est. reading time\" \/>\n\t<meta name=\"twitter:data1\" content=\"2 minutes\" \/>\n<!-- \/ Yoast SEO plugin. -->","yoast_head_json":{"title":"For StudiesFor StudiesFor StudiesFor StudiesFor StudiesFor StudiesForStudiesStudijoms","description":"The Library and Centre of Scientific Communication provides assistance and resources for thesis writing, plagiarism prevention, and artificial intelligence-related topics.\u017dinok kaip ra\u0161yti ra\u0161to darbus, neplagijuoti. Informacija apie bibliotek\u0105.","robots":{"index":"index","follow":"follow","max-snippet":"max-snippet:-1","max-image-preview":"max-image-preview:large","max-video-preview":"max-video-preview:-1"},"canonical":"https:\/\/biblioteka.kaunokolegija.lt\/studijoms\/","og_locale":"en_US","og_type":"article","og_title":"[:lt][:lt]Studijoms[:en]For Studies[:][:en]For StudiesFor StudiesFor StudiesFor StudiesFor StudiesForStudiesStudijoms[:]","og_description":"{:lt}[:lt]Kauno kolegijos bibliotekos ir mokslin\u0117s komunikacijos centro informacija apie ra\u0161to darb\u0173 ra\u0161ym\u0105, plagiato prevencij\u0105 ir dirbtin\u012f intelekt\u0105.[:en]The Library and Centre of Scientific Communication provides assistance and resources for thesis writing, plagiarism prevention, and artificial intelligence-related topics.[:]{:en}\u017dinok kaip ra\u0161yti ra\u0161to darbus, neplagijuoti. Informacija apie bibliotek\u0105.{:}","og_url":"https:\/\/biblioteka.kaunokolegija.lt\/studijoms\/","og_site_name":"Kauno kolegijos biblioteka ir mokslin\u0117s komunikacijos centras","article_publisher":"https:\/\/www.facebook.com\/Kauno.kolegija.biblioteka","article_modified_time":"2023-07-11T11:45:00+00:00","og_image":[{"url":"https:\/\/biblioteka.kaunokolegija.lt\/wp-content\/uploads\/2023\/07\/Kaip-rasyti-darbus-.png","type":"","width":"","height":""}],"twitter_card":"summary_large_image","twitter_misc":{"Est. reading time":"2 minutes"},"schema":{"@context":"https:\/\/schema.org","@graph":[{"@type":"WebPage","@id":"https:\/\/biblioteka.kaunokolegija.lt\/studijoms\/","url":"https:\/\/biblioteka.kaunokolegija.lt\/studijoms\/","name":"[:lt][:lt]Studijoms[:en]For Studies[:][:en]For StudiesFor StudiesFor StudiesFor StudiesFor StudiesForStudiesStudijoms[:]","isPartOf":{"@id":"https:\/\/biblioteka.kaunokolegija.lt\/#website"},"primaryImageOfPage":{"@id":"https:\/\/biblioteka.kaunokolegija.lt\/studijoms\/#primaryimage"},"image":{"@id":"https:\/\/biblioteka.kaunokolegija.lt\/studijoms\/#primaryimage"},"thumbnailUrl":"https:\/\/biblioteka.kaunokolegija.lt\/wp-content\/uploads\/2023\/07\/Kaip-rasyti-darbus-.png","datePublished":"2015-12-07T03:37:22+00:00","dateModified":"2023-07-11T11:45:00+00:00","description":"{:lt}[:lt]Kauno kolegijos bibliotekos ir mokslin\u0117s komunikacijos centro informacija apie ra\u0161to darb\u0173 ra\u0161ym\u0105, plagiato prevencij\u0105 ir dirbtin\u012f intelekt\u0105.[:en]The Library and Centre of Scientific Communication provides assistance and resources for thesis writing, plagiarism prevention, and artificial intelligence-related topics.[:]{:en}\u017dinok kaip ra\u0161yti ra\u0161to darbus, neplagijuoti. Informacija apie bibliotek\u0105.{:}","breadcrumb":{"@id":"https:\/\/biblioteka.kaunokolegija.lt\/studijoms\/#breadcrumb"},"inLanguage":"en-US","potentialAction":[{"@type":"ReadAction","target":["https:\/\/biblioteka.kaunokolegija.lt\/studijoms\/"]}]},{"@type":"ImageObject","inLanguage":"en-US","@id":"https:\/\/biblioteka.kaunokolegija.lt\/studijoms\/#primaryimage","url":"https:\/\/biblioteka.kaunokolegija.lt\/wp-content\/uploads\/2023\/07\/Kaip-rasyti-darbus-.png","contentUrl":"https:\/\/biblioteka.kaunokolegija.lt\/wp-content\/uploads\/2023\/07\/Kaip-rasyti-darbus-.png"},{"@type":"BreadcrumbList","@id":"https:\/\/biblioteka.kaunokolegija.lt\/studijoms\/#breadcrumb","itemListElement":[{"@type":"ListItem","position":1,"name":"Pagrindinis","item":"https:\/\/biblioteka.kaunokolegija.lt\/"},{"@type":"ListItem","position":2,"name":"Studijoms"}]},{"@type":"WebSite","@id":"https:\/\/biblioteka.kaunokolegija.lt\/#website","url":"https:\/\/biblioteka.kaunokolegija.lt\/","name":"Kauno kolegijos biblioteka ir informacijos i\u0161tekli\u0173 centras","description":"Kauno kolegijos biblioteka ir mokslin\u0117s komunikacijos centras","publisher":{"@id":"https:\/\/biblioteka.kaunokolegija.lt\/#organization"},"potentialAction":[{"@type":"SearchAction","target":{"@type":"EntryPoint","urlTemplate":"https:\/\/biblioteka.kaunokolegija.lt\/?s={search_term_string}"},"query-input":{"@type":"PropertyValueSpecification","valueRequired":true,"valueName":"search_term_string"}}],"inLanguage":"en-US"},{"@type":"Organization","@id":"https:\/\/biblioteka.kaunokolegija.lt\/#organization","name":"Kauno kolegijos biblioteka ir informacijos i\u0161tekli\u0173 centras","url":"https:\/\/biblioteka.kaunokolegija.lt\/","logo":{"@type":"ImageObject","inLanguage":"en-US","@id":"https:\/\/biblioteka.kaunokolegija.lt\/#\/schema\/logo\/image\/","url":"https:\/\/biblioteka.kaunokolegija.lt\/wp-content\/uploads\/2020\/10\/bibliotekos-cover-fb.jpg","contentUrl":"https:\/\/biblioteka.kaunokolegija.lt\/wp-content\/uploads\/2020\/10\/bibliotekos-cover-fb.jpg","width":1200,"height":630,"caption":"Kauno kolegijos biblioteka ir informacijos i\u0161tekli\u0173 centras"},"image":{"@id":"https:\/\/biblioteka.kaunokolegija.lt\/#\/schema\/logo\/image\/"},"sameAs":["https:\/\/www.facebook.com\/Kauno.kolegija.biblioteka"]}]}},"uagb_featured_image_src":{"full":false,"thumbnail":false,"medium":false,"medium_large":false,"large":false,"gs-tiny":false,"xl":false,"xxl":false,"xxxl":false,"xxxxl":false,"xxxxxl":false,"1536x1536":false,"2048x2048":false,"ultp_layout_landscape_large":false,"ultp_layout_landscape":false,"ultp_layout_portrait":false,"ultp_layout_square":false,"menu-24x24":false,"menu-36x36":false,"menu-48x48":false},"uagb_author_info":{"display_name":"BIBLIOTEKA","author_link":"https:\/\/biblioteka.kaunokolegija.lt\/en\/author\/vaiva\/"},"uagb_comment_info":0,"uagb_excerpt":null,"_links":{"self":[{"href":"https:\/\/biblioteka.kaunokolegija.lt\/en\/wp-json\/wp\/v2\/pages\/14","targetHints":{"allow":["GET"]}}],"collection":[{"href":"https:\/\/biblioteka.kaunokolegija.lt\/en\/wp-json\/wp\/v2\/pages"}],"about":[{"href":"https:\/\/biblioteka.kaunokolegija.lt\/en\/wp-json\/wp\/v2\/types\/page"}],"author":[{"embeddable":true,"href":"https:\/\/biblioteka.kaunokolegija.lt\/en\/wp-json\/wp\/v2\/users\/5"}],"replies":[{"embeddable":true,"href":"https:\/\/biblioteka.kaunokolegija.lt\/en\/wp-json\/wp\/v2\/comments?post=14"}],"version-history":[{"count":27,"href":"https:\/\/biblioteka.kaunokolegija.lt\/en\/wp-json\/wp\/v2\/pages\/14\/revisions"}],"predecessor-version":[{"id":9414,"href":"https:\/\/biblioteka.kaunokolegija.lt\/en\/wp-json\/wp\/v2\/pages\/14\/revisions\/9414"}],"wp:attachment":[{"href":"https:\/\/biblioteka.kaunokolegija.lt\/en\/wp-json\/wp\/v2\/media?parent=14"}],"curies":[{"name":"wp","href":"https:\/\/api.w.org\/{rel}","templated":true}]}}