{"id":129,"date":"2015-12-28T08:02:24","date_gmt":"2015-12-28T06:02:24","guid":{"rendered":"http:\/\/localhost\/wordpress\/?page_id=126"},"modified":"2025-08-27T11:04:49","modified_gmt":"2025-08-27T09:04:49","slug":"kaip-naudotis-biblioteka","status":"publish","type":"page","link":"https:\/\/biblioteka.kaunokolegija.lt\/en\/apie\/kaip-naudotis-biblioteka\/","title":{"rendered":"How to use the Library"},"content":{"rendered":"<p><\/p>\n\n\n\n<ul class=\"wp-block-list\">\n<li>Get acquainted with the Library rules and responsibly use the Library resources, services and spaces according to them. First-year students have the rules introduced during a Library training session in September, which they should attend, while others study them on their own.<\/li>\n\n\n\n<li>The Library is a place for studies and peaceful rest. It is necessary for the need of others for quiet learning and concentration while composing papers to be respected in the Library and its surroundings.<\/li>\n<\/ul>\n\n\n\n<p>Learn more: <a href=\"https:\/\/biblioteka.kaunokolegija.lt\/wp-content\/uploads\/2025\/08\/Library-Guide-20252026.pdf\"><strong>How to use the library services?<\/strong><\/a><\/p>\n\n\n\n<p>You can drink water or coffee from closed cups in the Library. However, it is not allowed to eat, make noise, talk on the phone, bring large handbags and violate the Library or public order rules. The Library prohibits transferring a Student Card to another person or using a card of another person; borrowing several copies of the same book; changing the location of publications on the Library shelves; removing book stickers or tearing out pages; turning on the volume working at the computer without headphones; playing computer games and using other things unrelated to studies.<\/p>\n\n\n\n<iframe src=\"https:\/\/www.youtube.com\/embed\/gWAtmUeHvxk\" allow=\"accelerometer; autoplay; clipboard-write; encrypted-media; gyroscope; picture-in-picture\" allowfullscreen=\"\" width=\"560\" height=\"315\" frameborder=\"0\"><\/iframe>\n\n\n\n<p><\/p>\n\n\n\n<p><\/p>","protected":false},"excerpt":{"rendered":"<p>Learn more: How to use the library services? You can drink water or coffee from closed cups in the Library. However, it is not allowed to eat, make noise, talk on the phone, bring large handbags and violate the Library or public order rules. The Library prohibits transferring a Student Card to another person or [&hellip;]<\/p>\n","protected":false},"author":5,"featured_media":0,"parent":8,"menu_order":0,"comment_status":"closed","ping_status":"closed","template":"","meta":{"_uag_custom_page_level_css":"","site-sidebar-layout":"default","site-content-layout":"default","ast-site-content-layout":"default","site-content-style":"default","site-sidebar-style":"default","ast-global-header-display":"","ast-banner-title-visibility":"","ast-main-header-display":"","ast-hfb-above-header-display":"","ast-hfb-below-header-display":"","ast-hfb-mobile-header-display":"","site-post-title":"","ast-breadcrumbs-content":"","ast-featured-img":"","footer-sml-layout":"","ast-disable-related-posts":"","theme-transparent-header-meta":"default","adv-header-id-meta":"","stick-header-meta":"","header-above-stick-meta":"","header-main-stick-meta":"","header-below-stick-meta":"","astra-migrate-meta-layouts":"default","ast-page-background-enabled":"default","ast-page-background-meta":{"desktop":{"background-color":"var(--ast-global-color-4)","background-image":"","background-repeat":"repeat","background-position":"center center","background-size":"auto","background-attachment":"scroll","background-type":"","background-media":"","overlay-type":"","overlay-color":"","overlay-opacity":"","overlay-gradient":""},"tablet":{"background-color":"","background-image":"","background-repeat":"repeat","background-position":"center center","background-size":"auto","background-attachment":"scroll","background-type":"","background-media":"","overlay-type":"","overlay-color":"","overlay-opacity":"","overlay-gradient":""},"mobile":{"background-color":"","background-image":"","background-repeat":"repeat","background-position":"center center","background-size":"auto","background-attachment":"scroll","background-type":"","background-media":"","overlay-type":"","overlay-color":"","overlay-opacity":"","overlay-gradient":""}},"ast-content-background-meta":{"desktop":{"background-color":"var(--ast-global-color-5)","background-image":"","background-repeat":"repeat","background-position":"center center","background-size":"auto","background-attachment":"scroll","background-type":"","background-media":"","overlay-type":"","overlay-color":"","overlay-opacity":"","overlay-gradient":""},"tablet":{"background-color":"var(--ast-global-color-5)","background-image":"","background-repeat":"repeat","background-position":"center center","background-size":"auto","background-attachment":"scroll","background-type":"","background-media":"","overlay-type":"","overlay-color":"","overlay-opacity":"","overlay-gradient":""},"mobile":{"background-color":"var(--ast-global-color-5)","background-image":"","background-repeat":"repeat","background-position":"center center","background-size":"auto","background-attachment":"scroll","background-type":"","background-media":"","overlay-type":"","overlay-color":"","overlay-opacity":"","overlay-gradient":""}},"footnotes":""},"class_list":["post-129","page","type-page","status-publish","hentry"],"yoast_head":"<!-- This site is optimized with the Yoast SEO plugin v27.2 - https:\/\/yoast.com\/product\/yoast-seo-wordpress\/ -->\n<title>How to use the Library<\/title>\n<meta name=\"description\" content=\"Lankytojai ir skaitytojai pirmiausia turi susipa\u017einti su bibliotekos taisykl\u0117mis ir, atsi\u017evelgiant \u012f jas, atsakingai naudotis bibliotekos i\u0161tekliais, paslaugomis ir erdv\u0117mis. Pirmo kurso studentai su taisykl\u0117mis turi susipa\u017einti rugs\u0117j\u012f apsilank\u0119 bibliotekos mokymuose, o kiti \u2013 savaranki\u0161kai.\" \/>\n<meta name=\"robots\" content=\"index, follow, max-snippet:-1, max-image-preview:large, max-video-preview:-1\" \/>\n<link rel=\"canonical\" href=\"https:\/\/biblioteka.kaunokolegija.lt\/apie\/kaip-naudotis-biblioteka\/\" \/>\n<meta property=\"og:locale\" content=\"en_US\" \/>\n<meta property=\"og:type\" content=\"article\" \/>\n<meta property=\"og:title\" content=\"[:lt]Kaip naudotis biblioteka[:en]How to use the Library[:]\" \/>\n<meta property=\"og:description\" content=\"Lankytojai ir skaitytojai pirmiausia turi susipa\u017einti su bibliotekos taisykl\u0117mis ir, atsi\u017evelgiant \u012f jas, atsakingai naudotis bibliotekos i\u0161tekliais, paslaugomis ir erdv\u0117mis. Pirmo kurso studentai su taisykl\u0117mis turi susipa\u017einti rugs\u0117j\u012f apsilank\u0119 bibliotekos mokymuose, o kiti \u2013 savaranki\u0161kai.\" \/>\n<meta property=\"og:url\" content=\"https:\/\/biblioteka.kaunokolegija.lt\/apie\/kaip-naudotis-biblioteka\/\" \/>\n<meta property=\"og:site_name\" content=\"Kauno kolegijos biblioteka ir mokslin\u0117s komunikacijos centras\" \/>\n<meta property=\"article:publisher\" content=\"https:\/\/www.facebook.com\/Kauno.kolegija.biblioteka\" \/>\n<meta property=\"article:modified_time\" content=\"2025-08-27T09:04:49+00:00\" \/>\n<meta property=\"og:image\" content=\"https:\/\/biblioteka.kaunokolegija.lt\/wp-content\/uploads\/2020\/10\/bibliotekos-cover-fb.jpg\" \/>\n\t<meta property=\"og:image:width\" content=\"1200\" \/>\n\t<meta property=\"og:image:height\" content=\"630\" \/>\n\t<meta property=\"og:image:type\" content=\"image\/jpeg\" \/>\n<meta name=\"twitter:card\" content=\"summary_large_image\" \/>\n<meta name=\"twitter:label1\" content=\"Est. reading time\" \/>\n\t<meta name=\"twitter:data1\" content=\"2 minutes\" \/>\n<!-- \/ Yoast SEO plugin. -->","yoast_head_json":{"title":"How to use the Library","description":"Lankytojai ir skaitytojai pirmiausia turi susipa\u017einti su bibliotekos taisykl\u0117mis ir, atsi\u017evelgiant \u012f jas, atsakingai naudotis bibliotekos i\u0161tekliais, paslaugomis ir erdv\u0117mis. Pirmo kurso studentai su taisykl\u0117mis turi susipa\u017einti rugs\u0117j\u012f apsilank\u0119 bibliotekos mokymuose, o kiti \u2013 savaranki\u0161kai.","robots":{"index":"index","follow":"follow","max-snippet":"max-snippet:-1","max-image-preview":"max-image-preview:large","max-video-preview":"max-video-preview:-1"},"canonical":"https:\/\/biblioteka.kaunokolegija.lt\/apie\/kaip-naudotis-biblioteka\/","og_locale":"en_US","og_type":"article","og_title":"[:lt]Kaip naudotis biblioteka[:en]How to use the Library[:]","og_description":"Lankytojai ir skaitytojai pirmiausia turi susipa\u017einti su bibliotekos taisykl\u0117mis ir, atsi\u017evelgiant \u012f jas, atsakingai naudotis bibliotekos i\u0161tekliais, paslaugomis ir erdv\u0117mis. Pirmo kurso studentai su taisykl\u0117mis turi susipa\u017einti rugs\u0117j\u012f apsilank\u0119 bibliotekos mokymuose, o kiti \u2013 savaranki\u0161kai.","og_url":"https:\/\/biblioteka.kaunokolegija.lt\/apie\/kaip-naudotis-biblioteka\/","og_site_name":"Kauno kolegijos biblioteka ir mokslin\u0117s komunikacijos centras","article_publisher":"https:\/\/www.facebook.com\/Kauno.kolegija.biblioteka","article_modified_time":"2025-08-27T09:04:49+00:00","og_image":[{"width":1200,"height":630,"url":"https:\/\/biblioteka.kaunokolegija.lt\/wp-content\/uploads\/2020\/10\/bibliotekos-cover-fb.jpg","type":"image\/jpeg"}],"twitter_card":"summary_large_image","twitter_misc":{"Est. reading time":"2 minutes"},"schema":{"@context":"https:\/\/schema.org","@graph":[{"@type":"WebPage","@id":"https:\/\/biblioteka.kaunokolegija.lt\/apie\/kaip-naudotis-biblioteka\/","url":"https:\/\/biblioteka.kaunokolegija.lt\/apie\/kaip-naudotis-biblioteka\/","name":"[:lt]Kaip naudotis biblioteka[:en]How to use the Library[:]","isPartOf":{"@id":"https:\/\/biblioteka.kaunokolegija.lt\/#website"},"datePublished":"2015-12-28T06:02:24+00:00","dateModified":"2025-08-27T09:04:49+00:00","description":"Lankytojai ir skaitytojai pirmiausia turi susipa\u017einti su bibliotekos taisykl\u0117mis ir, atsi\u017evelgiant \u012f jas, atsakingai naudotis bibliotekos i\u0161tekliais, paslaugomis ir erdv\u0117mis. Pirmo kurso studentai su taisykl\u0117mis turi susipa\u017einti rugs\u0117j\u012f apsilank\u0119 bibliotekos mokymuose, o kiti \u2013 savaranki\u0161kai.","breadcrumb":{"@id":"https:\/\/biblioteka.kaunokolegija.lt\/apie\/kaip-naudotis-biblioteka\/#breadcrumb"},"inLanguage":"en-US","potentialAction":[{"@type":"ReadAction","target":["https:\/\/biblioteka.kaunokolegija.lt\/apie\/kaip-naudotis-biblioteka\/"]}]},{"@type":"BreadcrumbList","@id":"https:\/\/biblioteka.kaunokolegija.lt\/apie\/kaip-naudotis-biblioteka\/#breadcrumb","itemListElement":[{"@type":"ListItem","position":1,"name":"Pagrindinis","item":"https:\/\/biblioteka.kaunokolegija.lt\/"},{"@type":"ListItem","position":2,"name":"Apie","item":"https:\/\/biblioteka.kaunokolegija.lt\/apie\/"},{"@type":"ListItem","position":3,"name":"Kaip naudotis biblioteka"}]},{"@type":"WebSite","@id":"https:\/\/biblioteka.kaunokolegija.lt\/#website","url":"https:\/\/biblioteka.kaunokolegija.lt\/","name":"Kauno kolegijos biblioteka ir informacijos i\u0161tekli\u0173 centras","description":"Kauno kolegijos biblioteka ir mokslin\u0117s komunikacijos centras","publisher":{"@id":"https:\/\/biblioteka.kaunokolegija.lt\/#organization"},"potentialAction":[{"@type":"SearchAction","target":{"@type":"EntryPoint","urlTemplate":"https:\/\/biblioteka.kaunokolegija.lt\/?s={search_term_string}"},"query-input":{"@type":"PropertyValueSpecification","valueRequired":true,"valueName":"search_term_string"}}],"inLanguage":"en-US"},{"@type":"Organization","@id":"https:\/\/biblioteka.kaunokolegija.lt\/#organization","name":"Kauno kolegijos biblioteka ir informacijos i\u0161tekli\u0173 centras","url":"https:\/\/biblioteka.kaunokolegija.lt\/","logo":{"@type":"ImageObject","inLanguage":"en-US","@id":"https:\/\/biblioteka.kaunokolegija.lt\/#\/schema\/logo\/image\/","url":"https:\/\/biblioteka.kaunokolegija.lt\/wp-content\/uploads\/2020\/10\/bibliotekos-cover-fb.jpg","contentUrl":"https:\/\/biblioteka.kaunokolegija.lt\/wp-content\/uploads\/2020\/10\/bibliotekos-cover-fb.jpg","width":1200,"height":630,"caption":"Kauno kolegijos biblioteka ir informacijos i\u0161tekli\u0173 centras"},"image":{"@id":"https:\/\/biblioteka.kaunokolegija.lt\/#\/schema\/logo\/image\/"},"sameAs":["https:\/\/www.facebook.com\/Kauno.kolegija.biblioteka"]}]}},"uagb_featured_image_src":{"full":false,"thumbnail":false,"medium":false,"medium_large":false,"large":false,"gs-tiny":false,"xl":false,"xxl":false,"xxxl":false,"xxxxl":false,"xxxxxl":false,"1536x1536":false,"2048x2048":false,"ultp_layout_landscape_large":false,"ultp_layout_landscape":false,"ultp_layout_portrait":false,"ultp_layout_square":false,"menu-24x24":false,"menu-36x36":false,"menu-48x48":false},"uagb_author_info":{"display_name":"BIBLIOTEKA","author_link":"https:\/\/biblioteka.kaunokolegija.lt\/en\/author\/vaiva\/"},"uagb_comment_info":0,"uagb_excerpt":"Learn more: How to use the library services? You can drink water or coffee from closed cups in the Library. However, it is not allowed to eat, make noise, talk on the phone, bring large handbags and violate the Library or public order rules. The Library prohibits transferring a Student Card to another person or&hellip;","_links":{"self":[{"href":"https:\/\/biblioteka.kaunokolegija.lt\/en\/wp-json\/wp\/v2\/pages\/129","targetHints":{"allow":["GET"]}}],"collection":[{"href":"https:\/\/biblioteka.kaunokolegija.lt\/en\/wp-json\/wp\/v2\/pages"}],"about":[{"href":"https:\/\/biblioteka.kaunokolegija.lt\/en\/wp-json\/wp\/v2\/types\/page"}],"author":[{"embeddable":true,"href":"https:\/\/biblioteka.kaunokolegija.lt\/en\/wp-json\/wp\/v2\/users\/5"}],"replies":[{"embeddable":true,"href":"https:\/\/biblioteka.kaunokolegija.lt\/en\/wp-json\/wp\/v2\/comments?post=129"}],"version-history":[{"count":38,"href":"https:\/\/biblioteka.kaunokolegija.lt\/en\/wp-json\/wp\/v2\/pages\/129\/revisions"}],"predecessor-version":[{"id":16431,"href":"https:\/\/biblioteka.kaunokolegija.lt\/en\/wp-json\/wp\/v2\/pages\/129\/revisions\/16431"}],"up":[{"embeddable":true,"href":"https:\/\/biblioteka.kaunokolegija.lt\/en\/wp-json\/wp\/v2\/pages\/8"}],"wp:attachment":[{"href":"https:\/\/biblioteka.kaunokolegija.lt\/en\/wp-json\/wp\/v2\/media?parent=129"}],"curies":[{"name":"wp","href":"https:\/\/api.w.org\/{rel}","templated":true}]}}