{"id":128,"date":"2015-12-28T08:01:05","date_gmt":"2015-12-28T06:01:05","guid":{"rendered":"http:\/\/localhost\/wordpress\/?page_id=124"},"modified":"2024-05-24T08:33:38","modified_gmt":"2024-05-24T06:33:38","slug":"erdves-studijoms-ir-laisvalaikiui","status":"publish","type":"page","link":"https:\/\/biblioteka.kaunokolegija.lt\/en\/paslaugos\/erdves-studijoms-ir-laisvalaikiui\/","title":{"rendered":"Library Spaces"},"content":{"rendered":"<p><\/p>\n\n\n\n<p>The Library is located in a modern building, the Centre for Studies, opened in 2014. The Library serves the needs of the students of all the faculties of Kauno kolegija Higher Education Institution. The area of the Library is 2160 square meters and is distributed on three floors:<\/p>\n\n\n\n<ul class=\"wp-block-list\"><li>The ground floor houses the repository of publications and the Office of the Head of the Library, the Library staff;<\/li><li>The open Library funds and spaces for readers, who are served by professional librarians and an information consultant, are on the first and second floor.<\/li><li>On the second floor of the library, in the teamwork room (Room 307), there are board games that can be played in the library or borrowed for home use. When playing board games, it is important to follow the rules of responsible use by keeping the parts of the games, not throwing them away, and returning the games in the same condition as when they were lent. A full list of games can be found and ordered from the <a href=\"https:\/\/kaunokolegija.primo.exlibrisgroup.com\/discovery\/search?query=any,contains,%C5%BEaidimai&amp;tab=Everything&amp;search_scope=MyInst_and_CI&amp;vid=370KUOAS_INST:KK&amp;facet=tlevel,include,available_p&amp;facet=rtype,include,other&amp;offset=0\">Virtual Library<\/a>.<\/li><\/ul>\n\n\n\n<p>There are shelves 2428 meters long for various publications:<\/p>\n\n\n\n<ul class=\"wp-block-list\"><li>1612 meters for open funds, and<\/li><li>816 meters of mobile shelves in the repository.<\/li><\/ul>\n\n\n\n<p>Students and other readers can use interactive Library map: <a href=\"http:\/\/biblioteka.kaunokolegija.lt\/map\">http:\/\/biblioteka.kaunokolegija.lt\/map<\/a><\/p>\n\n\n\n<p><\/p>","protected":false},"excerpt":{"rendered":"<p>The Library is located in a modern building, the Centre for Studies, opened in 2014. The Library serves the needs of the students of all the faculties of Kauno kolegija Higher Education Institution. The area of the Library is 2160 square meters and is distributed on three floors: The ground floor houses the repository of [&hellip;]<\/p>\n","protected":false},"author":5,"featured_media":0,"parent":10,"menu_order":0,"comment_status":"closed","ping_status":"closed","template":"","meta":{"_uag_custom_page_level_css":"","site-sidebar-layout":"default","site-content-layout":"default","ast-site-content-layout":"default","site-content-style":"default","site-sidebar-style":"default","ast-global-header-display":"","ast-banner-title-visibility":"","ast-main-header-display":"","ast-hfb-above-header-display":"","ast-hfb-below-header-display":"","ast-hfb-mobile-header-display":"","site-post-title":"","ast-breadcrumbs-content":"","ast-featured-img":"","footer-sml-layout":"","ast-disable-related-posts":"","theme-transparent-header-meta":"default","adv-header-id-meta":"","stick-header-meta":"","header-above-stick-meta":"","header-main-stick-meta":"","header-below-stick-meta":"","astra-migrate-meta-layouts":"default","ast-page-background-enabled":"default","ast-page-background-meta":{"desktop":{"background-color":"var(--ast-global-color-4)","background-image":"","background-repeat":"repeat","background-position":"center center","background-size":"auto","background-attachment":"scroll","background-type":"","background-media":"","overlay-type":"","overlay-color":"","overlay-opacity":"","overlay-gradient":""},"tablet":{"background-color":"","background-image":"","background-repeat":"repeat","background-position":"center center","background-size":"auto","background-attachment":"scroll","background-type":"","background-media":"","overlay-type":"","overlay-color":"","overlay-opacity":"","overlay-gradient":""},"mobile":{"background-color":"","background-image":"","background-repeat":"repeat","background-position":"center center","background-size":"auto","background-attachment":"scroll","background-type":"","background-media":"","overlay-type":"","overlay-color":"","overlay-opacity":"","overlay-gradient":""}},"ast-content-background-meta":{"desktop":{"background-color":"var(--ast-global-color-5)","background-image":"","background-repeat":"repeat","background-position":"center center","background-size":"auto","background-attachment":"scroll","background-type":"","background-media":"","overlay-type":"","overlay-color":"","overlay-opacity":"","overlay-gradient":""},"tablet":{"background-color":"var(--ast-global-color-5)","background-image":"","background-repeat":"repeat","background-position":"center center","background-size":"auto","background-attachment":"scroll","background-type":"","background-media":"","overlay-type":"","overlay-color":"","overlay-opacity":"","overlay-gradient":""},"mobile":{"background-color":"var(--ast-global-color-5)","background-image":"","background-repeat":"repeat","background-position":"center center","background-size":"auto","background-attachment":"scroll","background-type":"","background-media":"","overlay-type":"","overlay-color":"","overlay-opacity":"","overlay-gradient":""}},"footnotes":""},"class_list":["post-128","page","type-page","status-publish","hentry"],"yoast_head":"<!-- This site is optimized with the Yoast SEO plugin v27.4 - https:\/\/yoast.com\/product\/yoast-seo-wordpress\/ -->\n<title>Library Spaces<\/title>\n<meta name=\"description\" content=\"Biblioteka yra atvira visiems. Kiekvienas gali bibliotekoje apsilankyti, skaityti leidinius ar gauti kit\u0105 informacij\u0105.\" \/>\n<meta name=\"robots\" content=\"index, follow, max-snippet:-1, max-image-preview:large, max-video-preview:-1\" \/>\n<link rel=\"canonical\" href=\"https:\/\/biblioteka.kaunokolegija.lt\/paslaugos\/erdves-studijoms-ir-laisvalaikiui\/\" \/>\n<meta property=\"og:locale\" content=\"en_US\" \/>\n<meta property=\"og:type\" content=\"article\" \/>\n<meta property=\"og:title\" content=\"[:lt]Erdv\u0117s studijoms[:en]Library Spaces[:]\" \/>\n<meta property=\"og:description\" content=\"Biblioteka yra atvira visiems. Kiekvienas gali bibliotekoje apsilankyti, skaityti leidinius ar gauti kit\u0105 informacij\u0105.\" \/>\n<meta property=\"og:url\" content=\"https:\/\/biblioteka.kaunokolegija.lt\/paslaugos\/erdves-studijoms-ir-laisvalaikiui\/\" \/>\n<meta property=\"og:site_name\" content=\"Kauno kolegijos biblioteka ir mokslin\u0117s komunikacijos centras\" \/>\n<meta property=\"article:publisher\" content=\"https:\/\/www.facebook.com\/Kauno.kolegija.biblioteka\" \/>\n<meta property=\"article:modified_time\" content=\"2024-05-24T06:33:38+00:00\" \/>\n<meta property=\"og:image\" content=\"https:\/\/biblioteka.kaunokolegija.lt\/wp-content\/uploads\/2020\/10\/bibliotekos-cover-fb.jpg\" \/>\n\t<meta property=\"og:image:width\" content=\"1200\" \/>\n\t<meta property=\"og:image:height\" content=\"630\" \/>\n\t<meta property=\"og:image:type\" content=\"image\/jpeg\" \/>\n<meta name=\"twitter:card\" content=\"summary_large_image\" \/>\n<meta name=\"twitter:label1\" content=\"Est. reading time\" \/>\n\t<meta name=\"twitter:data1\" content=\"3 minutes\" \/>\n<!-- \/ Yoast SEO plugin. -->","yoast_head_json":{"title":"Library Spaces","description":"Biblioteka yra atvira visiems. Kiekvienas gali bibliotekoje apsilankyti, skaityti leidinius ar gauti kit\u0105 informacij\u0105.","robots":{"index":"index","follow":"follow","max-snippet":"max-snippet:-1","max-image-preview":"max-image-preview:large","max-video-preview":"max-video-preview:-1"},"canonical":"https:\/\/biblioteka.kaunokolegija.lt\/paslaugos\/erdves-studijoms-ir-laisvalaikiui\/","og_locale":"en_US","og_type":"article","og_title":"[:lt]Erdv\u0117s studijoms[:en]Library Spaces[:]","og_description":"Biblioteka yra atvira visiems. Kiekvienas gali bibliotekoje apsilankyti, skaityti leidinius ar gauti kit\u0105 informacij\u0105.","og_url":"https:\/\/biblioteka.kaunokolegija.lt\/paslaugos\/erdves-studijoms-ir-laisvalaikiui\/","og_site_name":"Kauno kolegijos biblioteka ir mokslin\u0117s komunikacijos centras","article_publisher":"https:\/\/www.facebook.com\/Kauno.kolegija.biblioteka","article_modified_time":"2024-05-24T06:33:38+00:00","og_image":[{"width":1200,"height":630,"url":"https:\/\/biblioteka.kaunokolegija.lt\/wp-content\/uploads\/2020\/10\/bibliotekos-cover-fb.jpg","type":"image\/jpeg"}],"twitter_card":"summary_large_image","twitter_misc":{"Est. reading time":"3 minutes"},"schema":{"@context":"https:\/\/schema.org","@graph":[{"@type":"WebPage","@id":"https:\/\/biblioteka.kaunokolegija.lt\/paslaugos\/erdves-studijoms-ir-laisvalaikiui\/","url":"https:\/\/biblioteka.kaunokolegija.lt\/paslaugos\/erdves-studijoms-ir-laisvalaikiui\/","name":"[:lt]Erdv\u0117s studijoms[:en]Library Spaces[:]","isPartOf":{"@id":"https:\/\/biblioteka.kaunokolegija.lt\/#website"},"datePublished":"2015-12-28T06:01:05+00:00","dateModified":"2024-05-24T06:33:38+00:00","description":"Biblioteka yra atvira visiems. Kiekvienas gali bibliotekoje apsilankyti, skaityti leidinius ar gauti kit\u0105 informacij\u0105.","breadcrumb":{"@id":"https:\/\/biblioteka.kaunokolegija.lt\/paslaugos\/erdves-studijoms-ir-laisvalaikiui\/#breadcrumb"},"inLanguage":"en-US","potentialAction":[{"@type":"ReadAction","target":["https:\/\/biblioteka.kaunokolegija.lt\/paslaugos\/erdves-studijoms-ir-laisvalaikiui\/"]}]},{"@type":"BreadcrumbList","@id":"https:\/\/biblioteka.kaunokolegija.lt\/paslaugos\/erdves-studijoms-ir-laisvalaikiui\/#breadcrumb","itemListElement":[{"@type":"ListItem","position":1,"name":"Pagrindinis","item":"https:\/\/biblioteka.kaunokolegija.lt\/"},{"@type":"ListItem","position":2,"name":"Paslaugos","item":"https:\/\/biblioteka.kaunokolegija.lt\/paslaugos\/"},{"@type":"ListItem","position":3,"name":"Erdv\u0117s studijoms ir laisvalaikiui"}]},{"@type":"WebSite","@id":"https:\/\/biblioteka.kaunokolegija.lt\/#website","url":"https:\/\/biblioteka.kaunokolegija.lt\/","name":"Kauno kolegijos biblioteka ir informacijos i\u0161tekli\u0173 centras","description":"Kauno kolegijos biblioteka ir mokslin\u0117s komunikacijos centras","publisher":{"@id":"https:\/\/biblioteka.kaunokolegija.lt\/#organization"},"potentialAction":[{"@type":"SearchAction","target":{"@type":"EntryPoint","urlTemplate":"https:\/\/biblioteka.kaunokolegija.lt\/?s={search_term_string}"},"query-input":{"@type":"PropertyValueSpecification","valueRequired":true,"valueName":"search_term_string"}}],"inLanguage":"en-US"},{"@type":"Organization","@id":"https:\/\/biblioteka.kaunokolegija.lt\/#organization","name":"Kauno kolegijos biblioteka ir informacijos i\u0161tekli\u0173 centras","url":"https:\/\/biblioteka.kaunokolegija.lt\/","logo":{"@type":"ImageObject","inLanguage":"en-US","@id":"https:\/\/biblioteka.kaunokolegija.lt\/#\/schema\/logo\/image\/","url":"https:\/\/biblioteka.kaunokolegija.lt\/wp-content\/uploads\/2020\/10\/bibliotekos-cover-fb.jpg","contentUrl":"https:\/\/biblioteka.kaunokolegija.lt\/wp-content\/uploads\/2020\/10\/bibliotekos-cover-fb.jpg","width":1200,"height":630,"caption":"Kauno kolegijos biblioteka ir informacijos i\u0161tekli\u0173 centras"},"image":{"@id":"https:\/\/biblioteka.kaunokolegija.lt\/#\/schema\/logo\/image\/"},"sameAs":["https:\/\/www.facebook.com\/Kauno.kolegija.biblioteka"]}]}},"uagb_featured_image_src":{"full":false,"thumbnail":false,"medium":false,"medium_large":false,"large":false,"gs-tiny":false,"xl":false,"xxl":false,"xxxl":false,"xxxxl":false,"xxxxxl":false,"1536x1536":false,"2048x2048":false,"ultp_layout_landscape_large":false,"ultp_layout_landscape":false,"ultp_layout_portrait":false,"ultp_layout_square":false,"menu-24x24":false,"menu-36x36":false,"menu-48x48":false},"uagb_author_info":{"display_name":"BIBLIOTEKA","author_link":"https:\/\/biblioteka.kaunokolegija.lt\/en\/author\/vaiva\/"},"uagb_comment_info":0,"uagb_excerpt":"The Library is located in a modern building, the Centre for Studies, opened in 2014. The Library serves the needs of the students of all the faculties of Kauno kolegija Higher Education Institution. The area of the Library is 2160 square meters and is distributed on three floors: The ground floor houses the repository of&hellip;","_links":{"self":[{"href":"https:\/\/biblioteka.kaunokolegija.lt\/en\/wp-json\/wp\/v2\/pages\/128","targetHints":{"allow":["GET"]}}],"collection":[{"href":"https:\/\/biblioteka.kaunokolegija.lt\/en\/wp-json\/wp\/v2\/pages"}],"about":[{"href":"https:\/\/biblioteka.kaunokolegija.lt\/en\/wp-json\/wp\/v2\/types\/page"}],"author":[{"embeddable":true,"href":"https:\/\/biblioteka.kaunokolegija.lt\/en\/wp-json\/wp\/v2\/users\/5"}],"replies":[{"embeddable":true,"href":"https:\/\/biblioteka.kaunokolegija.lt\/en\/wp-json\/wp\/v2\/comments?post=128"}],"version-history":[{"count":36,"href":"https:\/\/biblioteka.kaunokolegija.lt\/en\/wp-json\/wp\/v2\/pages\/128\/revisions"}],"predecessor-version":[{"id":10376,"href":"https:\/\/biblioteka.kaunokolegija.lt\/en\/wp-json\/wp\/v2\/pages\/128\/revisions\/10376"}],"up":[{"embeddable":true,"href":"https:\/\/biblioteka.kaunokolegija.lt\/en\/wp-json\/wp\/v2\/pages\/10"}],"wp:attachment":[{"href":"https:\/\/biblioteka.kaunokolegija.lt\/en\/wp-json\/wp\/v2\/media?parent=128"}],"curies":[{"name":"wp","href":"https:\/\/api.w.org\/{rel}","templated":true}]}}