{"id":126,"date":"2015-12-28T08:00:49","date_gmt":"2015-12-28T06:00:49","guid":{"rendered":"http:\/\/localhost\/wordpress\/?page_id=122"},"modified":"2023-02-03T12:48:31","modified_gmt":"2023-02-03T10:48:31","slug":"prieiga-prie-el-istekliu","status":"publish","type":"page","link":"https:\/\/biblioteka.kaunokolegija.lt\/en\/paslaugos\/prieiga-prie-el-istekliu\/","title":{"rendered":"Access to e-resources"},"content":{"rendered":"<p><\/p>\n\n\n\n<p>Students and other Kauno kolegija Higher Education Institution users have access to various e-resources. Institution has subscribed to 16 databases:<\/p>\n\n\n\n<ul class=\"wp-block-list\"><li>5 Lithuanian databases (VGTU, VitaeLitera, KTU e-books, a database of the field of Law&nbsp;<em>Infolex<\/em>, Lithuanian standards);<\/li><li>11 international databases (<em>EBSCO Publishing, EBSCO ebooks, Emerald Management, SpringerLINK<\/em>).<\/li><\/ul>\n\n\n\n<p>These databases provide access to 200 000 e-books as well as 16 000 full-text scientific journals and other publications.<\/p>\n\n\n\n<p>Subscribed and tested databases can be used on Kauno kolegija Higher Education Institution computers or elsewhere having connected via\u00a0<a href=\"https:\/\/my.kauko.lt\/?page=wifireg&amp;lang=lt\">VPN,<\/a>\u00a0or Virtual Library &lt;<a href=\"https:\/\/kaunokolegija.primo.exlibrisgroup.com\/discovery\/search?vid=370KUOAS_INST:KK&amp;lang=en\">http:\/\/vb.kaunokolegija.lt\/<\/a>> by using institutional e-mail name and password.<\/p>\n\n\n\n<p>The Library selects and offers reliable Lithuanian as well as foreign open access resources, and suggests testing international databases.<\/p>\n\n\n\n<p><\/p>","protected":false},"excerpt":{"rendered":"<p>Students and other Kauno kolegija Higher Education Institution users have access to various e-resources. Institution has subscribed to 16 databases: 5 Lithuanian databases (VGTU, VitaeLitera, KTU e-books, a database of the field of Law&nbsp;Infolex, Lithuanian standards); 11 international databases (EBSCO Publishing, EBSCO ebooks, Emerald Management, SpringerLINK). These databases provide access to 200 000 e-books as [&hellip;]<\/p>\n","protected":false},"author":5,"featured_media":0,"parent":10,"menu_order":0,"comment_status":"closed","ping_status":"closed","template":"","meta":{"_uag_custom_page_level_css":"","site-sidebar-layout":"default","site-content-layout":"default","ast-site-content-layout":"default","site-content-style":"default","site-sidebar-style":"default","ast-global-header-display":"","ast-banner-title-visibility":"","ast-main-header-display":"","ast-hfb-above-header-display":"","ast-hfb-below-header-display":"","ast-hfb-mobile-header-display":"","site-post-title":"","ast-breadcrumbs-content":"","ast-featured-img":"","footer-sml-layout":"","ast-disable-related-posts":"","theme-transparent-header-meta":"default","adv-header-id-meta":"","stick-header-meta":"","header-above-stick-meta":"","header-main-stick-meta":"","header-below-stick-meta":"","astra-migrate-meta-layouts":"default","ast-page-background-enabled":"default","ast-page-background-meta":{"desktop":{"background-color":"var(--ast-global-color-4)","background-image":"","background-repeat":"repeat","background-position":"center center","background-size":"auto","background-attachment":"scroll","background-type":"","background-media":"","overlay-type":"","overlay-color":"","overlay-opacity":"","overlay-gradient":""},"tablet":{"background-color":"","background-image":"","background-repeat":"repeat","background-position":"center center","background-size":"auto","background-attachment":"scroll","background-type":"","background-media":"","overlay-type":"","overlay-color":"","overlay-opacity":"","overlay-gradient":""},"mobile":{"background-color":"","background-image":"","background-repeat":"repeat","background-position":"center center","background-size":"auto","background-attachment":"scroll","background-type":"","background-media":"","overlay-type":"","overlay-color":"","overlay-opacity":"","overlay-gradient":""}},"ast-content-background-meta":{"desktop":{"background-color":"var(--ast-global-color-5)","background-image":"","background-repeat":"repeat","background-position":"center center","background-size":"auto","background-attachment":"scroll","background-type":"","background-media":"","overlay-type":"","overlay-color":"","overlay-opacity":"","overlay-gradient":""},"tablet":{"background-color":"var(--ast-global-color-5)","background-image":"","background-repeat":"repeat","background-position":"center center","background-size":"auto","background-attachment":"scroll","background-type":"","background-media":"","overlay-type":"","overlay-color":"","overlay-opacity":"","overlay-gradient":""},"mobile":{"background-color":"var(--ast-global-color-5)","background-image":"","background-repeat":"repeat","background-position":"center center","background-size":"auto","background-attachment":"scroll","background-type":"","background-media":"","overlay-type":"","overlay-color":"","overlay-opacity":"","overlay-gradient":""}},"footnotes":""},"class_list":["post-126","page","type-page","status-publish","hentry"],"yoast_head":"<!-- This site is optimized with the Yoast SEO plugin v27.2 - https:\/\/yoast.com\/product\/yoast-seo-wordpress\/ -->\n<title>Access to e-resources<\/title>\n<meta name=\"description\" content=\"Konsultacijos ir naujienos\" \/>\n<meta name=\"robots\" content=\"index, follow, max-snippet:-1, max-image-preview:large, max-video-preview:-1\" \/>\n<link rel=\"canonical\" href=\"https:\/\/biblioteka.kaunokolegija.lt\/paslaugos\/prieiga-prie-el-istekliu\/\" \/>\n<meta property=\"og:locale\" content=\"en_US\" \/>\n<meta property=\"og:type\" content=\"article\" \/>\n<meta property=\"og:title\" content=\"[:lt]Prieiga prie el. i\u0161tekli\u0173[:en]Access to e-resources[:]\" \/>\n<meta property=\"og:description\" content=\"Konsultacijos ir naujienos\" \/>\n<meta property=\"og:url\" content=\"https:\/\/biblioteka.kaunokolegija.lt\/paslaugos\/prieiga-prie-el-istekliu\/\" \/>\n<meta property=\"og:site_name\" content=\"Kauno kolegijos biblioteka ir mokslin\u0117s komunikacijos centras\" \/>\n<meta property=\"article:publisher\" content=\"https:\/\/www.facebook.com\/Kauno.kolegija.biblioteka\" \/>\n<meta property=\"article:modified_time\" content=\"2023-02-03T10:48:31+00:00\" \/>\n<meta property=\"og:image\" content=\"https:\/\/biblioteka.kaunokolegija.lt\/wp-content\/uploads\/2020\/10\/bibliotekos-cover-fb.jpg\" \/>\n\t<meta property=\"og:image:width\" content=\"1200\" \/>\n\t<meta property=\"og:image:height\" content=\"630\" \/>\n\t<meta property=\"og:image:type\" content=\"image\/jpeg\" \/>\n<meta name=\"twitter:card\" content=\"summary_large_image\" \/>\n<meta name=\"twitter:label1\" content=\"Est. reading time\" \/>\n\t<meta name=\"twitter:data1\" content=\"2 minutes\" \/>\n<!-- \/ Yoast SEO plugin. -->","yoast_head_json":{"title":"Access to e-resources","description":"Konsultacijos ir naujienos","robots":{"index":"index","follow":"follow","max-snippet":"max-snippet:-1","max-image-preview":"max-image-preview:large","max-video-preview":"max-video-preview:-1"},"canonical":"https:\/\/biblioteka.kaunokolegija.lt\/paslaugos\/prieiga-prie-el-istekliu\/","og_locale":"en_US","og_type":"article","og_title":"[:lt]Prieiga prie el. i\u0161tekli\u0173[:en]Access to e-resources[:]","og_description":"Konsultacijos ir naujienos","og_url":"https:\/\/biblioteka.kaunokolegija.lt\/paslaugos\/prieiga-prie-el-istekliu\/","og_site_name":"Kauno kolegijos biblioteka ir mokslin\u0117s komunikacijos centras","article_publisher":"https:\/\/www.facebook.com\/Kauno.kolegija.biblioteka","article_modified_time":"2023-02-03T10:48:31+00:00","og_image":[{"width":1200,"height":630,"url":"https:\/\/biblioteka.kaunokolegija.lt\/wp-content\/uploads\/2020\/10\/bibliotekos-cover-fb.jpg","type":"image\/jpeg"}],"twitter_card":"summary_large_image","twitter_misc":{"Est. reading time":"2 minutes"},"schema":{"@context":"https:\/\/schema.org","@graph":[{"@type":"WebPage","@id":"https:\/\/biblioteka.kaunokolegija.lt\/paslaugos\/prieiga-prie-el-istekliu\/","url":"https:\/\/biblioteka.kaunokolegija.lt\/paslaugos\/prieiga-prie-el-istekliu\/","name":"[:lt]Prieiga prie el. i\u0161tekli\u0173[:en]Access to e-resources[:]","isPartOf":{"@id":"https:\/\/biblioteka.kaunokolegija.lt\/#website"},"datePublished":"2015-12-28T06:00:49+00:00","dateModified":"2023-02-03T10:48:31+00:00","description":"Konsultacijos ir naujienos","breadcrumb":{"@id":"https:\/\/biblioteka.kaunokolegija.lt\/paslaugos\/prieiga-prie-el-istekliu\/#breadcrumb"},"inLanguage":"en-US","potentialAction":[{"@type":"ReadAction","target":["https:\/\/biblioteka.kaunokolegija.lt\/paslaugos\/prieiga-prie-el-istekliu\/"]}]},{"@type":"BreadcrumbList","@id":"https:\/\/biblioteka.kaunokolegija.lt\/paslaugos\/prieiga-prie-el-istekliu\/#breadcrumb","itemListElement":[{"@type":"ListItem","position":1,"name":"Pagrindinis","item":"https:\/\/biblioteka.kaunokolegija.lt\/"},{"@type":"ListItem","position":2,"name":"Paslaugos","item":"https:\/\/biblioteka.kaunokolegija.lt\/paslaugos\/"},{"@type":"ListItem","position":3,"name":"Prieiga prie el. i\u0161tekli\u0173"}]},{"@type":"WebSite","@id":"https:\/\/biblioteka.kaunokolegija.lt\/#website","url":"https:\/\/biblioteka.kaunokolegija.lt\/","name":"Kauno kolegijos biblioteka ir informacijos i\u0161tekli\u0173 centras","description":"Kauno kolegijos biblioteka ir mokslin\u0117s komunikacijos centras","publisher":{"@id":"https:\/\/biblioteka.kaunokolegija.lt\/#organization"},"potentialAction":[{"@type":"SearchAction","target":{"@type":"EntryPoint","urlTemplate":"https:\/\/biblioteka.kaunokolegija.lt\/?s={search_term_string}"},"query-input":{"@type":"PropertyValueSpecification","valueRequired":true,"valueName":"search_term_string"}}],"inLanguage":"en-US"},{"@type":"Organization","@id":"https:\/\/biblioteka.kaunokolegija.lt\/#organization","name":"Kauno kolegijos biblioteka ir informacijos i\u0161tekli\u0173 centras","url":"https:\/\/biblioteka.kaunokolegija.lt\/","logo":{"@type":"ImageObject","inLanguage":"en-US","@id":"https:\/\/biblioteka.kaunokolegija.lt\/#\/schema\/logo\/image\/","url":"https:\/\/biblioteka.kaunokolegija.lt\/wp-content\/uploads\/2020\/10\/bibliotekos-cover-fb.jpg","contentUrl":"https:\/\/biblioteka.kaunokolegija.lt\/wp-content\/uploads\/2020\/10\/bibliotekos-cover-fb.jpg","width":1200,"height":630,"caption":"Kauno kolegijos biblioteka ir informacijos i\u0161tekli\u0173 centras"},"image":{"@id":"https:\/\/biblioteka.kaunokolegija.lt\/#\/schema\/logo\/image\/"},"sameAs":["https:\/\/www.facebook.com\/Kauno.kolegija.biblioteka"]}]}},"uagb_featured_image_src":{"full":false,"thumbnail":false,"medium":false,"medium_large":false,"large":false,"gs-tiny":false,"xl":false,"xxl":false,"xxxl":false,"xxxxl":false,"xxxxxl":false,"1536x1536":false,"2048x2048":false,"ultp_layout_landscape_large":false,"ultp_layout_landscape":false,"ultp_layout_portrait":false,"ultp_layout_square":false,"menu-24x24":false,"menu-36x36":false,"menu-48x48":false},"uagb_author_info":{"display_name":"BIBLIOTEKA","author_link":"https:\/\/biblioteka.kaunokolegija.lt\/en\/author\/vaiva\/"},"uagb_comment_info":0,"uagb_excerpt":"Students and other Kauno kolegija Higher Education Institution users have access to various e-resources. Institution has subscribed to 16 databases: 5 Lithuanian databases (VGTU, VitaeLitera, KTU e-books, a database of the field of Law&nbsp;Infolex, Lithuanian standards); 11 international databases (EBSCO Publishing, EBSCO ebooks, Emerald Management, SpringerLINK). These databases provide access to 200 000 e-books as&hellip;","_links":{"self":[{"href":"https:\/\/biblioteka.kaunokolegija.lt\/en\/wp-json\/wp\/v2\/pages\/126","targetHints":{"allow":["GET"]}}],"collection":[{"href":"https:\/\/biblioteka.kaunokolegija.lt\/en\/wp-json\/wp\/v2\/pages"}],"about":[{"href":"https:\/\/biblioteka.kaunokolegija.lt\/en\/wp-json\/wp\/v2\/types\/page"}],"author":[{"embeddable":true,"href":"https:\/\/biblioteka.kaunokolegija.lt\/en\/wp-json\/wp\/v2\/users\/5"}],"replies":[{"embeddable":true,"href":"https:\/\/biblioteka.kaunokolegija.lt\/en\/wp-json\/wp\/v2\/comments?post=126"}],"version-history":[{"count":42,"href":"https:\/\/biblioteka.kaunokolegija.lt\/en\/wp-json\/wp\/v2\/pages\/126\/revisions"}],"predecessor-version":[{"id":8729,"href":"https:\/\/biblioteka.kaunokolegija.lt\/en\/wp-json\/wp\/v2\/pages\/126\/revisions\/8729"}],"up":[{"embeddable":true,"href":"https:\/\/biblioteka.kaunokolegija.lt\/en\/wp-json\/wp\/v2\/pages\/10"}],"wp:attachment":[{"href":"https:\/\/biblioteka.kaunokolegija.lt\/en\/wp-json\/wp\/v2\/media?parent=126"}],"curies":[{"name":"wp","href":"https:\/\/api.w.org\/{rel}","templated":true}]}}