{"id":120,"date":"2015-12-28T08:00:34","date_gmt":"2015-12-28T06:00:34","guid":{"rendered":"http:\/\/localhost\/wordpress\/?page_id=120"},"modified":"2025-12-18T13:38:39","modified_gmt":"2025-12-18T11:38:39","slug":"kompiuteriai-ir-irenginiai","status":"publish","type":"page","link":"https:\/\/biblioteka.kaunokolegija.lt\/en\/paslaugos\/kompiuteriai-ir-irenginiai\/","title":{"rendered":"Computers &#038; Facilities"},"content":{"rendered":"<p><\/p>\n\n\n\n<p>There are 234 workplaces for readers, 25 of them computerized. Students can also use self-study rooms of the Centre for studies, which have 77 workplaces and 6 computers.<\/p>\n\n\n\n<p>The Library readers can use various spaces and technologies including:<\/p>\n\n\n\n<ul class=\"wp-block-list\">\n<li>study spaces with free Wi-fi;<\/li>\n\n\n\n<li>3 portals for the search for books in the Virtual Library;<\/li>\n\n\n\n<li>5 computers-equipped rooms for self-study;<\/li>\n\n\n\n<li>a computer-equipped room with a smartboard for teamwork;<\/li>\n\n\n\n<li>9 computers in the open spaces;<\/li>\n\n\n\n<li>a room equipped with 8 computers and a smart board;<\/li>\n\n\n\n<li>a consultation room with scientific periodicals.<\/li>\n<\/ul>\n\n\n\n<p><strong>Self-service facilities<\/strong><\/p>\n\n\n\n<p>To borrow and return books, self-service machines can be used in the Library on the first and the second floor of the building.<\/p>\n\n\n\n<iframe width=\"560\" height=\"315\" src=\"https:\/\/www.youtube.com\/embed\/7D8I0iqGpOE?si=a-z4YToLWVRJ2oi0\" title=\"YouTube video player\" frameborder=\"0\" allow=\"accelerometer; autoplay; clipboard-write; encrypted-media; gyroscope; picture-in-picture; web-share\" referrerpolicy=\"strict-origin-when-cross-origin\" allowfullscreen><\/iframe>\n\n\n\n<p><\/p>\n\n\n\n<p>When the Library is closed, you can use the machine at the entrance to the Library on the first floor.<\/p>\n\n\n\n<p><strong>Software and facilities for students with special needs<\/strong><\/p>\n\n\n\n<p><em>Visually impaired students<\/em>&nbsp;can use special equipment:<\/p>\n\n\n\n<ul class=\"wp-block-list\">\n<li>Handheld media player Victor Reader Stream,<\/li>\n\n\n\n<li>SARA CE&nbsp;<em>(Scanning and Reading Appliance, Camera Edition)<\/em>,<\/li>\n\n\n\n<li>Video Magnifier Freedom Scientific.<\/li>\n<\/ul>\n\n\n\n<p><em>Hearing-impaired students can use digital encoded FM internal communication system Bellman Audio Domino, which helps to understand speech in complicated hearing situations (lectures, seminars, watching videos, etc.). The system can be used with hearing aids.<\/em><\/p>\n\n\n\n<p><em>The equipment was acquired while implementing the National Higher Education Fund project \u201cEnsuring study access for students with special needs,\u201d No. ESFA3-32 under the European Social Fund.<\/em><\/p>\n\n\n\n<iframe src=\"https:\/\/www.youtube.com\/embed\/bVPjdNxtvFc\" title=\"YouTube video player\" allow=\"accelerometer; autoplay; clipboard-write; encrypted-media; gyroscope; picture-in-picture\" allowfullscreen=\"\" width=\"560\" height=\"315\" frameborder=\"0\"><\/iframe>\n\n\n\n<p><\/p>","protected":false},"excerpt":{"rendered":"<p>There are 234 workplaces for readers, 25 of them computerized. Students can also use self-study rooms of the Centre for studies, which have 77 workplaces and 6 computers. The Library readers can use various spaces and technologies including: Self-service facilities To borrow and return books, self-service machines can be used in the Library on the [&hellip;]<\/p>\n","protected":false},"author":5,"featured_media":0,"parent":10,"menu_order":0,"comment_status":"closed","ping_status":"closed","template":"","meta":{"_uag_custom_page_level_css":"","site-sidebar-layout":"default","site-content-layout":"default","ast-site-content-layout":"default","site-content-style":"default","site-sidebar-style":"default","ast-global-header-display":"","ast-banner-title-visibility":"","ast-main-header-display":"","ast-hfb-above-header-display":"","ast-hfb-below-header-display":"","ast-hfb-mobile-header-display":"","site-post-title":"","ast-breadcrumbs-content":"","ast-featured-img":"","footer-sml-layout":"","ast-disable-related-posts":"","theme-transparent-header-meta":"default","adv-header-id-meta":"","stick-header-meta":"","header-above-stick-meta":"","header-main-stick-meta":"","header-below-stick-meta":"","astra-migrate-meta-layouts":"default","ast-page-background-enabled":"default","ast-page-background-meta":{"desktop":{"background-color":"var(--ast-global-color-4)","background-image":"","background-repeat":"repeat","background-position":"center center","background-size":"auto","background-attachment":"scroll","background-type":"","background-media":"","overlay-type":"","overlay-color":"","overlay-opacity":"","overlay-gradient":""},"tablet":{"background-color":"","background-image":"","background-repeat":"repeat","background-position":"center center","background-size":"auto","background-attachment":"scroll","background-type":"","background-media":"","overlay-type":"","overlay-color":"","overlay-opacity":"","overlay-gradient":""},"mobile":{"background-color":"","background-image":"","background-repeat":"repeat","background-position":"center center","background-size":"auto","background-attachment":"scroll","background-type":"","background-media":"","overlay-type":"","overlay-color":"","overlay-opacity":"","overlay-gradient":""}},"ast-content-background-meta":{"desktop":{"background-color":"var(--ast-global-color-5)","background-image":"","background-repeat":"repeat","background-position":"center center","background-size":"auto","background-attachment":"scroll","background-type":"","background-media":"","overlay-type":"","overlay-color":"","overlay-opacity":"","overlay-gradient":""},"tablet":{"background-color":"var(--ast-global-color-5)","background-image":"","background-repeat":"repeat","background-position":"center center","background-size":"auto","background-attachment":"scroll","background-type":"","background-media":"","overlay-type":"","overlay-color":"","overlay-opacity":"","overlay-gradient":""},"mobile":{"background-color":"var(--ast-global-color-5)","background-image":"","background-repeat":"repeat","background-position":"center center","background-size":"auto","background-attachment":"scroll","background-type":"","background-media":"","overlay-type":"","overlay-color":"","overlay-opacity":"","overlay-gradient":""}},"footnotes":""},"class_list":["post-120","page","type-page","status-publish","hentry"],"yoast_head":"<!-- This site is optimized with the Yoast SEO plugin v27.4 - https:\/\/yoast.com\/product\/yoast-seo-wordpress\/ -->\n<title>Computers &amp; Facilities<\/title>\n<meta name=\"description\" content=\"Bibliotekoje ir jos skyriuose (J. Vieno\u017einskio men\u0173 fakulteto bibliotekoje, K\u0117daini\u0173 J. Radvilos studij\u0173 centro bibliotekoje) galite naudotis stacionariais ir ne\u0161iojamaisiais kompiuteriais.\" \/>\n<meta name=\"robots\" content=\"index, follow, max-snippet:-1, max-image-preview:large, max-video-preview:-1\" \/>\n<link rel=\"canonical\" href=\"https:\/\/biblioteka.kaunokolegija.lt\/paslaugos\/kompiuteriai-ir-irenginiai\/\" \/>\n<meta property=\"og:locale\" content=\"en_US\" \/>\n<meta property=\"og:type\" content=\"article\" \/>\n<meta property=\"og:title\" content=\"[:lt]Kompiuteriai ir \u012frenginiai[:en]Computers &amp; Facilities[:]\" \/>\n<meta property=\"og:description\" content=\"Bibliotekoje ir jos skyriuose (J. Vieno\u017einskio men\u0173 fakulteto bibliotekoje, K\u0117daini\u0173 J. Radvilos studij\u0173 centro bibliotekoje) galite naudotis stacionariais ir ne\u0161iojamaisiais kompiuteriais.\" \/>\n<meta property=\"og:url\" content=\"https:\/\/biblioteka.kaunokolegija.lt\/paslaugos\/kompiuteriai-ir-irenginiai\/\" \/>\n<meta property=\"og:site_name\" content=\"Kauno kolegijos biblioteka ir mokslin\u0117s komunikacijos centras\" \/>\n<meta property=\"article:publisher\" content=\"https:\/\/www.facebook.com\/Kauno.kolegija.biblioteka\" \/>\n<meta property=\"article:modified_time\" content=\"2025-12-18T11:38:39+00:00\" \/>\n<meta property=\"og:image\" content=\"https:\/\/biblioteka.kaunokolegija.lt\/wp-content\/uploads\/2020\/10\/bibliotekos-cover-fb.jpg\" \/>\n\t<meta property=\"og:image:width\" content=\"1200\" \/>\n\t<meta property=\"og:image:height\" content=\"630\" \/>\n\t<meta property=\"og:image:type\" content=\"image\/jpeg\" \/>\n<meta name=\"twitter:card\" content=\"summary_large_image\" \/>\n<meta name=\"twitter:label1\" content=\"Est. reading time\" \/>\n\t<meta name=\"twitter:data1\" content=\"5 minutes\" \/>\n<!-- \/ Yoast SEO plugin. -->","yoast_head_json":{"title":"Computers & Facilities","description":"Bibliotekoje ir jos skyriuose (J. Vieno\u017einskio men\u0173 fakulteto bibliotekoje, K\u0117daini\u0173 J. Radvilos studij\u0173 centro bibliotekoje) galite naudotis stacionariais ir ne\u0161iojamaisiais kompiuteriais.","robots":{"index":"index","follow":"follow","max-snippet":"max-snippet:-1","max-image-preview":"max-image-preview:large","max-video-preview":"max-video-preview:-1"},"canonical":"https:\/\/biblioteka.kaunokolegija.lt\/paslaugos\/kompiuteriai-ir-irenginiai\/","og_locale":"en_US","og_type":"article","og_title":"[:lt]Kompiuteriai ir \u012frenginiai[:en]Computers & Facilities[:]","og_description":"Bibliotekoje ir jos skyriuose (J. Vieno\u017einskio men\u0173 fakulteto bibliotekoje, K\u0117daini\u0173 J. Radvilos studij\u0173 centro bibliotekoje) galite naudotis stacionariais ir ne\u0161iojamaisiais kompiuteriais.","og_url":"https:\/\/biblioteka.kaunokolegija.lt\/paslaugos\/kompiuteriai-ir-irenginiai\/","og_site_name":"Kauno kolegijos biblioteka ir mokslin\u0117s komunikacijos centras","article_publisher":"https:\/\/www.facebook.com\/Kauno.kolegija.biblioteka","article_modified_time":"2025-12-18T11:38:39+00:00","og_image":[{"width":1200,"height":630,"url":"https:\/\/biblioteka.kaunokolegija.lt\/wp-content\/uploads\/2020\/10\/bibliotekos-cover-fb.jpg","type":"image\/jpeg"}],"twitter_card":"summary_large_image","twitter_misc":{"Est. reading time":"5 minutes"},"schema":{"@context":"https:\/\/schema.org","@graph":[{"@type":"WebPage","@id":"https:\/\/biblioteka.kaunokolegija.lt\/paslaugos\/kompiuteriai-ir-irenginiai\/","url":"https:\/\/biblioteka.kaunokolegija.lt\/paslaugos\/kompiuteriai-ir-irenginiai\/","name":"[:lt]Kompiuteriai ir \u012frenginiai[:en]Computers & Facilities[:]","isPartOf":{"@id":"https:\/\/biblioteka.kaunokolegija.lt\/#website"},"datePublished":"2015-12-28T06:00:34+00:00","dateModified":"2025-12-18T11:38:39+00:00","description":"Bibliotekoje ir jos skyriuose (J. Vieno\u017einskio men\u0173 fakulteto bibliotekoje, K\u0117daini\u0173 J. Radvilos studij\u0173 centro bibliotekoje) galite naudotis stacionariais ir ne\u0161iojamaisiais kompiuteriais.","breadcrumb":{"@id":"https:\/\/biblioteka.kaunokolegija.lt\/paslaugos\/kompiuteriai-ir-irenginiai\/#breadcrumb"},"inLanguage":"en-US","potentialAction":[{"@type":"ReadAction","target":["https:\/\/biblioteka.kaunokolegija.lt\/paslaugos\/kompiuteriai-ir-irenginiai\/"]}]},{"@type":"BreadcrumbList","@id":"https:\/\/biblioteka.kaunokolegija.lt\/paslaugos\/kompiuteriai-ir-irenginiai\/#breadcrumb","itemListElement":[{"@type":"ListItem","position":1,"name":"Pagrindinis","item":"https:\/\/biblioteka.kaunokolegija.lt\/"},{"@type":"ListItem","position":2,"name":"Paslaugos","item":"https:\/\/biblioteka.kaunokolegija.lt\/paslaugos\/"},{"@type":"ListItem","position":3,"name":"Kompiuteriai ir \u012frenginiai"}]},{"@type":"WebSite","@id":"https:\/\/biblioteka.kaunokolegija.lt\/#website","url":"https:\/\/biblioteka.kaunokolegija.lt\/","name":"Kauno kolegijos biblioteka ir informacijos i\u0161tekli\u0173 centras","description":"Kauno kolegijos biblioteka ir mokslin\u0117s komunikacijos centras","publisher":{"@id":"https:\/\/biblioteka.kaunokolegija.lt\/#organization"},"potentialAction":[{"@type":"SearchAction","target":{"@type":"EntryPoint","urlTemplate":"https:\/\/biblioteka.kaunokolegija.lt\/?s={search_term_string}"},"query-input":{"@type":"PropertyValueSpecification","valueRequired":true,"valueName":"search_term_string"}}],"inLanguage":"en-US"},{"@type":"Organization","@id":"https:\/\/biblioteka.kaunokolegija.lt\/#organization","name":"Kauno kolegijos biblioteka ir informacijos i\u0161tekli\u0173 centras","url":"https:\/\/biblioteka.kaunokolegija.lt\/","logo":{"@type":"ImageObject","inLanguage":"en-US","@id":"https:\/\/biblioteka.kaunokolegija.lt\/#\/schema\/logo\/image\/","url":"https:\/\/biblioteka.kaunokolegija.lt\/wp-content\/uploads\/2020\/10\/bibliotekos-cover-fb.jpg","contentUrl":"https:\/\/biblioteka.kaunokolegija.lt\/wp-content\/uploads\/2020\/10\/bibliotekos-cover-fb.jpg","width":1200,"height":630,"caption":"Kauno kolegijos biblioteka ir informacijos i\u0161tekli\u0173 centras"},"image":{"@id":"https:\/\/biblioteka.kaunokolegija.lt\/#\/schema\/logo\/image\/"},"sameAs":["https:\/\/www.facebook.com\/Kauno.kolegija.biblioteka"]}]}},"uagb_featured_image_src":{"full":false,"thumbnail":false,"medium":false,"medium_large":false,"large":false,"gs-tiny":false,"xl":false,"xxl":false,"xxxl":false,"xxxxl":false,"xxxxxl":false,"1536x1536":false,"2048x2048":false,"ultp_layout_landscape_large":false,"ultp_layout_landscape":false,"ultp_layout_portrait":false,"ultp_layout_square":false,"menu-24x24":false,"menu-36x36":false,"menu-48x48":false},"uagb_author_info":{"display_name":"BIBLIOTEKA","author_link":"https:\/\/biblioteka.kaunokolegija.lt\/en\/author\/vaiva\/"},"uagb_comment_info":0,"uagb_excerpt":"There are 234 workplaces for readers, 25 of them computerized. Students can also use self-study rooms of the Centre for studies, which have 77 workplaces and 6 computers. The Library readers can use various spaces and technologies including: Self-service facilities To borrow and return books, self-service machines can be used in the Library on the&hellip;","_links":{"self":[{"href":"https:\/\/biblioteka.kaunokolegija.lt\/en\/wp-json\/wp\/v2\/pages\/120","targetHints":{"allow":["GET"]}}],"collection":[{"href":"https:\/\/biblioteka.kaunokolegija.lt\/en\/wp-json\/wp\/v2\/pages"}],"about":[{"href":"https:\/\/biblioteka.kaunokolegija.lt\/en\/wp-json\/wp\/v2\/types\/page"}],"author":[{"embeddable":true,"href":"https:\/\/biblioteka.kaunokolegija.lt\/en\/wp-json\/wp\/v2\/users\/5"}],"replies":[{"embeddable":true,"href":"https:\/\/biblioteka.kaunokolegija.lt\/en\/wp-json\/wp\/v2\/comments?post=120"}],"version-history":[{"count":111,"href":"https:\/\/biblioteka.kaunokolegija.lt\/en\/wp-json\/wp\/v2\/pages\/120\/revisions"}],"predecessor-version":[{"id":16869,"href":"https:\/\/biblioteka.kaunokolegija.lt\/en\/wp-json\/wp\/v2\/pages\/120\/revisions\/16869"}],"up":[{"embeddable":true,"href":"https:\/\/biblioteka.kaunokolegija.lt\/en\/wp-json\/wp\/v2\/pages\/10"}],"wp:attachment":[{"href":"https:\/\/biblioteka.kaunokolegija.lt\/en\/wp-json\/wp\/v2\/media?parent=120"}],"curies":[{"name":"wp","href":"https:\/\/api.w.org\/{rel}","templated":true}]}}