{"id":12,"date":"2015-12-07T05:36:58","date_gmt":"2015-12-07T03:36:58","guid":{"rendered":"http:\/\/localhost\/wordpress\/?page_id=12"},"modified":"2023-07-11T08:35:49","modified_gmt":"2023-07-11T06:35:49","slug":"istekliai","status":"publish","type":"page","link":"https:\/\/biblioteka.kaunokolegija.lt\/en\/istekliai\/","title":{"rendered":"Resources"},"content":{"rendered":"<p><\/p>\n\n\n\n<div class=\"wp-block-columns is-layout-flex wp-container-core-columns-is-layout-28f84493 wp-block-columns-is-layout-flex\">\n<div class=\"wp-block-column is-layout-flow wp-block-column-is-layout-flow\">\n<figure class=\"wp-block-image size-full\"><a href=\"https:\/\/biblioteka.kaunokolegija.lt\/en\/istekliai\/bibliotekos-knygos-ir-periodika\/\"><img loading=\"lazy\" decoding=\"async\" width=\"2976\" height=\"696\" src=\"https:\/\/biblioteka.kaunokolegija.lt\/wp-content\/uploads\/2023\/07\/THE-BOOKS-AND-SERIALS.png\" alt=\"\" class=\"wp-image-9344\"\/><\/a><\/figure>\n\n\n\n<figure class=\"wp-block-image size-full\"><a href=\"https:\/\/biblioteka.kaunokolegija.lt\/en\/istekliai-pagal-temas\/\"><img loading=\"lazy\" decoding=\"async\" width=\"2976\" height=\"696\" src=\"https:\/\/biblioteka.kaunokolegija.lt\/wp-content\/uploads\/2023\/07\/RESOURCES-BY-TOPICS-1.png\" alt=\"\" class=\"wp-image-9349\"\/><\/a><\/figure>\n<\/div>\n\n\n\n<div class=\"wp-block-column is-layout-flow wp-block-column-is-layout-flow\">\n<figure class=\"wp-block-image size-full\"><a href=\"https:\/\/biblioteka.kaunokolegija.lt\/en\/istekliai\/elektroniniai-istekliai\/\"><img loading=\"lazy\" decoding=\"async\" width=\"2976\" height=\"696\" src=\"https:\/\/biblioteka.kaunokolegija.lt\/wp-content\/uploads\/2023\/07\/E-RESOURCES-IN-DATABASES.png\" alt=\"\" class=\"wp-image-9345\"\/><\/a><\/figure>\n<\/div>\n\n\n\n<div class=\"wp-block-column is-layout-flow wp-block-column-is-layout-flow\">\n<figure class=\"wp-block-image size-full\"><a href=\"https:\/\/biblioteka.kaunokolegija.lt\/en\/istekliai\/paieskos-vartai\/\"><img loading=\"lazy\" decoding=\"async\" width=\"2976\" height=\"696\" src=\"https:\/\/biblioteka.kaunokolegija.lt\/wp-content\/uploads\/2023\/07\/VIRTUAL-LIBRARY.png\" alt=\"\" class=\"wp-image-9346\"\/><\/a><\/figure>\n<\/div>\n<\/div>\n\n\n\n<p><\/p>","protected":false},"excerpt":{"rendered":"","protected":false},"author":5,"featured_media":0,"parent":0,"menu_order":0,"comment_status":"closed","ping_status":"closed","template":"","meta":{"_uag_custom_page_level_css":"","site-sidebar-layout":"default","site-content-layout":"default","ast-site-content-layout":"default","site-content-style":"default","site-sidebar-style":"default","ast-global-header-display":"","ast-banner-title-visibility":"","ast-main-header-display":"","ast-hfb-above-header-display":"","ast-hfb-below-header-display":"","ast-hfb-mobile-header-display":"","site-post-title":"","ast-breadcrumbs-content":"","ast-featured-img":"","footer-sml-layout":"","ast-disable-related-posts":"","theme-transparent-header-meta":"default","adv-header-id-meta":"","stick-header-meta":"","header-above-stick-meta":"","header-main-stick-meta":"","header-below-stick-meta":"","astra-migrate-meta-layouts":"default","ast-page-background-enabled":"default","ast-page-background-meta":{"desktop":{"background-color":"var(--ast-global-color-4)","background-image":"","background-repeat":"repeat","background-position":"center center","background-size":"auto","background-attachment":"scroll","background-type":"","background-media":"","overlay-type":"","overlay-color":"","overlay-opacity":"","overlay-gradient":""},"tablet":{"background-color":"","background-image":"","background-repeat":"repeat","background-position":"center center","background-size":"auto","background-attachment":"scroll","background-type":"","background-media":"","overlay-type":"","overlay-color":"","overlay-opacity":"","overlay-gradient":""},"mobile":{"background-color":"","background-image":"","background-repeat":"repeat","background-position":"center center","background-size":"auto","background-attachment":"scroll","background-type":"","background-media":"","overlay-type":"","overlay-color":"","overlay-opacity":"","overlay-gradient":""}},"ast-content-background-meta":{"desktop":{"background-color":"var(--ast-global-color-5)","background-image":"","background-repeat":"repeat","background-position":"center center","background-size":"auto","background-attachment":"scroll","background-type":"","background-media":"","overlay-type":"","overlay-color":"","overlay-opacity":"","overlay-gradient":""},"tablet":{"background-color":"var(--ast-global-color-5)","background-image":"","background-repeat":"repeat","background-position":"center center","background-size":"auto","background-attachment":"scroll","background-type":"","background-media":"","overlay-type":"","overlay-color":"","overlay-opacity":"","overlay-gradient":""},"mobile":{"background-color":"var(--ast-global-color-5)","background-image":"","background-repeat":"repeat","background-position":"center center","background-size":"auto","background-attachment":"scroll","background-type":"","background-media":"","overlay-type":"","overlay-color":"","overlay-opacity":"","overlay-gradient":""}},"footnotes":""},"class_list":["post-12","page","type-page","status-publish","hentry"],"yoast_head":"<!-- This site is optimized with the Yoast SEO plugin v27.2 - https:\/\/yoast.com\/product\/yoast-seo-wordpress\/ -->\n<title>Resources<\/title>\n<meta name=\"description\" content=\"Kauno kolegijos bibliotekos ir mokslin\u0117s komunikacijos centro spausdinti ir el. i\u0161tekliai, paie\u0161kos vartai, i\u0161tekliai pagal temas.\" \/>\n<meta name=\"robots\" content=\"index, follow, max-snippet:-1, max-image-preview:large, max-video-preview:-1\" \/>\n<link rel=\"canonical\" href=\"https:\/\/biblioteka.kaunokolegija.lt\/istekliai\/\" \/>\n<meta property=\"og:locale\" content=\"en_US\" \/>\n<meta property=\"og:type\" content=\"article\" \/>\n<meta property=\"og:title\" content=\"[:lt]I\u0161tekliai[:en]Resources[:]\" \/>\n<meta property=\"og:description\" content=\"Kauno kolegijos bibliotekos ir mokslin\u0117s komunikacijos centro spausdinti ir el. i\u0161tekliai, paie\u0161kos vartai, i\u0161tekliai pagal temas.\" \/>\n<meta property=\"og:url\" content=\"https:\/\/biblioteka.kaunokolegija.lt\/istekliai\/\" \/>\n<meta property=\"og:site_name\" content=\"Kauno kolegijos biblioteka ir mokslin\u0117s komunikacijos centras\" \/>\n<meta property=\"article:publisher\" content=\"https:\/\/www.facebook.com\/Kauno.kolegija.biblioteka\" \/>\n<meta property=\"article:modified_time\" content=\"2023-07-11T06:35:49+00:00\" \/>\n<meta property=\"og:image\" content=\"https:\/\/biblioteka.kaunokolegija.lt\/wp-content\/uploads\/2023\/07\/Bibliotekos-knygos-ir-periodika.png\" \/>\n<meta name=\"twitter:card\" content=\"summary_large_image\" \/>\n<!-- \/ Yoast SEO plugin. -->","yoast_head_json":{"title":"Resources","description":"Kauno kolegijos bibliotekos ir mokslin\u0117s komunikacijos centro spausdinti ir el. i\u0161tekliai, paie\u0161kos vartai, i\u0161tekliai pagal temas.","robots":{"index":"index","follow":"follow","max-snippet":"max-snippet:-1","max-image-preview":"max-image-preview:large","max-video-preview":"max-video-preview:-1"},"canonical":"https:\/\/biblioteka.kaunokolegija.lt\/istekliai\/","og_locale":"en_US","og_type":"article","og_title":"[:lt]I\u0161tekliai[:en]Resources[:]","og_description":"Kauno kolegijos bibliotekos ir mokslin\u0117s komunikacijos centro spausdinti ir el. i\u0161tekliai, paie\u0161kos vartai, i\u0161tekliai pagal temas.","og_url":"https:\/\/biblioteka.kaunokolegija.lt\/istekliai\/","og_site_name":"Kauno kolegijos biblioteka ir mokslin\u0117s komunikacijos centras","article_publisher":"https:\/\/www.facebook.com\/Kauno.kolegija.biblioteka","article_modified_time":"2023-07-11T06:35:49+00:00","og_image":[{"url":"https:\/\/biblioteka.kaunokolegija.lt\/wp-content\/uploads\/2023\/07\/Bibliotekos-knygos-ir-periodika.png","type":"","width":"","height":""}],"twitter_card":"summary_large_image","schema":{"@context":"https:\/\/schema.org","@graph":[{"@type":"WebPage","@id":"https:\/\/biblioteka.kaunokolegija.lt\/istekliai\/","url":"https:\/\/biblioteka.kaunokolegija.lt\/istekliai\/","name":"[:lt]I\u0161tekliai[:en]Resources[:]","isPartOf":{"@id":"https:\/\/biblioteka.kaunokolegija.lt\/#website"},"primaryImageOfPage":{"@id":"https:\/\/biblioteka.kaunokolegija.lt\/istekliai\/#primaryimage"},"image":{"@id":"https:\/\/biblioteka.kaunokolegija.lt\/istekliai\/#primaryimage"},"thumbnailUrl":"https:\/\/biblioteka.kaunokolegija.lt\/wp-content\/uploads\/2023\/07\/Bibliotekos-knygos-ir-periodika.png","datePublished":"2015-12-07T03:36:58+00:00","dateModified":"2023-07-11T06:35:49+00:00","description":"Kauno kolegijos bibliotekos ir mokslin\u0117s komunikacijos centro spausdinti ir el. i\u0161tekliai, paie\u0161kos vartai, i\u0161tekliai pagal temas.","breadcrumb":{"@id":"https:\/\/biblioteka.kaunokolegija.lt\/istekliai\/#breadcrumb"},"inLanguage":"en-US","potentialAction":[{"@type":"ReadAction","target":["https:\/\/biblioteka.kaunokolegija.lt\/istekliai\/"]}]},{"@type":"ImageObject","inLanguage":"en-US","@id":"https:\/\/biblioteka.kaunokolegija.lt\/istekliai\/#primaryimage","url":"https:\/\/biblioteka.kaunokolegija.lt\/wp-content\/uploads\/2023\/07\/Bibliotekos-knygos-ir-periodika.png","contentUrl":"https:\/\/biblioteka.kaunokolegija.lt\/wp-content\/uploads\/2023\/07\/Bibliotekos-knygos-ir-periodika.png"},{"@type":"BreadcrumbList","@id":"https:\/\/biblioteka.kaunokolegija.lt\/istekliai\/#breadcrumb","itemListElement":[{"@type":"ListItem","position":1,"name":"Pagrindinis","item":"https:\/\/biblioteka.kaunokolegija.lt\/"},{"@type":"ListItem","position":2,"name":"I\u0161tekliai"}]},{"@type":"WebSite","@id":"https:\/\/biblioteka.kaunokolegija.lt\/#website","url":"https:\/\/biblioteka.kaunokolegija.lt\/","name":"Kauno kolegijos biblioteka ir informacijos i\u0161tekli\u0173 centras","description":"Kauno kolegijos biblioteka ir mokslin\u0117s komunikacijos centras","publisher":{"@id":"https:\/\/biblioteka.kaunokolegija.lt\/#organization"},"potentialAction":[{"@type":"SearchAction","target":{"@type":"EntryPoint","urlTemplate":"https:\/\/biblioteka.kaunokolegija.lt\/?s={search_term_string}"},"query-input":{"@type":"PropertyValueSpecification","valueRequired":true,"valueName":"search_term_string"}}],"inLanguage":"en-US"},{"@type":"Organization","@id":"https:\/\/biblioteka.kaunokolegija.lt\/#organization","name":"Kauno kolegijos biblioteka ir informacijos i\u0161tekli\u0173 centras","url":"https:\/\/biblioteka.kaunokolegija.lt\/","logo":{"@type":"ImageObject","inLanguage":"en-US","@id":"https:\/\/biblioteka.kaunokolegija.lt\/#\/schema\/logo\/image\/","url":"https:\/\/biblioteka.kaunokolegija.lt\/wp-content\/uploads\/2020\/10\/bibliotekos-cover-fb.jpg","contentUrl":"https:\/\/biblioteka.kaunokolegija.lt\/wp-content\/uploads\/2020\/10\/bibliotekos-cover-fb.jpg","width":1200,"height":630,"caption":"Kauno kolegijos biblioteka ir informacijos i\u0161tekli\u0173 centras"},"image":{"@id":"https:\/\/biblioteka.kaunokolegija.lt\/#\/schema\/logo\/image\/"},"sameAs":["https:\/\/www.facebook.com\/Kauno.kolegija.biblioteka"]}]}},"uagb_featured_image_src":{"full":false,"thumbnail":false,"medium":false,"medium_large":false,"large":false,"gs-tiny":false,"xl":false,"xxl":false,"xxxl":false,"xxxxl":false,"xxxxxl":false,"1536x1536":false,"2048x2048":false,"ultp_layout_landscape_large":false,"ultp_layout_landscape":false,"ultp_layout_portrait":false,"ultp_layout_square":false,"menu-24x24":false,"menu-36x36":false,"menu-48x48":false},"uagb_author_info":{"display_name":"BIBLIOTEKA","author_link":"https:\/\/biblioteka.kaunokolegija.lt\/en\/author\/vaiva\/"},"uagb_comment_info":0,"uagb_excerpt":null,"_links":{"self":[{"href":"https:\/\/biblioteka.kaunokolegija.lt\/en\/wp-json\/wp\/v2\/pages\/12","targetHints":{"allow":["GET"]}}],"collection":[{"href":"https:\/\/biblioteka.kaunokolegija.lt\/en\/wp-json\/wp\/v2\/pages"}],"about":[{"href":"https:\/\/biblioteka.kaunokolegija.lt\/en\/wp-json\/wp\/v2\/types\/page"}],"author":[{"embeddable":true,"href":"https:\/\/biblioteka.kaunokolegija.lt\/en\/wp-json\/wp\/v2\/users\/5"}],"replies":[{"embeddable":true,"href":"https:\/\/biblioteka.kaunokolegija.lt\/en\/wp-json\/wp\/v2\/comments?post=12"}],"version-history":[{"count":16,"href":"https:\/\/biblioteka.kaunokolegija.lt\/en\/wp-json\/wp\/v2\/pages\/12\/revisions"}],"predecessor-version":[{"id":9401,"href":"https:\/\/biblioteka.kaunokolegija.lt\/en\/wp-json\/wp\/v2\/pages\/12\/revisions\/9401"}],"wp:attachment":[{"href":"https:\/\/biblioteka.kaunokolegija.lt\/en\/wp-json\/wp\/v2\/media?parent=12"}],"curies":[{"name":"wp","href":"https:\/\/api.w.org\/{rel}","templated":true}]}}