{"id":118,"date":"2015-12-28T07:59:58","date_gmt":"2015-12-28T05:59:58","guid":{"rendered":"http:\/\/localhost\/wordpress\/?page_id=118"},"modified":"2026-01-09T09:15:01","modified_gmt":"2026-01-09T07:15:01","slug":"bibliotekos-knygos-ir-periodika","status":"publish","type":"page","link":"https:\/\/biblioteka.kaunokolegija.lt\/en\/istekliai\/bibliotekos-knygos-ir-periodika\/","title":{"rendered":"The books and Serials"},"content":{"rendered":"<p><\/p>\n\n\n\n<p>The Library is rich in various types of information resources. Its funds stockpile about 96,000 copies of relevant print documents of about 27,000 titles for the readers to use. The Library funds are constantly updated and annually supplemented with new publications. New books of about 600 titles are purchased every year, and about 31 printed professional periodicals are subscribed. The vast majority of Library books are in the open funds, which store books according to the UDC classification.<br>*For information on searching, lending, and returning library books, see next page <em><a href=\"https:\/\/biblioteka.kaunokolegija.lt\/en\/paslaugos\/knygu-skolinimas\/\">SERVICES \u2013 Books in the Library<\/a>.<\/em><\/p>\n\n\n\n<div class=\"wp-block-pb-accordion-item c-accordion__item js-accordion-item no-js\" data-initially-open=\"false\" data-click-to-close=\"true\" data-auto-close=\"true\" data-scroll=\"false\" data-scroll-offset=\"0\"><h4 id=\"at-1186\" class=\"c-accordion__title js-accordion-controller\" role=\"button\">Acquisition of the Library resources<\/h4><div id=\"ac-1186\" class=\"c-accordion__content\">\n<p>While acquiring books or subscribing to databases, the study programmes and the needs of the Kauno kolegija Higher Education Institution community are taken into account. Lecturers, responsible staff, and the Library cooperate to prepare an order. Relevant publications are selected by thematic librarians, who are responsible for certain areas of studies.<\/p>\n\n\n\n<p>If the study process requires a book that the library does not have in printed or electronic form, please write by mail (biblioteka@go.kauko.lt) or <a href=\"https:\/\/kaunokolegija.alma.exlibrisgroup.com\/ng-web\/purchase-request-form\/370KUOAS_INST\" target=\"_blank\" rel=\"noreferrer noopener\">fill the book order form.<\/a><\/p>\n<\/div><\/div>\n\n\n\n<div class=\"wp-block-pb-accordion-item c-accordion__item js-accordion-item no-js\" data-initially-open=\"false\" data-click-to-close=\"true\" data-auto-close=\"true\" data-scroll=\"false\" data-scroll-offset=\"0\"><h4 id=\"at-1187\" class=\"c-accordion__title js-accordion-controller\" role=\"button\">New books<\/h4><div id=\"ac-1187\" class=\"c-accordion__content\">\n<p>Newly received publications can be found in new book exhibitions organized periodically in the library. Lists of new books are sent to the college community by e-mail. <\/p>\n\n\n\n<p>Lists of new books in 2020: <a href=\"http:\/\/biblioteka.kaunokolegija.lt\/wp-content\/uploads\/2020\/02\/Naujai-gautos-knygos-2020-sausis.pdf\">2020 January-February<\/a>, <a href=\"http:\/\/biblioteka.kaunokolegija.lt\/wp-content\/uploads\/2015\/12\/Naujos-knygos-2020-kovas-gegu\u017e\u0117.pdf\">2020 March-May<\/a>, <a href=\"http:\/\/biblioteka.kaunokolegija.lt\/wp-content\/uploads\/2020\/10\/Naujai-gautos-knygos-2020-birzelis-rugpjutis-converted.pdf\">2020 June-August,<\/a> <a href=\"http:\/\/biblioteka.kaunokolegija.lt\/wp-content\/uploads\/2020\/10\/2020-rugsejo-men.-converted.pdf\">2020 September,<\/a> <a href=\"https:\/\/biblioteka.kaunokolegija.lt\/wp-content\/uploads\/2020\/11\/2020-spalio-men..pdf\">2020 October,<\/a> <a href=\"https:\/\/biblioteka.kaunokolegija.lt\/wp-content\/uploads\/2020\/12\/Naujai-gautos-knygos-2020-lapkritis-gruodis.pdf?fbclid=IwAR0P3w8Izuik-KZAjZATuCXqG0bo0GY1M_41HHMDlXKMVK7GCJfZrTq3KlQ\">2020 November-December.<\/a><\/p>\n\n\n\n<p>Lists of new books in 2021: <a href=\"https:\/\/biblioteka.kaunokolegija.lt\/wp-content\/uploads\/2021\/01\/Naujai-gautos-knygos-2021-sausis.pdf\">2021 January<\/a>, <a href=\"https:\/\/biblioteka.kaunokolegija.lt\/wp-content\/uploads\/2021\/05\/Naujai-gautos-knygos-2021-geguze.pdf\">2021 May<\/a>, <a href=\"https:\/\/biblioteka.kaunokolegija.lt\/wp-content\/uploads\/2021\/07\/Naujai-gautos-knygos-2021-liepa.pdf\">2021 July<\/a>, <a href=\"https:\/\/biblioteka.kaunokolegija.lt\/wp-content\/uploads\/2021\/10\/Naujai-gautos-knygos-2021-rugsejis.pdf\">2021 September<\/a>.<\/p>\n\n\n\n<p>Lists of new books in 2022: <a href=\"https:\/\/biblioteka.kaunokolegija.lt\/wp-content\/uploads\/2022\/03\/Naujai-gautos-knygos-2022-sausis-kovas.pdf\">2022 January-March<\/a>, <a href=\"https:\/\/biblioteka.kaunokolegija.lt\/wp-content\/uploads\/2022\/05\/Naujai-gautos-knygos-2022-balandis.pdf\">2022 April<\/a>, <a href=\"https:\/\/biblioteka.kaunokolegija.lt\/wp-content\/uploads\/2022\/05\/Dovanotos-knygos-2022-balandis.pdf\">2022 donated books<\/a>, <a href=\"https:\/\/biblioteka.kaunokolegija.lt\/wp-content\/uploads\/2022\/08\/Naujai-gautos-knygos-2022-geguze-liepa.pdf\">2022 May-July<\/a>, <a href=\"https:\/\/biblioteka.kaunokolegija.lt\/wp-content\/uploads\/2022\/10\/Naujai-gautos-knygos-2022-rugsejis.pdf\">2022 September<\/a>.<\/p>\n\n\n\n<p>Lists of new books in 2023: <a href=\"https:\/\/biblioteka.kaunokolegija.lt\/wp-content\/uploads\/2023\/03\/Dovanotos-knygos-vasaris.pdf\">2023 donated books<\/a>, <a href=\"https:\/\/biblioteka.kaunokolegija.lt\/wp-content\/uploads\/2023\/03\/Naujai-gautos-knygos-2023-sausis-vasaris.pdf\">2023 January-February<\/a>, <a href=\"https:\/\/biblioteka.kaunokolegija.lt\/wp-content\/uploads\/2023\/04\/Naujai-gautos-knygos-2023-kovas-balandis.pdf\">2023 March-April<\/a>, <a href=\"https:\/\/biblioteka.kaunokolegija.lt\/wp-content\/uploads\/2023\/06\/Naujai-gautos-knygos-2023-geguze-birzelis.pdf\">2023 May-June<\/a>, <a href=\"https:\/\/biblioteka.kaunokolegija.lt\/wp-content\/uploads\/2023\/09\/Naujai-gautos-knygos-2023-liepa-rugsejis.pdf\">2023 July-September<\/a>, <a href=\"https:\/\/biblioteka.kaunokolegija.lt\/wp-content\/uploads\/2023\/11\/Naujai-gautos-knygos-2023-spalis-lapkritis.pdf\">2023 October-November<\/a>.<\/p>\n\n\n\n<p>Lists of new books in 2024: <a href=\"https:\/\/biblioteka.kaunokolegija.lt\/wp-content\/uploads\/2024\/04\/Naujai-gautos-knygos-2024-sausis-kovas.pdf\">2024 January-March<\/a>, <a href=\"https:\/\/biblioteka.kaunokolegija.lt\/wp-content\/uploads\/2024\/06\/Naujai-gautos-knygos-2024-balandis-geguze.pdf\">2024 April-May<\/a>, <a href=\"https:\/\/biblioteka.kaunokolegija.lt\/wp-content\/uploads\/2024\/09\/Naujai-gautos-knygos-2024-birzelis-rugpjutis.pdf\">2024 June-August<\/a>.<\/p>\n\n\n\n<p>List of new books in 2025: <a href=\"https:\/\/biblioteka.kaunokolegija.lt\/wp-content\/uploads\/2025\/05\/Naujai-gautos-knygos-2025-sausis-balandis.pdf\">2025 January-April<\/a>, <a href=\"https:\/\/biblioteka.kaunokolegija.lt\/wp-content\/uploads\/2025\/09\/Naujai-gautos-knygos-2025-geguze-rugpjutis.pdf\">2025 May-August<\/a>, <a href=\"https:\/\/biblioteka.kaunokolegija.lt\/wp-content\/uploads\/2025\/10\/Naujai-gautos-knygos-2025-rugsejis-spalis.pdf\">2025 September\u2013October<\/a>, <a href=\"https:\/\/biblioteka.kaunokolegija.lt\/wp-content\/uploads\/2025\/12\/Naujai-gautos-knygos-2025-lapkritis.pdf\">2025 November<\/a>.<\/p>\n<\/div><\/div>\n\n\n\n<div class=\"wp-block-pb-accordion-item c-accordion__item js-accordion-item no-js\" data-initially-open=\"false\" data-click-to-close=\"true\" data-auto-close=\"true\" data-scroll=\"false\" data-scroll-offset=\"0\"><h4 id=\"at-1188\" class=\"c-accordion__title js-accordion-controller\" role=\"button\">Professional periodicals<\/h4><div id=\"ac-1188\" class=\"c-accordion__content\">\n<p>List of subscribed magazines and other periodicals: <a href=\"https:\/\/biblioteka.kaunokolegija.lt\/wp-content\/uploads\/2026\/01\/Periodikos-sarasas-2026.pdf\">Lists of periodicals 2026<\/a>.<\/p>\n<\/div><\/div>\n\n\n\n<div class=\"wp-block-pb-accordion-item c-accordion__item js-accordion-item no-js\" data-initially-open=\"false\" data-click-to-close=\"true\" data-auto-close=\"true\" data-scroll=\"false\" data-scroll-offset=\"0\"><h4 id=\"at-1189\" class=\"c-accordion__title js-accordion-controller\" role=\"button\">The Library programs and equipment<\/h4><div id=\"ac-1189\" class=\"c-accordion__content\">\n<p>The library uses modern international library programs <strong>Alma<\/strong> and <strong>Primo VE <\/strong>to register publications, perform searches, perform accounting and lend books to users. The book lending period depends on the status of the book, its demand and the number of copies. Readers can learn the time of the book return in their account by logging in to the Library  Virtual Library. The Library also e-mails readers reminders to their institutional accounts.<\/p>\n\n\n\n<p>The Library has the <strong>RFID<\/strong> equipment installed for the use and protection of the funds. The readers can use self-service book issue and return machines.<\/p>\n<\/div><\/div>\n\n\n\n<div class=\"wp-block-pb-accordion-item c-accordion__item js-accordion-item no-js\" data-initially-open=\"false\" data-click-to-close=\"true\" data-auto-close=\"true\" data-scroll=\"false\" data-scroll-offset=\"0\"><h4 id=\"at-11810\" class=\"c-accordion__title js-accordion-controller\" role=\"button\">The <strong>Universal Decimal Classification<\/strong> (<strong>UDC<\/strong>)<\/h4><div id=\"ac-11810\" class=\"c-accordion__content\">\n<p>The library bookshelves have the signs with the UDC numbers and topics specifying the books stored on them.<\/p>\n\n\n\n<p><a href=\"http:\/\/www.udcc.org\/index.php\/site\/page?view=about_structure\">UDC<\/a> is a universal decimal classification, according to which library books are grouped depending on the topic. UDC\u2019s most innovative and influential feature is its ability to express not just simple subjects but relations between subjects. This facility is added to a hierarchic structure, in which knowledge is divided into <a href=\"http:\/\/www.udcsummary.info\/php\/index.php?tag=0&amp;lang=en\">ten classes<\/a>, then each class is subdivided into its logical parts, each subdivision is further subdivided, and so on. The more detailed the subdivision, the longer the number that represents it. The first number of UDC indicates the main section (e.g. 3 \u2013 Social sciences, 33 \u2013 Economics).<\/p>\n\n\n\n<p>In the Library bookshelves, the books are first placed in Lithuanian, then in foreign languages, and then textbooks. You can see how the books are arranged on the shelves by clicking on the shelf on the library map: <a href=\"http:\/\/biblioteka.kaunokolegija.lt\/map\/\">http:\/\/biblioteka.kaunokolegija.lt\/map\/<\/a><\/p>\n<\/div><\/div>\n\n\n\n<div class=\"wp-block-pb-accordion-item c-accordion__item js-accordion-item no-js\" data-initially-open=\"false\" data-click-to-close=\"true\" data-auto-close=\"true\" data-scroll=\"false\" data-scroll-offset=\"0\"><h4 id=\"at-11811\" class=\"c-accordion__title js-accordion-controller\" role=\"button\">The information about books and other publications<\/h4><div id=\"ac-11811\" class=\"c-accordion__content\">\n<p>The information about the publications and their location in the Library funds is available in <em>The Virtual Library <\/em>&nbsp;&lt;<a href=\"https:\/\/kaunokolegija.primo.exlibrisgroup.com\/discovery\/search?vid=370KUOAS_INST:KK&amp;lang=lt\">http:\/\/vb.kaunokolegija.lt\/<\/a>&gt;.<\/p>\n<\/div><\/div>\n\n\n\n<p><\/p>","protected":false},"excerpt":{"rendered":"<p>The Library is rich in various types of information resources. Its funds stockpile about 96,000 copies of relevant print documents of about 27,000 titles for the readers to use. The Library funds are constantly updated and annually supplemented with new publications. New books of about 600 titles are purchased every year, and about 31 printed [&hellip;]<\/p>\n","protected":false},"author":5,"featured_media":0,"parent":12,"menu_order":0,"comment_status":"closed","ping_status":"closed","template":"","meta":{"_uag_custom_page_level_css":"","site-sidebar-layout":"default","site-content-layout":"default","ast-site-content-layout":"default","site-content-style":"default","site-sidebar-style":"default","ast-global-header-display":"","ast-banner-title-visibility":"","ast-main-header-display":"","ast-hfb-above-header-display":"","ast-hfb-below-header-display":"","ast-hfb-mobile-header-display":"","site-post-title":"","ast-breadcrumbs-content":"","ast-featured-img":"","footer-sml-layout":"","ast-disable-related-posts":"","theme-transparent-header-meta":"default","adv-header-id-meta":"","stick-header-meta":"","header-above-stick-meta":"","header-main-stick-meta":"","header-below-stick-meta":"","astra-migrate-meta-layouts":"default","ast-page-background-enabled":"default","ast-page-background-meta":{"desktop":{"background-color":"var(--ast-global-color-4)","background-image":"","background-repeat":"repeat","background-position":"center center","background-size":"auto","background-attachment":"scroll","background-type":"","background-media":"","overlay-type":"","overlay-color":"","overlay-opacity":"","overlay-gradient":""},"tablet":{"background-color":"","background-image":"","background-repeat":"repeat","background-position":"center center","background-size":"auto","background-attachment":"scroll","background-type":"","background-media":"","overlay-type":"","overlay-color":"","overlay-opacity":"","overlay-gradient":""},"mobile":{"background-color":"","background-image":"","background-repeat":"repeat","background-position":"center center","background-size":"auto","background-attachment":"scroll","background-type":"","background-media":"","overlay-type":"","overlay-color":"","overlay-opacity":"","overlay-gradient":""}},"ast-content-background-meta":{"desktop":{"background-color":"var(--ast-global-color-5)","background-image":"","background-repeat":"repeat","background-position":"center center","background-size":"auto","background-attachment":"scroll","background-type":"","background-media":"","overlay-type":"","overlay-color":"","overlay-opacity":"","overlay-gradient":""},"tablet":{"background-color":"var(--ast-global-color-5)","background-image":"","background-repeat":"repeat","background-position":"center center","background-size":"auto","background-attachment":"scroll","background-type":"","background-media":"","overlay-type":"","overlay-color":"","overlay-opacity":"","overlay-gradient":""},"mobile":{"background-color":"var(--ast-global-color-5)","background-image":"","background-repeat":"repeat","background-position":"center center","background-size":"auto","background-attachment":"scroll","background-type":"","background-media":"","overlay-type":"","overlay-color":"","overlay-opacity":"","overlay-gradient":""}},"footnotes":""},"class_list":["post-118","page","type-page","status-publish","hentry"],"yoast_head":"<!-- This site is optimized with the Yoast SEO plugin v27.2 - https:\/\/yoast.com\/product\/yoast-seo-wordpress\/ -->\n<title>The books and Serials<\/title>\n<meta name=\"description\" content=\"Prisijung\u0119 prie savo paskyros galite pasi\u017ei\u016br\u0117ti pasiskolint\u0173 i\u0161 bibliotekos knyg\u0173 s\u0105ra\u0161\u0105 ir j\u0173 gr\u0105\u017einimo terminus.\" \/>\n<meta name=\"robots\" content=\"index, follow, max-snippet:-1, max-image-preview:large, max-video-preview:-1\" \/>\n<link rel=\"canonical\" href=\"https:\/\/biblioteka.kaunokolegija.lt\/istekliai\/bibliotekos-knygos-ir-periodika\/\" \/>\n<meta property=\"og:locale\" content=\"en_US\" \/>\n<meta property=\"og:type\" content=\"article\" \/>\n<meta property=\"og:title\" content=\"[:lt]Bibliotekos knygos ir periodika [:en]The books and Serials[:]\" \/>\n<meta property=\"og:description\" content=\"Prisijung\u0119 prie savo paskyros galite pasi\u017ei\u016br\u0117ti pasiskolint\u0173 i\u0161 bibliotekos knyg\u0173 s\u0105ra\u0161\u0105 ir j\u0173 gr\u0105\u017einimo terminus.\" \/>\n<meta property=\"og:url\" content=\"https:\/\/biblioteka.kaunokolegija.lt\/istekliai\/bibliotekos-knygos-ir-periodika\/\" \/>\n<meta property=\"og:site_name\" content=\"Kauno kolegijos biblioteka ir mokslin\u0117s komunikacijos centras\" \/>\n<meta property=\"article:publisher\" content=\"https:\/\/www.facebook.com\/Kauno.kolegija.biblioteka\" \/>\n<meta property=\"article:modified_time\" content=\"2026-01-09T07:15:01+00:00\" \/>\n<meta property=\"og:image\" content=\"https:\/\/biblioteka.kaunokolegija.lt\/wp-content\/uploads\/2020\/10\/bibliotekos-cover-fb.jpg\" \/>\n\t<meta property=\"og:image:width\" content=\"1200\" \/>\n\t<meta property=\"og:image:height\" content=\"630\" \/>\n\t<meta property=\"og:image:type\" content=\"image\/jpeg\" \/>\n<meta name=\"twitter:card\" content=\"summary_large_image\" \/>\n<meta name=\"twitter:label1\" content=\"Est. reading time\" \/>\n\t<meta name=\"twitter:data1\" content=\"7 minutes\" \/>\n<!-- \/ Yoast SEO plugin. -->","yoast_head_json":{"title":"The books and Serials","description":"Prisijung\u0119 prie savo paskyros galite pasi\u017ei\u016br\u0117ti pasiskolint\u0173 i\u0161 bibliotekos knyg\u0173 s\u0105ra\u0161\u0105 ir j\u0173 gr\u0105\u017einimo terminus.","robots":{"index":"index","follow":"follow","max-snippet":"max-snippet:-1","max-image-preview":"max-image-preview:large","max-video-preview":"max-video-preview:-1"},"canonical":"https:\/\/biblioteka.kaunokolegija.lt\/istekliai\/bibliotekos-knygos-ir-periodika\/","og_locale":"en_US","og_type":"article","og_title":"[:lt]Bibliotekos knygos ir periodika [:en]The books and Serials[:]","og_description":"Prisijung\u0119 prie savo paskyros galite pasi\u017ei\u016br\u0117ti pasiskolint\u0173 i\u0161 bibliotekos knyg\u0173 s\u0105ra\u0161\u0105 ir j\u0173 gr\u0105\u017einimo terminus.","og_url":"https:\/\/biblioteka.kaunokolegija.lt\/istekliai\/bibliotekos-knygos-ir-periodika\/","og_site_name":"Kauno kolegijos biblioteka ir mokslin\u0117s komunikacijos centras","article_publisher":"https:\/\/www.facebook.com\/Kauno.kolegija.biblioteka","article_modified_time":"2026-01-09T07:15:01+00:00","og_image":[{"width":1200,"height":630,"url":"https:\/\/biblioteka.kaunokolegija.lt\/wp-content\/uploads\/2020\/10\/bibliotekos-cover-fb.jpg","type":"image\/jpeg"}],"twitter_card":"summary_large_image","twitter_misc":{"Est. reading time":"7 minutes"},"schema":{"@context":"https:\/\/schema.org","@graph":[{"@type":"WebPage","@id":"https:\/\/biblioteka.kaunokolegija.lt\/istekliai\/bibliotekos-knygos-ir-periodika\/","url":"https:\/\/biblioteka.kaunokolegija.lt\/istekliai\/bibliotekos-knygos-ir-periodika\/","name":"[:lt]Bibliotekos knygos ir periodika [:en]The books and Serials[:]","isPartOf":{"@id":"https:\/\/biblioteka.kaunokolegija.lt\/#website"},"datePublished":"2015-12-28T05:59:58+00:00","dateModified":"2026-01-09T07:15:01+00:00","description":"Prisijung\u0119 prie savo paskyros galite pasi\u017ei\u016br\u0117ti pasiskolint\u0173 i\u0161 bibliotekos knyg\u0173 s\u0105ra\u0161\u0105 ir j\u0173 gr\u0105\u017einimo terminus.","breadcrumb":{"@id":"https:\/\/biblioteka.kaunokolegija.lt\/istekliai\/bibliotekos-knygos-ir-periodika\/#breadcrumb"},"inLanguage":"en-US","potentialAction":[{"@type":"ReadAction","target":["https:\/\/biblioteka.kaunokolegija.lt\/istekliai\/bibliotekos-knygos-ir-periodika\/"]}]},{"@type":"BreadcrumbList","@id":"https:\/\/biblioteka.kaunokolegija.lt\/istekliai\/bibliotekos-knygos-ir-periodika\/#breadcrumb","itemListElement":[{"@type":"ListItem","position":1,"name":"Pagrindinis","item":"https:\/\/biblioteka.kaunokolegija.lt\/"},{"@type":"ListItem","position":2,"name":"I\u0161tekliai","item":"https:\/\/biblioteka.kaunokolegija.lt\/istekliai\/"},{"@type":"ListItem","position":3,"name":"Bibliotekos knygos ir periodika"}]},{"@type":"WebSite","@id":"https:\/\/biblioteka.kaunokolegija.lt\/#website","url":"https:\/\/biblioteka.kaunokolegija.lt\/","name":"Kauno kolegijos biblioteka ir informacijos i\u0161tekli\u0173 centras","description":"Kauno kolegijos biblioteka ir mokslin\u0117s komunikacijos centras","publisher":{"@id":"https:\/\/biblioteka.kaunokolegija.lt\/#organization"},"potentialAction":[{"@type":"SearchAction","target":{"@type":"EntryPoint","urlTemplate":"https:\/\/biblioteka.kaunokolegija.lt\/?s={search_term_string}"},"query-input":{"@type":"PropertyValueSpecification","valueRequired":true,"valueName":"search_term_string"}}],"inLanguage":"en-US"},{"@type":"Organization","@id":"https:\/\/biblioteka.kaunokolegija.lt\/#organization","name":"Kauno kolegijos biblioteka ir informacijos i\u0161tekli\u0173 centras","url":"https:\/\/biblioteka.kaunokolegija.lt\/","logo":{"@type":"ImageObject","inLanguage":"en-US","@id":"https:\/\/biblioteka.kaunokolegija.lt\/#\/schema\/logo\/image\/","url":"https:\/\/biblioteka.kaunokolegija.lt\/wp-content\/uploads\/2020\/10\/bibliotekos-cover-fb.jpg","contentUrl":"https:\/\/biblioteka.kaunokolegija.lt\/wp-content\/uploads\/2020\/10\/bibliotekos-cover-fb.jpg","width":1200,"height":630,"caption":"Kauno kolegijos biblioteka ir informacijos i\u0161tekli\u0173 centras"},"image":{"@id":"https:\/\/biblioteka.kaunokolegija.lt\/#\/schema\/logo\/image\/"},"sameAs":["https:\/\/www.facebook.com\/Kauno.kolegija.biblioteka"]}]}},"uagb_featured_image_src":{"full":false,"thumbnail":false,"medium":false,"medium_large":false,"large":false,"gs-tiny":false,"xl":false,"xxl":false,"xxxl":false,"xxxxl":false,"xxxxxl":false,"1536x1536":false,"2048x2048":false,"ultp_layout_landscape_large":false,"ultp_layout_landscape":false,"ultp_layout_portrait":false,"ultp_layout_square":false,"menu-24x24":false,"menu-36x36":false,"menu-48x48":false},"uagb_author_info":{"display_name":"BIBLIOTEKA","author_link":"https:\/\/biblioteka.kaunokolegija.lt\/en\/author\/vaiva\/"},"uagb_comment_info":0,"uagb_excerpt":"The Library is rich in various types of information resources. Its funds stockpile about 96,000 copies of relevant print documents of about 27,000 titles for the readers to use. The Library funds are constantly updated and annually supplemented with new publications. New books of about 600 titles are purchased every year, and about 31 printed&hellip;","_links":{"self":[{"href":"https:\/\/biblioteka.kaunokolegija.lt\/en\/wp-json\/wp\/v2\/pages\/118","targetHints":{"allow":["GET"]}}],"collection":[{"href":"https:\/\/biblioteka.kaunokolegija.lt\/en\/wp-json\/wp\/v2\/pages"}],"about":[{"href":"https:\/\/biblioteka.kaunokolegija.lt\/en\/wp-json\/wp\/v2\/types\/page"}],"author":[{"embeddable":true,"href":"https:\/\/biblioteka.kaunokolegija.lt\/en\/wp-json\/wp\/v2\/users\/5"}],"replies":[{"embeddable":true,"href":"https:\/\/biblioteka.kaunokolegija.lt\/en\/wp-json\/wp\/v2\/comments?post=118"}],"version-history":[{"count":146,"href":"https:\/\/biblioteka.kaunokolegija.lt\/en\/wp-json\/wp\/v2\/pages\/118\/revisions"}],"predecessor-version":[{"id":16980,"href":"https:\/\/biblioteka.kaunokolegija.lt\/en\/wp-json\/wp\/v2\/pages\/118\/revisions\/16980"}],"up":[{"embeddable":true,"href":"https:\/\/biblioteka.kaunokolegija.lt\/en\/wp-json\/wp\/v2\/pages\/12"}],"wp:attachment":[{"href":"https:\/\/biblioteka.kaunokolegija.lt\/en\/wp-json\/wp\/v2\/media?parent=118"}],"curies":[{"name":"wp","href":"https:\/\/api.w.org\/{rel}","templated":true}]}}