{"id":116,"date":"2015-12-28T07:59:32","date_gmt":"2015-12-28T05:59:32","guid":{"rendered":"http:\/\/localhost\/wordpress\/?page_id=116"},"modified":"2023-04-06T09:46:13","modified_gmt":"2023-04-06T07:46:13","slug":"paieskos-vartai","status":"publish","type":"page","link":"https:\/\/biblioteka.kaunokolegija.lt\/en\/istekliai\/paieskos-vartai\/","title":{"rendered":"Virtual Library"},"content":{"rendered":"<p><\/p>\n\n\n\n<p><strong><em>Virtual Library of Kauno kolegija Higher Education Institution<\/em> <\/strong>&lt;<a href=\"https:\/\/kaunokolegija.primo.exlibrisgroup.com\/discovery\/search?vid=370KUOAS_INST:KK&amp;lang=en\">http:\/\/vb.kaunokolegija.lt\/en<\/a>&gt; is an integral search system allowing search in Library catalog, subscribed databases, other electronic open access resources. When you sign into Virtual Library, you are able to use a personal account, tag and review items, set alerts for your queries, add items you found, and require you submitted to your e-Shelf, open articles, and e-books from subscribed databases. References of many sources can be generated automatically in accordance with international rules. All you need is to select <em>Details<\/em> of source and click <em>Actions<\/em> and<em> Citation<\/em>.<\/p>\n\n\n\n<p><strong>eLABa Virtual Library<\/strong> &lt;<a href=\"http:\/\/www.lvb.lt\">http:\/\/www.lvb.lt<\/a>&gt; is an integrated search system allowing search in Lithuanian academic libraries and other databases. In this system, you will not find databases and electronic resources subscribed to or restricted by academic institutions, will not to order and renew borrowed items, and to use additional possibilities for registered users only. If you want to find all of the institution\u2019s subscribed or limited access electronic resources, to order and renew borrowed items and to use additional possibilities, please select your Institutional Virtual Library (IVL) from&nbsp;<a href=\"https:\/\/www.lvb.lt\/primo_library\/libweb\/static_htmls\/vblist\/lvblist_en_US.html\">the List of Virtual Libraries<\/a>&nbsp;sign in inside this IVL.<\/p>\n\n\n\n<p><\/p>","protected":false},"excerpt":{"rendered":"<p>Virtual Library of Kauno kolegija Higher Education Institution &lt;http:\/\/vb.kaunokolegija.lt\/en&gt; is an integral search system allowing search in Library catalog, subscribed databases, other electronic open access resources. When you sign into Virtual Library, you are able to use a personal account, tag and review items, set alerts for your queries, add items you found, and require [&hellip;]<\/p>\n","protected":false},"author":5,"featured_media":0,"parent":12,"menu_order":2,"comment_status":"closed","ping_status":"closed","template":"","meta":{"_uag_custom_page_level_css":"","site-sidebar-layout":"default","site-content-layout":"default","ast-site-content-layout":"default","site-content-style":"default","site-sidebar-style":"default","ast-global-header-display":"","ast-banner-title-visibility":"","ast-main-header-display":"","ast-hfb-above-header-display":"","ast-hfb-below-header-display":"","ast-hfb-mobile-header-display":"","site-post-title":"","ast-breadcrumbs-content":"","ast-featured-img":"","footer-sml-layout":"","ast-disable-related-posts":"","theme-transparent-header-meta":"default","adv-header-id-meta":"","stick-header-meta":"","header-above-stick-meta":"","header-main-stick-meta":"","header-below-stick-meta":"","astra-migrate-meta-layouts":"default","ast-page-background-enabled":"default","ast-page-background-meta":{"desktop":{"background-color":"var(--ast-global-color-4)","background-image":"","background-repeat":"repeat","background-position":"center center","background-size":"auto","background-attachment":"scroll","background-type":"","background-media":"","overlay-type":"","overlay-color":"","overlay-opacity":"","overlay-gradient":""},"tablet":{"background-color":"","background-image":"","background-repeat":"repeat","background-position":"center center","background-size":"auto","background-attachment":"scroll","background-type":"","background-media":"","overlay-type":"","overlay-color":"","overlay-opacity":"","overlay-gradient":""},"mobile":{"background-color":"","background-image":"","background-repeat":"repeat","background-position":"center center","background-size":"auto","background-attachment":"scroll","background-type":"","background-media":"","overlay-type":"","overlay-color":"","overlay-opacity":"","overlay-gradient":""}},"ast-content-background-meta":{"desktop":{"background-color":"var(--ast-global-color-5)","background-image":"","background-repeat":"repeat","background-position":"center center","background-size":"auto","background-attachment":"scroll","background-type":"","background-media":"","overlay-type":"","overlay-color":"","overlay-opacity":"","overlay-gradient":""},"tablet":{"background-color":"var(--ast-global-color-5)","background-image":"","background-repeat":"repeat","background-position":"center center","background-size":"auto","background-attachment":"scroll","background-type":"","background-media":"","overlay-type":"","overlay-color":"","overlay-opacity":"","overlay-gradient":""},"mobile":{"background-color":"var(--ast-global-color-5)","background-image":"","background-repeat":"repeat","background-position":"center center","background-size":"auto","background-attachment":"scroll","background-type":"","background-media":"","overlay-type":"","overlay-color":"","overlay-opacity":"","overlay-gradient":""}},"footnotes":""},"class_list":["post-116","page","type-page","status-publish","hentry"],"yoast_head":"<!-- This site is optimized with the Yoast SEO plugin v27.2 - https:\/\/yoast.com\/product\/yoast-seo-wordpress\/ -->\n<title>Virtual Library<\/title>\n<meta name=\"description\" content=\"Gidas\" \/>\n<meta name=\"robots\" content=\"index, follow, max-snippet:-1, max-image-preview:large, max-video-preview:-1\" \/>\n<link rel=\"canonical\" href=\"https:\/\/biblioteka.kaunokolegija.lt\/istekliai\/paieskos-vartai\/\" \/>\n<meta property=\"og:locale\" content=\"en_US\" \/>\n<meta property=\"og:type\" content=\"article\" \/>\n<meta property=\"og:title\" content=\"[:lt]Paie\u0161kos vartai[:en]Virtual Library[:]\" \/>\n<meta property=\"og:description\" content=\"Gidas\" \/>\n<meta property=\"og:url\" content=\"https:\/\/biblioteka.kaunokolegija.lt\/istekliai\/paieskos-vartai\/\" \/>\n<meta property=\"og:site_name\" content=\"Kauno kolegijos biblioteka ir mokslin\u0117s komunikacijos centras\" \/>\n<meta property=\"article:publisher\" content=\"https:\/\/www.facebook.com\/Kauno.kolegija.biblioteka\" \/>\n<meta property=\"article:modified_time\" content=\"2023-04-06T07:46:13+00:00\" \/>\n<meta property=\"og:image\" content=\"https:\/\/biblioteka.kaunokolegija.lt\/wp-content\/uploads\/2020\/10\/bibliotekos-cover-fb.jpg\" \/>\n\t<meta property=\"og:image:width\" content=\"1200\" \/>\n\t<meta property=\"og:image:height\" content=\"630\" \/>\n\t<meta property=\"og:image:type\" content=\"image\/jpeg\" \/>\n<meta name=\"twitter:card\" content=\"summary_large_image\" \/>\n<meta name=\"twitter:label1\" content=\"Est. reading time\" \/>\n\t<meta name=\"twitter:data1\" content=\"4 minutes\" \/>\n<!-- \/ Yoast SEO plugin. -->","yoast_head_json":{"title":"Virtual Library","description":"Gidas","robots":{"index":"index","follow":"follow","max-snippet":"max-snippet:-1","max-image-preview":"max-image-preview:large","max-video-preview":"max-video-preview:-1"},"canonical":"https:\/\/biblioteka.kaunokolegija.lt\/istekliai\/paieskos-vartai\/","og_locale":"en_US","og_type":"article","og_title":"[:lt]Paie\u0161kos vartai[:en]Virtual Library[:]","og_description":"Gidas","og_url":"https:\/\/biblioteka.kaunokolegija.lt\/istekliai\/paieskos-vartai\/","og_site_name":"Kauno kolegijos biblioteka ir mokslin\u0117s komunikacijos centras","article_publisher":"https:\/\/www.facebook.com\/Kauno.kolegija.biblioteka","article_modified_time":"2023-04-06T07:46:13+00:00","og_image":[{"width":1200,"height":630,"url":"https:\/\/biblioteka.kaunokolegija.lt\/wp-content\/uploads\/2020\/10\/bibliotekos-cover-fb.jpg","type":"image\/jpeg"}],"twitter_card":"summary_large_image","twitter_misc":{"Est. reading time":"4 minutes"},"schema":{"@context":"https:\/\/schema.org","@graph":[{"@type":"WebPage","@id":"https:\/\/biblioteka.kaunokolegija.lt\/istekliai\/paieskos-vartai\/","url":"https:\/\/biblioteka.kaunokolegija.lt\/istekliai\/paieskos-vartai\/","name":"[:lt]Paie\u0161kos vartai[:en]Virtual Library[:]","isPartOf":{"@id":"https:\/\/biblioteka.kaunokolegija.lt\/#website"},"datePublished":"2015-12-28T05:59:32+00:00","dateModified":"2023-04-06T07:46:13+00:00","description":"Gidas","breadcrumb":{"@id":"https:\/\/biblioteka.kaunokolegija.lt\/istekliai\/paieskos-vartai\/#breadcrumb"},"inLanguage":"en-US","potentialAction":[{"@type":"ReadAction","target":["https:\/\/biblioteka.kaunokolegija.lt\/istekliai\/paieskos-vartai\/"]}]},{"@type":"BreadcrumbList","@id":"https:\/\/biblioteka.kaunokolegija.lt\/istekliai\/paieskos-vartai\/#breadcrumb","itemListElement":[{"@type":"ListItem","position":1,"name":"Pagrindinis","item":"https:\/\/biblioteka.kaunokolegija.lt\/"},{"@type":"ListItem","position":2,"name":"I\u0161tekliai","item":"https:\/\/biblioteka.kaunokolegija.lt\/istekliai\/"},{"@type":"ListItem","position":3,"name":"Paie\u0161kos vartai"}]},{"@type":"WebSite","@id":"https:\/\/biblioteka.kaunokolegija.lt\/#website","url":"https:\/\/biblioteka.kaunokolegija.lt\/","name":"Kauno kolegijos biblioteka ir informacijos i\u0161tekli\u0173 centras","description":"Kauno kolegijos biblioteka ir mokslin\u0117s komunikacijos centras","publisher":{"@id":"https:\/\/biblioteka.kaunokolegija.lt\/#organization"},"potentialAction":[{"@type":"SearchAction","target":{"@type":"EntryPoint","urlTemplate":"https:\/\/biblioteka.kaunokolegija.lt\/?s={search_term_string}"},"query-input":{"@type":"PropertyValueSpecification","valueRequired":true,"valueName":"search_term_string"}}],"inLanguage":"en-US"},{"@type":"Organization","@id":"https:\/\/biblioteka.kaunokolegija.lt\/#organization","name":"Kauno kolegijos biblioteka ir informacijos i\u0161tekli\u0173 centras","url":"https:\/\/biblioteka.kaunokolegija.lt\/","logo":{"@type":"ImageObject","inLanguage":"en-US","@id":"https:\/\/biblioteka.kaunokolegija.lt\/#\/schema\/logo\/image\/","url":"https:\/\/biblioteka.kaunokolegija.lt\/wp-content\/uploads\/2020\/10\/bibliotekos-cover-fb.jpg","contentUrl":"https:\/\/biblioteka.kaunokolegija.lt\/wp-content\/uploads\/2020\/10\/bibliotekos-cover-fb.jpg","width":1200,"height":630,"caption":"Kauno kolegijos biblioteka ir informacijos i\u0161tekli\u0173 centras"},"image":{"@id":"https:\/\/biblioteka.kaunokolegija.lt\/#\/schema\/logo\/image\/"},"sameAs":["https:\/\/www.facebook.com\/Kauno.kolegija.biblioteka"]}]}},"uagb_featured_image_src":{"full":false,"thumbnail":false,"medium":false,"medium_large":false,"large":false,"gs-tiny":false,"xl":false,"xxl":false,"xxxl":false,"xxxxl":false,"xxxxxl":false,"1536x1536":false,"2048x2048":false,"ultp_layout_landscape_large":false,"ultp_layout_landscape":false,"ultp_layout_portrait":false,"ultp_layout_square":false,"menu-24x24":false,"menu-36x36":false,"menu-48x48":false},"uagb_author_info":{"display_name":"BIBLIOTEKA","author_link":"https:\/\/biblioteka.kaunokolegija.lt\/en\/author\/vaiva\/"},"uagb_comment_info":0,"uagb_excerpt":"Virtual Library of Kauno kolegija Higher Education Institution &lt;http:\/\/vb.kaunokolegija.lt\/en&gt; is an integral search system allowing search in Library catalog, subscribed databases, other electronic open access resources. When you sign into Virtual Library, you are able to use a personal account, tag and review items, set alerts for your queries, add items you found, and require&hellip;","_links":{"self":[{"href":"https:\/\/biblioteka.kaunokolegija.lt\/en\/wp-json\/wp\/v2\/pages\/116","targetHints":{"allow":["GET"]}}],"collection":[{"href":"https:\/\/biblioteka.kaunokolegija.lt\/en\/wp-json\/wp\/v2\/pages"}],"about":[{"href":"https:\/\/biblioteka.kaunokolegija.lt\/en\/wp-json\/wp\/v2\/types\/page"}],"author":[{"embeddable":true,"href":"https:\/\/biblioteka.kaunokolegija.lt\/en\/wp-json\/wp\/v2\/users\/5"}],"replies":[{"embeddable":true,"href":"https:\/\/biblioteka.kaunokolegija.lt\/en\/wp-json\/wp\/v2\/comments?post=116"}],"version-history":[{"count":48,"href":"https:\/\/biblioteka.kaunokolegija.lt\/en\/wp-json\/wp\/v2\/pages\/116\/revisions"}],"predecessor-version":[{"id":9040,"href":"https:\/\/biblioteka.kaunokolegija.lt\/en\/wp-json\/wp\/v2\/pages\/116\/revisions\/9040"}],"up":[{"embeddable":true,"href":"https:\/\/biblioteka.kaunokolegija.lt\/en\/wp-json\/wp\/v2\/pages\/12"}],"wp:attachment":[{"href":"https:\/\/biblioteka.kaunokolegija.lt\/en\/wp-json\/wp\/v2\/media?parent=116"}],"curies":[{"name":"wp","href":"https:\/\/api.w.org\/{rel}","templated":true}]}}