{"id":110,"date":"2015-12-28T07:58:24","date_gmt":"2015-12-28T05:58:24","guid":{"rendered":"http:\/\/localhost\/wordpress\/?page_id=110"},"modified":"2026-03-13T13:09:13","modified_gmt":"2026-03-13T11:09:13","slug":"knygu-skolinimas","status":"publish","type":"page","link":"https:\/\/biblioteka.kaunokolegija.lt\/en\/paslaugos\/knygu-skolinimas\/","title":{"rendered":"Books in the Library"},"content":{"rendered":"<p><\/p>\n\n\n\n<p>Books can be read in the Library or borrowed home for a week, a month, or a semester. The book lending period depends on the status of the book, its demand, and the number of copies. Readers can learn the time of the book return in their account by logging in to the Virtual Library. The Library also e-mails readers reminders to their institutional accounts. Readers can order books online and pick them up upon arrival at the library. Books can be ordered by logging in to your account.<\/p>\n\n\n\n<div class=\"wp-block-columns is-layout-flex wp-container-core-columns-is-layout-28f84493 wp-block-columns-is-layout-flex\">\n<div class=\"wp-block-column is-layout-flow wp-block-column-is-layout-flow\">\n<p><strong><strong>When you are in the library:<\/strong><\/strong><\/p>\n\n\n\n<ul class=\"wp-block-list\">\n<li>find book information in the Virtual Library;<\/li>\n\n\n\n<li>see information about the time and place of lending the book;<\/li>\n\n\n\n<li>find a book on a bookshelf;<\/li>\n\n\n\n<li>borrow a book with a self-service machine.<\/li>\n<\/ul>\n<\/div>\n\n\n\n<div class=\"wp-block-column is-layout-flow wp-block-column-is-layout-flow\">\n<p><strong><strong>When you are at home:<\/strong><\/strong><\/p>\n\n\n\n<ul class=\"wp-block-list\">\n<li>find book information in the Virtual Library;<\/li>\n\n\n\n<li>log in to your account and order your book online;<\/li>\n\n\n\n<li>receive information from the library by e-mail;<\/li>\n\n\n\n<li>come pick up the books at the library.<\/li>\n<\/ul>\n<\/div>\n<\/div>\n\n\n\n<div class=\"wp-block-pb-accordion-item c-accordion__item js-accordion-item no-js\" data-initially-open=\"false\" data-click-to-close=\"true\" data-auto-close=\"true\" data-scroll=\"false\" data-scroll-offset=\"0\"><h4 id=\"at-11030\" class=\"c-accordion__title js-accordion-controller\" role=\"button\"><strong>How to find a book in the library?<\/strong><\/h4><div id=\"ac-11030\" class=\"c-accordion__content\">\n<p>Search for a book in the <em>Virtual Library <\/em>&lt;<a href=\"https:\/\/kaunokolegija.primo.exlibrisgroup.com\/discovery\/search?vid=370KUOAS_INST:KK&amp;lang=en\">http:\/\/vb.kaunokolegija.lt\/en<\/a>&gt; by book title, author, or topic.<\/p>\n\n\n\n<p>See in the Virtual Library for the terms of the book: the period of the loan, whether there are any free copies at home*. Write down the book call number. Click on &#8220;LOCATE&#8221;  and look at the map on which shelf the book is placed. Go to the specified shelf and find the book according to the book call number.<\/p>\n\n\n\n<p>* One book is left to be read in the library; it&#8217;s been marked as <em>&#8216;Skaitoma vietoje&#8217; <\/em>in the Issued column. If a date is written next to the other copies, it means it will not be possible to borrow the book at that time. In this case, you can order the book online and stand in line to receive the book.<\/p>\n<\/div><\/div>\n\n\n\n<div class=\"wp-block-pb-accordion-item c-accordion__item js-accordion-item no-js\" data-initially-open=\"false\" data-click-to-close=\"true\" data-auto-close=\"true\" data-scroll=\"false\" data-scroll-offset=\"0\"><h4 id=\"at-11010\" class=\"c-accordion__title js-accordion-controller\" role=\"button\"><strong>How to log in to a library account?<\/strong><\/h4><div id=\"ac-11010\" class=\"c-accordion__content\">\n<p>Open &lt;<a href=\"http:\/\/biblioteka.kaunokolegija.lt\/en\">http:\/\/biblioteka.kaunokolegija.lt\/en<\/a>&gt;&nbsp;and click on My Account, then log in using Kauno kolegija Higher Education Institution e-mail name (till @) and the password. After logging in, click your last name and then Library Card.<\/p>\n\n\n\n<p>After logging in to your account, you can see the list of borrowed books, extend their return time, and order the books you want to borrow.<\/p>\n\n\n\n<iframe src=\"https:\/\/www.youtube.com\/embed\/hmRmoGwsCnE\" allowfullscreen=\"allowfullscreen\" width=\"560\" height=\"315\" frameborder=\"0\"><\/iframe>\n<\/div><\/div>\n\n\n\n<div class=\"wp-block-pb-accordion-item c-accordion__item js-accordion-item no-js\" data-initially-open=\"false\" data-click-to-close=\"true\" data-auto-close=\"true\" data-scroll=\"false\" data-scroll-offset=\"0\"><h4 id=\"at-11011\" class=\"c-accordion__title js-accordion-controller\" role=\"button\">How to order books online?<\/h4><div id=\"ac-11011\" class=\"c-accordion__content\">\n<p>Log in the <em>Virtual Library<\/em> &lt;<a href=\"https:\/\/kaunokolegija.primo.exlibrisgroup.com\/discovery\/search?vid=370KUOAS_INST:KK&amp;lang=en\">http:\/\/vb.kaunokolegija.lt\/en<\/a>&gt; and select the resource Library catalog. When you find the book you want, click the call number link (for example, Kauno kolegijos biblioteka &gt; Atviras fondas (005 Bu-403)). In the &#8220;Get it&#8221; section of the page, click &#8220;Request&#8221; and &#8220;Send Request&#8221;.<\/p>\n\n\n\n<p>Receive information from the library by e-mail and come pick up the books at the library.<\/p>\n<\/div><\/div>\n\n\n\n<div class=\"wp-block-pb-accordion-item c-accordion__item js-accordion-item no-js\" data-initially-open=\"false\" data-click-to-close=\"true\" data-auto-close=\"true\" data-scroll=\"false\" data-scroll-offset=\"0\"><h4 id=\"at-11012\" class=\"c-accordion__title js-accordion-controller\" role=\"button\">How do borrow a book?<\/h4><div id=\"ac-11012\" class=\"c-accordion__content\">\n<p>In order to borrow books, you need to have an identity document and record book lending in the library system. If you have an ID card or student ID card, you can borrow books at the self-service machine. If you do not have the above documents, then present the borrowed books and your passport to the librarian, who will record the borrowed books in the library system.<\/p>\n\n\n\n<p>Here are some important aspects of borrowing books from the library:<\/p>\n\n\n\n<ul class=\"wp-block-list\">\n<li>Books that are &#8220;Skaitoma vietoje&#8221; (Read at the library) are not lent at home (exceptions may be made for lectors, who need to contact a librarian). If you see a bookmarked as &#8220;Skaitoma vietoje&#8221; in the Virtual Library, you will not be able to order and borrow it. If you see a book with a green sticker on the library shelf, you won&#8217;t be able to borrow it.<\/li>\n\n\n\n<li>There may be times when you will not be able to borrow books from the library if you have exceeded the maximum number of books you borrow or the maximum overdue fee. Contact a library staff member to find out the cause of the case.<\/li>\n<\/ul>\n<\/div><\/div>\n\n\n\n<div class=\"wp-block-pb-accordion-item c-accordion__item js-accordion-item no-js\" data-initially-open=\"false\" data-click-to-close=\"true\" data-auto-close=\"true\" data-scroll=\"false\" data-scroll-offset=\"0\"><h4 id=\"at-11013\" class=\"c-accordion__title js-accordion-controller\" role=\"button\"><strong>When and how to return books?<\/strong><\/h4><div id=\"ac-11013\" class=\"c-accordion__content\">\n<p>Books can be borrowed for a semester, month, or week. You can find out the loan period and return dates for your books by logging in to your account. Use the self-service machine in the library; in case the library is closed, use the self-service book return machine at the entrance to the library on the first floor.<\/p>\n\n\n\n<p>Books will need to be returned on time, otherwise you will be charged an overdue fee!<\/p>\n\n\n\n<iframe src=\"https:\/\/www.youtube.com\/embed\/G17SU3ynx2A\" title=\"YouTube video player\" allow=\"accelerometer; autoplay; clipboard-write; encrypted-media; gyroscope; picture-in-picture\" allowfullscreen=\"\" width=\"560\" height=\"315\" frameborder=\"0\"><\/iframe>\n<\/div><\/div>\n\n\n\n<div class=\"wp-block-pb-accordion-item c-accordion__item js-accordion-item no-js\" data-initially-open=\"false\" data-click-to-close=\"true\" data-auto-close=\"true\" data-scroll=\"false\" data-scroll-offset=\"0\"><h4 id=\"at-11014\" class=\"c-accordion__title js-accordion-controller\" role=\"button\"><strong>How to extend book return time?<\/strong><\/h4><div id=\"ac-11014\" class=\"c-accordion__content\">\n<p>The return period for books can be extended by logging in to your Virtual Library account or writing by e-mail biblioteka@go.kauko.lt<\/p>\n\n\n\n<iframe src=\"https:\/\/www.youtube.com\/embed\/k337UW0cgrs\" allowfullscreen=\"allowfullscreen\" width=\"560\" height=\"315\" frameborder=\"0\"><\/iframe>\n<\/div><\/div>\n\n\n\n<div class=\"wp-block-pb-accordion-item c-accordion__item js-accordion-item no-js\" data-initially-open=\"false\" data-click-to-close=\"true\" data-auto-close=\"true\" data-scroll=\"false\" data-scroll-offset=\"0\"><h4 id=\"at-11015\" class=\"c-accordion__title js-accordion-controller\" role=\"button\"><strong>What do you need to know about the overdue fee?<\/strong><\/h4><div id=\"ac-11015\" class=\"c-accordion__content\">\n<p>An overdue fee is charged for books borrowed and not returned on time. The overdue fee is 1 EUR cent for each book, on each day of the library&#8217;s working day.<\/p>\n\n\n\n<p>First, ask how much to pay because the overdue fee is not payable until it exceeds 2 EUR. The library has a maximum amount of the overdue fee so you can sometimes pay less than calculated. If you have an overdue fee of more than 2 EUR, you will not be able to borrow other books. You will be able to borrow books again after paying the overdue fee.<\/p>\n<\/div><\/div>\n\n\n\n<div class=\"wp-block-pb-accordion-item c-accordion__item js-accordion-item no-js\" data-initially-open=\"false\" data-click-to-close=\"true\" data-auto-close=\"true\" data-scroll=\"false\" data-scroll-offset=\"0\"><h4 id=\"at-11016\" class=\"c-accordion__title js-accordion-controller\" role=\"button\">What to do if you lost the library book?<\/h4><div id=\"ac-11016\" class=\"c-accordion__content\">\n<p>If you are going on academic leave, dropping out of studies, or graduating from Kauno kolegija Higher Education Institution, you need to return the library books and pay an overdue fee (if you have it). If you have lost a library book, you need to buy another book from the following list: <a href=\"https:\/\/biblioteka.kaunokolegija.lt\/knygu-sarasas-uz-pamestas-knygas\/\">Books list for lost books (2026 03 13)<\/a><\/p>\n<\/div><\/div>\n\n\n\n<p><\/p>\n\n\n\n<p><\/p>","protected":false},"excerpt":{"rendered":"<p>Books can be read in the Library or borrowed home for a week, a month, or a semester. The book lending period depends on the status of the book, its demand, and the number of copies. Readers can learn the time of the book return in their account by logging in to the Virtual Library. [&hellip;]<\/p>\n","protected":false},"author":5,"featured_media":0,"parent":10,"menu_order":1,"comment_status":"closed","ping_status":"closed","template":"","meta":{"_uag_custom_page_level_css":"","site-sidebar-layout":"default","site-content-layout":"default","ast-site-content-layout":"default","site-content-style":"default","site-sidebar-style":"default","ast-global-header-display":"","ast-banner-title-visibility":"","ast-main-header-display":"","ast-hfb-above-header-display":"","ast-hfb-below-header-display":"","ast-hfb-mobile-header-display":"","site-post-title":"","ast-breadcrumbs-content":"","ast-featured-img":"","footer-sml-layout":"","ast-disable-related-posts":"","theme-transparent-header-meta":"default","adv-header-id-meta":"","stick-header-meta":"","header-above-stick-meta":"","header-main-stick-meta":"","header-below-stick-meta":"","astra-migrate-meta-layouts":"set","ast-page-background-enabled":"default","ast-page-background-meta":{"desktop":{"background-color":"var(--ast-global-color-4)","background-image":"","background-repeat":"repeat","background-position":"center center","background-size":"auto","background-attachment":"scroll","background-type":"","background-media":"","overlay-type":"","overlay-color":"","overlay-opacity":"","overlay-gradient":""},"tablet":{"background-color":"","background-image":"","background-repeat":"repeat","background-position":"center center","background-size":"auto","background-attachment":"scroll","background-type":"","background-media":"","overlay-type":"","overlay-color":"","overlay-opacity":"","overlay-gradient":""},"mobile":{"background-color":"","background-image":"","background-repeat":"repeat","background-position":"center center","background-size":"auto","background-attachment":"scroll","background-type":"","background-media":"","overlay-type":"","overlay-color":"","overlay-opacity":"","overlay-gradient":""}},"ast-content-background-meta":{"desktop":{"background-color":"var(--ast-global-color-5)","background-image":"","background-repeat":"repeat","background-position":"center center","background-size":"auto","background-attachment":"scroll","background-type":"","background-media":"","overlay-type":"","overlay-color":"","overlay-opacity":"","overlay-gradient":""},"tablet":{"background-color":"var(--ast-global-color-5)","background-image":"","background-repeat":"repeat","background-position":"center center","background-size":"auto","background-attachment":"scroll","background-type":"","background-media":"","overlay-type":"","overlay-color":"","overlay-opacity":"","overlay-gradient":""},"mobile":{"background-color":"var(--ast-global-color-5)","background-image":"","background-repeat":"repeat","background-position":"center center","background-size":"auto","background-attachment":"scroll","background-type":"","background-media":"","overlay-type":"","overlay-color":"","overlay-opacity":"","overlay-gradient":""}},"footnotes":""},"class_list":["post-110","page","type-page","status-publish","hentry"],"yoast_head":"<!-- This site is optimized with the Yoast SEO plugin v27.2 - https:\/\/yoast.com\/product\/yoast-seo-wordpress\/ -->\n<title>Books in the Library<\/title>\n<meta name=\"description\" content=\"Bibliotekos el. kataloge &lt; http:\/\/college.library.lt\/kk &gt; rasite bibliotekoje esan\u010dius spausdintus leidinius ir lietuvi\u0161kus elektroninius vadov\u0117lius\" \/>\n<meta name=\"robots\" content=\"index, follow, max-snippet:-1, max-image-preview:large, max-video-preview:-1\" \/>\n<link rel=\"canonical\" href=\"https:\/\/biblioteka.kaunokolegija.lt\/paslaugos\/knygu-skolinimas\/\" \/>\n<meta property=\"og:locale\" content=\"en_US\" \/>\n<meta property=\"og:type\" content=\"article\" \/>\n<meta property=\"og:title\" content=\"[:lt]Knyg\u0173 skolinimasis[:en]Books in the Library[:]\" \/>\n<meta property=\"og:description\" content=\"Bibliotekos el. kataloge &lt; http:\/\/college.library.lt\/kk &gt; rasite bibliotekoje esan\u010dius spausdintus leidinius ir lietuvi\u0161kus elektroninius vadov\u0117lius\" \/>\n<meta property=\"og:url\" content=\"https:\/\/biblioteka.kaunokolegija.lt\/paslaugos\/knygu-skolinimas\/\" \/>\n<meta property=\"og:site_name\" content=\"Kauno kolegijos biblioteka ir mokslin\u0117s komunikacijos centras\" \/>\n<meta property=\"article:publisher\" content=\"https:\/\/www.facebook.com\/Kauno.kolegija.biblioteka\" \/>\n<meta property=\"article:modified_time\" content=\"2026-03-13T11:09:13+00:00\" \/>\n<meta property=\"og:image\" content=\"https:\/\/biblioteka.kaunokolegija.lt\/wp-content\/uploads\/2020\/10\/bibliotekos-cover-fb.jpg\" \/>\n\t<meta property=\"og:image:width\" content=\"1200\" \/>\n\t<meta property=\"og:image:height\" content=\"630\" \/>\n\t<meta property=\"og:image:type\" content=\"image\/jpeg\" \/>\n<meta name=\"twitter:card\" content=\"summary_large_image\" \/>\n<meta name=\"twitter:label1\" content=\"Est. reading time\" \/>\n\t<meta name=\"twitter:data1\" content=\"11 minutes\" \/>\n<!-- \/ Yoast SEO plugin. -->","yoast_head_json":{"title":"Books in the Library","description":"Bibliotekos el. kataloge < http:\/\/college.library.lt\/kk > rasite bibliotekoje esan\u010dius spausdintus leidinius ir lietuvi\u0161kus elektroninius vadov\u0117lius","robots":{"index":"index","follow":"follow","max-snippet":"max-snippet:-1","max-image-preview":"max-image-preview:large","max-video-preview":"max-video-preview:-1"},"canonical":"https:\/\/biblioteka.kaunokolegija.lt\/paslaugos\/knygu-skolinimas\/","og_locale":"en_US","og_type":"article","og_title":"[:lt]Knyg\u0173 skolinimasis[:en]Books in the Library[:]","og_description":"Bibliotekos el. kataloge < http:\/\/college.library.lt\/kk > rasite bibliotekoje esan\u010dius spausdintus leidinius ir lietuvi\u0161kus elektroninius vadov\u0117lius","og_url":"https:\/\/biblioteka.kaunokolegija.lt\/paslaugos\/knygu-skolinimas\/","og_site_name":"Kauno kolegijos biblioteka ir mokslin\u0117s komunikacijos centras","article_publisher":"https:\/\/www.facebook.com\/Kauno.kolegija.biblioteka","article_modified_time":"2026-03-13T11:09:13+00:00","og_image":[{"width":1200,"height":630,"url":"https:\/\/biblioteka.kaunokolegija.lt\/wp-content\/uploads\/2020\/10\/bibliotekos-cover-fb.jpg","type":"image\/jpeg"}],"twitter_card":"summary_large_image","twitter_misc":{"Est. reading time":"11 minutes"},"schema":{"@context":"https:\/\/schema.org","@graph":[{"@type":"WebPage","@id":"https:\/\/biblioteka.kaunokolegija.lt\/paslaugos\/knygu-skolinimas\/","url":"https:\/\/biblioteka.kaunokolegija.lt\/paslaugos\/knygu-skolinimas\/","name":"[:lt]Knyg\u0173 skolinimasis[:en]Books in the Library[:]","isPartOf":{"@id":"https:\/\/biblioteka.kaunokolegija.lt\/#website"},"datePublished":"2015-12-28T05:58:24+00:00","dateModified":"2026-03-13T11:09:13+00:00","description":"Bibliotekos el. kataloge < http:\/\/college.library.lt\/kk > rasite bibliotekoje esan\u010dius spausdintus leidinius ir lietuvi\u0161kus elektroninius vadov\u0117lius","breadcrumb":{"@id":"https:\/\/biblioteka.kaunokolegija.lt\/paslaugos\/knygu-skolinimas\/#breadcrumb"},"inLanguage":"en-US","potentialAction":[{"@type":"ReadAction","target":["https:\/\/biblioteka.kaunokolegija.lt\/paslaugos\/knygu-skolinimas\/"]}]},{"@type":"BreadcrumbList","@id":"https:\/\/biblioteka.kaunokolegija.lt\/paslaugos\/knygu-skolinimas\/#breadcrumb","itemListElement":[{"@type":"ListItem","position":1,"name":"Pagrindinis","item":"https:\/\/biblioteka.kaunokolegija.lt\/"},{"@type":"ListItem","position":2,"name":"Paslaugos","item":"https:\/\/biblioteka.kaunokolegija.lt\/paslaugos\/"},{"@type":"ListItem","position":3,"name":"Knyg\u0173 skolinimas"}]},{"@type":"WebSite","@id":"https:\/\/biblioteka.kaunokolegija.lt\/#website","url":"https:\/\/biblioteka.kaunokolegija.lt\/","name":"Kauno kolegijos biblioteka ir informacijos i\u0161tekli\u0173 centras","description":"Kauno kolegijos biblioteka ir mokslin\u0117s komunikacijos centras","publisher":{"@id":"https:\/\/biblioteka.kaunokolegija.lt\/#organization"},"potentialAction":[{"@type":"SearchAction","target":{"@type":"EntryPoint","urlTemplate":"https:\/\/biblioteka.kaunokolegija.lt\/?s={search_term_string}"},"query-input":{"@type":"PropertyValueSpecification","valueRequired":true,"valueName":"search_term_string"}}],"inLanguage":"en-US"},{"@type":"Organization","@id":"https:\/\/biblioteka.kaunokolegija.lt\/#organization","name":"Kauno kolegijos biblioteka ir informacijos i\u0161tekli\u0173 centras","url":"https:\/\/biblioteka.kaunokolegija.lt\/","logo":{"@type":"ImageObject","inLanguage":"en-US","@id":"https:\/\/biblioteka.kaunokolegija.lt\/#\/schema\/logo\/image\/","url":"https:\/\/biblioteka.kaunokolegija.lt\/wp-content\/uploads\/2020\/10\/bibliotekos-cover-fb.jpg","contentUrl":"https:\/\/biblioteka.kaunokolegija.lt\/wp-content\/uploads\/2020\/10\/bibliotekos-cover-fb.jpg","width":1200,"height":630,"caption":"Kauno kolegijos biblioteka ir informacijos i\u0161tekli\u0173 centras"},"image":{"@id":"https:\/\/biblioteka.kaunokolegija.lt\/#\/schema\/logo\/image\/"},"sameAs":["https:\/\/www.facebook.com\/Kauno.kolegija.biblioteka"]}]}},"uagb_featured_image_src":{"full":false,"thumbnail":false,"medium":false,"medium_large":false,"large":false,"gs-tiny":false,"xl":false,"xxl":false,"xxxl":false,"xxxxl":false,"xxxxxl":false,"1536x1536":false,"2048x2048":false,"ultp_layout_landscape_large":false,"ultp_layout_landscape":false,"ultp_layout_portrait":false,"ultp_layout_square":false,"menu-24x24":false,"menu-36x36":false,"menu-48x48":false},"uagb_author_info":{"display_name":"BIBLIOTEKA","author_link":"https:\/\/biblioteka.kaunokolegija.lt\/en\/author\/vaiva\/"},"uagb_comment_info":0,"uagb_excerpt":"Books can be read in the Library or borrowed home for a week, a month, or a semester. The book lending period depends on the status of the book, its demand, and the number of copies. Readers can learn the time of the book return in their account by logging in to the Virtual Library.&hellip;","_links":{"self":[{"href":"https:\/\/biblioteka.kaunokolegija.lt\/en\/wp-json\/wp\/v2\/pages\/110","targetHints":{"allow":["GET"]}}],"collection":[{"href":"https:\/\/biblioteka.kaunokolegija.lt\/en\/wp-json\/wp\/v2\/pages"}],"about":[{"href":"https:\/\/biblioteka.kaunokolegija.lt\/en\/wp-json\/wp\/v2\/types\/page"}],"author":[{"embeddable":true,"href":"https:\/\/biblioteka.kaunokolegija.lt\/en\/wp-json\/wp\/v2\/users\/5"}],"replies":[{"embeddable":true,"href":"https:\/\/biblioteka.kaunokolegija.lt\/en\/wp-json\/wp\/v2\/comments?post=110"}],"version-history":[{"count":315,"href":"https:\/\/biblioteka.kaunokolegija.lt\/en\/wp-json\/wp\/v2\/pages\/110\/revisions"}],"predecessor-version":[{"id":18877,"href":"https:\/\/biblioteka.kaunokolegija.lt\/en\/wp-json\/wp\/v2\/pages\/110\/revisions\/18877"}],"up":[{"embeddable":true,"href":"https:\/\/biblioteka.kaunokolegija.lt\/en\/wp-json\/wp\/v2\/pages\/10"}],"wp:attachment":[{"href":"https:\/\/biblioteka.kaunokolegija.lt\/en\/wp-json\/wp\/v2\/media?parent=110"}],"curies":[{"name":"wp","href":"https:\/\/api.w.org\/{rel}","templated":true}]}}