{"id":107,"date":"2015-12-28T07:57:39","date_gmt":"2015-12-28T05:57:39","guid":{"rendered":"http:\/\/localhost\/wordpress\/?page_id=107"},"modified":"2026-02-06T13:32:32","modified_gmt":"2026-02-06T11:32:32","slug":"bibliotekos-zemelapis","status":"publish","type":"page","link":"https:\/\/biblioteka.kaunokolegija.lt\/en\/apie\/bibliotekos-zemelapis\/","title":{"rendered":"Library Map"},"content":{"rendered":"<p><\/p>\r\n\r\n\r\n\r\n<p><strong>Library Map:&nbsp;<a href=\"https:\/\/biblioteka.kaunokolegija.lt\/map\/\">https:\/\/biblioteka.kaunokolegija.lt\/map\/<\/a><\/strong><\/p>\r\n\r\n\r\n\r\n<p>On the map, you can find library spaces for studies, computer workstations for readers, and other places. After selecting the shelf, you can see the themes of the books placed in them. On the map, you can see on which shelf the required book is placed by searching by its call number.<\/p>\r\n\r\n\r\n\r\n<p>The library map is directly linked to the Library Virtual Library. Once you have found the required book in the Virtual Library, all you have to do is click on the call number, and in the opened map, you will see the shelf where the book is placed.<\/p>\r\n\r\n\r\n\r\n<p><\/p>","protected":false},"excerpt":{"rendered":"<p>Library Map:&nbsp;https:\/\/biblioteka.kaunokolegija.lt\/map\/ On the map, you can find library spaces for studies, computer workstations for readers, and other places. After selecting the shelf, you can see the themes of the books placed in them. On the map, you can see on which shelf the required book is placed by searching by its call number. The [&hellip;]<\/p>\n","protected":false},"author":5,"featured_media":0,"parent":8,"menu_order":0,"comment_status":"closed","ping_status":"closed","template":"","meta":{"_uag_custom_page_level_css":"","site-sidebar-layout":"default","site-content-layout":"default","ast-site-content-layout":"default","site-content-style":"default","site-sidebar-style":"default","ast-global-header-display":"","ast-banner-title-visibility":"","ast-main-header-display":"","ast-hfb-above-header-display":"","ast-hfb-below-header-display":"","ast-hfb-mobile-header-display":"","site-post-title":"","ast-breadcrumbs-content":"","ast-featured-img":"","footer-sml-layout":"","ast-disable-related-posts":"","theme-transparent-header-meta":"default","adv-header-id-meta":"","stick-header-meta":"","header-above-stick-meta":"","header-main-stick-meta":"","header-below-stick-meta":"","astra-migrate-meta-layouts":"default","ast-page-background-enabled":"default","ast-page-background-meta":{"desktop":{"background-color":"var(--ast-global-color-4)","background-image":"","background-repeat":"repeat","background-position":"center center","background-size":"auto","background-attachment":"scroll","background-type":"","background-media":"","overlay-type":"","overlay-color":"","overlay-opacity":"","overlay-gradient":""},"tablet":{"background-color":"","background-image":"","background-repeat":"repeat","background-position":"center center","background-size":"auto","background-attachment":"scroll","background-type":"","background-media":"","overlay-type":"","overlay-color":"","overlay-opacity":"","overlay-gradient":""},"mobile":{"background-color":"","background-image":"","background-repeat":"repeat","background-position":"center center","background-size":"auto","background-attachment":"scroll","background-type":"","background-media":"","overlay-type":"","overlay-color":"","overlay-opacity":"","overlay-gradient":""}},"ast-content-background-meta":{"desktop":{"background-color":"var(--ast-global-color-5)","background-image":"","background-repeat":"repeat","background-position":"center center","background-size":"auto","background-attachment":"scroll","background-type":"","background-media":"","overlay-type":"","overlay-color":"","overlay-opacity":"","overlay-gradient":""},"tablet":{"background-color":"var(--ast-global-color-5)","background-image":"","background-repeat":"repeat","background-position":"center center","background-size":"auto","background-attachment":"scroll","background-type":"","background-media":"","overlay-type":"","overlay-color":"","overlay-opacity":"","overlay-gradient":""},"mobile":{"background-color":"var(--ast-global-color-5)","background-image":"","background-repeat":"repeat","background-position":"center center","background-size":"auto","background-attachment":"scroll","background-type":"","background-media":"","overlay-type":"","overlay-color":"","overlay-opacity":"","overlay-gradient":""}},"footnotes":""},"class_list":["post-107","page","type-page","status-publish","hentry"],"yoast_head":"<!-- This site is optimized with the Yoast SEO plugin v27.2 - https:\/\/yoast.com\/product\/yoast-seo-wordpress\/ -->\n<title>Library Map<\/title>\n<meta name=\"description\" content=\"Vieta: Pramon\u0117s pr. 22A (antras auk\u0161tas), Kaunas El. pa\u0161tas: biblioteka@go.kauko.lt Telefonas: (8-37) 75 11 32 Interneto svetain\u0117: http:\/\/biblioteka.kaunokolegija.lt Facebook: https:\/\/www.facebook.com\/Kauno.kolegija.biblioteka\" \/>\n<meta name=\"robots\" content=\"index, follow, max-snippet:-1, max-image-preview:large, max-video-preview:-1\" \/>\n<link rel=\"canonical\" href=\"https:\/\/biblioteka.kaunokolegija.lt\/apie\/bibliotekos-zemelapis\/\" \/>\n<meta property=\"og:locale\" content=\"en_US\" \/>\n<meta property=\"og:type\" content=\"article\" \/>\n<meta property=\"og:title\" content=\"[:lt]Bibliotekos \u017eem\u0117lapis[:en]Library Map[:]\" \/>\n<meta property=\"og:description\" content=\"Vieta: Pramon\u0117s pr. 22A (antras auk\u0161tas), Kaunas El. pa\u0161tas: biblioteka@go.kauko.lt Telefonas: (8-37) 75 11 32 Interneto svetain\u0117: http:\/\/biblioteka.kaunokolegija.lt Facebook: https:\/\/www.facebook.com\/Kauno.kolegija.biblioteka\" \/>\n<meta property=\"og:url\" content=\"https:\/\/biblioteka.kaunokolegija.lt\/apie\/bibliotekos-zemelapis\/\" \/>\n<meta property=\"og:site_name\" content=\"Kauno kolegijos biblioteka ir mokslin\u0117s komunikacijos centras\" \/>\n<meta property=\"article:publisher\" content=\"https:\/\/www.facebook.com\/Kauno.kolegija.biblioteka\" \/>\n<meta property=\"article:modified_time\" content=\"2026-02-06T11:32:32+00:00\" \/>\n<meta property=\"og:image\" content=\"https:\/\/biblioteka.kaunokolegija.lt\/wp-content\/uploads\/2020\/10\/bibliotekos-cover-fb.jpg\" \/>\n\t<meta property=\"og:image:width\" content=\"1200\" \/>\n\t<meta property=\"og:image:height\" content=\"630\" \/>\n\t<meta property=\"og:image:type\" content=\"image\/jpeg\" \/>\n<meta name=\"twitter:card\" content=\"summary_large_image\" \/>\n<meta name=\"twitter:label1\" content=\"Est. reading time\" \/>\n\t<meta name=\"twitter:data1\" content=\"1 minute\" \/>\n<!-- \/ Yoast SEO plugin. -->","yoast_head_json":{"title":"Library Map","description":"Vieta: Pramon\u0117s pr. 22A (antras auk\u0161tas), Kaunas El. pa\u0161tas: biblioteka@go.kauko.lt Telefonas: (8-37) 75 11 32 Interneto svetain\u0117: http:\/\/biblioteka.kaunokolegija.lt Facebook: https:\/\/www.facebook.com\/Kauno.kolegija.biblioteka","robots":{"index":"index","follow":"follow","max-snippet":"max-snippet:-1","max-image-preview":"max-image-preview:large","max-video-preview":"max-video-preview:-1"},"canonical":"https:\/\/biblioteka.kaunokolegija.lt\/apie\/bibliotekos-zemelapis\/","og_locale":"en_US","og_type":"article","og_title":"[:lt]Bibliotekos \u017eem\u0117lapis[:en]Library Map[:]","og_description":"Vieta: Pramon\u0117s pr. 22A (antras auk\u0161tas), Kaunas El. pa\u0161tas: biblioteka@go.kauko.lt Telefonas: (8-37) 75 11 32 Interneto svetain\u0117: http:\/\/biblioteka.kaunokolegija.lt Facebook: https:\/\/www.facebook.com\/Kauno.kolegija.biblioteka","og_url":"https:\/\/biblioteka.kaunokolegija.lt\/apie\/bibliotekos-zemelapis\/","og_site_name":"Kauno kolegijos biblioteka ir mokslin\u0117s komunikacijos centras","article_publisher":"https:\/\/www.facebook.com\/Kauno.kolegija.biblioteka","article_modified_time":"2026-02-06T11:32:32+00:00","og_image":[{"width":1200,"height":630,"url":"https:\/\/biblioteka.kaunokolegija.lt\/wp-content\/uploads\/2020\/10\/bibliotekos-cover-fb.jpg","type":"image\/jpeg"}],"twitter_card":"summary_large_image","twitter_misc":{"Est. reading time":"1 minute"},"schema":{"@context":"https:\/\/schema.org","@graph":[{"@type":"WebPage","@id":"https:\/\/biblioteka.kaunokolegija.lt\/apie\/bibliotekos-zemelapis\/","url":"https:\/\/biblioteka.kaunokolegija.lt\/apie\/bibliotekos-zemelapis\/","name":"[:lt]Bibliotekos \u017eem\u0117lapis[:en]Library Map[:]","isPartOf":{"@id":"https:\/\/biblioteka.kaunokolegija.lt\/#website"},"datePublished":"2015-12-28T05:57:39+00:00","dateModified":"2026-02-06T11:32:32+00:00","description":"Vieta: Pramon\u0117s pr. 22A (antras auk\u0161tas), Kaunas El. pa\u0161tas: biblioteka@go.kauko.lt Telefonas: (8-37) 75 11 32 Interneto svetain\u0117: http:\/\/biblioteka.kaunokolegija.lt Facebook: https:\/\/www.facebook.com\/Kauno.kolegija.biblioteka","breadcrumb":{"@id":"https:\/\/biblioteka.kaunokolegija.lt\/apie\/bibliotekos-zemelapis\/#breadcrumb"},"inLanguage":"en-US","potentialAction":[{"@type":"ReadAction","target":["https:\/\/biblioteka.kaunokolegija.lt\/apie\/bibliotekos-zemelapis\/"]}]},{"@type":"BreadcrumbList","@id":"https:\/\/biblioteka.kaunokolegija.lt\/apie\/bibliotekos-zemelapis\/#breadcrumb","itemListElement":[{"@type":"ListItem","position":1,"name":"Pagrindinis","item":"https:\/\/biblioteka.kaunokolegija.lt\/"},{"@type":"ListItem","position":2,"name":"Apie","item":"https:\/\/biblioteka.kaunokolegija.lt\/apie\/"},{"@type":"ListItem","position":3,"name":"Bibliotekos \u017eem\u0117lapis"}]},{"@type":"WebSite","@id":"https:\/\/biblioteka.kaunokolegija.lt\/#website","url":"https:\/\/biblioteka.kaunokolegija.lt\/","name":"Kauno kolegijos biblioteka ir informacijos i\u0161tekli\u0173 centras","description":"Kauno kolegijos biblioteka ir mokslin\u0117s komunikacijos centras","publisher":{"@id":"https:\/\/biblioteka.kaunokolegija.lt\/#organization"},"potentialAction":[{"@type":"SearchAction","target":{"@type":"EntryPoint","urlTemplate":"https:\/\/biblioteka.kaunokolegija.lt\/?s={search_term_string}"},"query-input":{"@type":"PropertyValueSpecification","valueRequired":true,"valueName":"search_term_string"}}],"inLanguage":"en-US"},{"@type":"Organization","@id":"https:\/\/biblioteka.kaunokolegija.lt\/#organization","name":"Kauno kolegijos biblioteka ir informacijos i\u0161tekli\u0173 centras","url":"https:\/\/biblioteka.kaunokolegija.lt\/","logo":{"@type":"ImageObject","inLanguage":"en-US","@id":"https:\/\/biblioteka.kaunokolegija.lt\/#\/schema\/logo\/image\/","url":"https:\/\/biblioteka.kaunokolegija.lt\/wp-content\/uploads\/2020\/10\/bibliotekos-cover-fb.jpg","contentUrl":"https:\/\/biblioteka.kaunokolegija.lt\/wp-content\/uploads\/2020\/10\/bibliotekos-cover-fb.jpg","width":1200,"height":630,"caption":"Kauno kolegijos biblioteka ir informacijos i\u0161tekli\u0173 centras"},"image":{"@id":"https:\/\/biblioteka.kaunokolegija.lt\/#\/schema\/logo\/image\/"},"sameAs":["https:\/\/www.facebook.com\/Kauno.kolegija.biblioteka"]}]}},"uagb_featured_image_src":{"full":false,"thumbnail":false,"medium":false,"medium_large":false,"large":false,"gs-tiny":false,"xl":false,"xxl":false,"xxxl":false,"xxxxl":false,"xxxxxl":false,"1536x1536":false,"2048x2048":false,"ultp_layout_landscape_large":false,"ultp_layout_landscape":false,"ultp_layout_portrait":false,"ultp_layout_square":false,"menu-24x24":false,"menu-36x36":false,"menu-48x48":false},"uagb_author_info":{"display_name":"BIBLIOTEKA","author_link":"https:\/\/biblioteka.kaunokolegija.lt\/en\/author\/vaiva\/"},"uagb_comment_info":0,"uagb_excerpt":"Library Map:&nbsp;https:\/\/biblioteka.kaunokolegija.lt\/map\/ On the map, you can find library spaces for studies, computer workstations for readers, and other places. After selecting the shelf, you can see the themes of the books placed in them. On the map, you can see on which shelf the required book is placed by searching by its call number. The&hellip;","_links":{"self":[{"href":"https:\/\/biblioteka.kaunokolegija.lt\/en\/wp-json\/wp\/v2\/pages\/107","targetHints":{"allow":["GET"]}}],"collection":[{"href":"https:\/\/biblioteka.kaunokolegija.lt\/en\/wp-json\/wp\/v2\/pages"}],"about":[{"href":"https:\/\/biblioteka.kaunokolegija.lt\/en\/wp-json\/wp\/v2\/types\/page"}],"author":[{"embeddable":true,"href":"https:\/\/biblioteka.kaunokolegija.lt\/en\/wp-json\/wp\/v2\/users\/5"}],"replies":[{"embeddable":true,"href":"https:\/\/biblioteka.kaunokolegija.lt\/en\/wp-json\/wp\/v2\/comments?post=107"}],"version-history":[{"count":55,"href":"https:\/\/biblioteka.kaunokolegija.lt\/en\/wp-json\/wp\/v2\/pages\/107\/revisions"}],"predecessor-version":[{"id":17099,"href":"https:\/\/biblioteka.kaunokolegija.lt\/en\/wp-json\/wp\/v2\/pages\/107\/revisions\/17099"}],"up":[{"embeddable":true,"href":"https:\/\/biblioteka.kaunokolegija.lt\/en\/wp-json\/wp\/v2\/pages\/8"}],"wp:attachment":[{"href":"https:\/\/biblioteka.kaunokolegija.lt\/en\/wp-json\/wp\/v2\/media?parent=107"}],"curies":[{"name":"wp","href":"https:\/\/api.w.org\/{rel}","templated":true}]}}