{"id":105,"date":"2015-12-28T07:57:27","date_gmt":"2015-12-28T05:57:27","guid":{"rendered":"http:\/\/localhost\/wordpress\/?page_id=105"},"modified":"2025-06-19T15:17:06","modified_gmt":"2025-06-19T13:17:06","slug":"kontaktai","status":"publish","type":"page","link":"https:\/\/biblioteka.kaunokolegija.lt\/en\/apie\/kontaktai\/","title":{"rendered":"Contacts"},"content":{"rendered":"<p><\/p>\n\n\n\n<p><strong>Head of the Library:<\/strong>  Lina \u0160arlauskien\u0117 <\/p>\n\n\n\n<p><strong>Location<\/strong>: Pramones Avenue 22A, Kaunas<br><strong>E-mail address<\/strong>: biblioteka@go.kauko.lt<br><strong>Telephone<\/strong>: +370 (37) 751 132<br><strong>Website:<\/strong>\u00a0<a href=\"https:\/\/biblioteka.kaunokolegija.lt\/\">https:\/\/biblioteka.kaunokolegija.lt<\/a><br><strong>Facebook:<\/strong>\u00a0<a href=\"https:\/\/www.facebook.com\/Kauno.kolegija.biblioteka\">https:\/\/www.facebook.com\/Kauno.kolegija.biblioteka<\/a><\/p>\n\n\n\n<p><strong>Mailing address:<\/strong><br>Biblioteka ir mokslin\u0117s komunikacijos centras \/ Library and Centre of Scientific Communication<br>Pramones Avenue 20<br>LT-50468 Kaunas<\/p>\n\n\n\n<div class=\"wp-block-pb-accordion-item c-accordion__item js-accordion-item no-js\" data-initially-open=\"false\" data-click-to-close=\"true\" data-auto-close=\"true\" data-scroll=\"false\" data-scroll-offset=\"0\"><h4 id=\"at-1056\" class=\"c-accordion__title js-accordion-controller\" role=\"button\">Contact information by relevant areas of activity<\/h4><div id=\"ac-1056\" class=\"c-accordion__content\">\n<figure class=\"wp-block-table\"><table><tbody><tr><td>Head of the Library<br>Subscription and administration of electronic resources and<br>databases Library information systems<\/td><td> Lina \u0160arlauskien\u0117<\/td><\/tr><tr><td>Library system administration<\/td><td>Daiva Martinkien\u0117<\/td><\/tr><tr><td>Reader service questions, library tours<br>Training and consultations on the topics of information and academic literacy<\/td><td>Roma Karpien\u0117<\/td><\/tr><tr><td>Ordering, purchasing and managing new publications<\/td><td>Violeta Gurskien\u0117<\/td><\/tr><tr><td>Exhibitions in the library<\/td><td>Egidija Seikauskien\u0117<\/td><\/tr><tr><td>Registration of publications, compilation of their lists<br>Publication of publications in the Kauno kolegija Higher Education Institution<br>repository<br>Publication of Kauno kolegija Higher Education Institution<br>Publications and articles in OJS<\/td><td>Ramun\u0117 Bernot\u0117<\/td><\/tr><tr><td>Activities of the scientific journal editorial board<br>Dissemination of scientific communication<br>Consultations on scientific communication<\/td><td>Kristina Bartkien\u0117<\/td><\/tr><tr><td>Library communication and information dissemination<br>Training and consultations on the topics of information and academic literacy<\/td><td>Vaiva \u0160ala\u0161evi\u010di\u016bt\u0117<\/td><\/tr><tr><td>Subject librarians responsible for the provision of study programs,<br>information resources and their dissemination in the faculties<\/td><td>Violeta Gurskien\u0117 \u2013 medicine and health;<br>Violeta Grybauskien\u0117 \u2013 economics, management and law;<br>Roma Karpien\u0117 \u2013 technology, IT;<br>Daiva Kevi\u0161ien\u0117 \u2013 humanities and communication sciences;<br>Egidija Seikauskien\u0117 \u2013 arts, educology.<\/td><\/tr><\/tbody><\/table><\/figure>\n<\/div><\/div>\n\n\n\n<div class=\"wp-block-pb-accordion-item c-accordion__item js-accordion-item no-js\" data-initially-open=\"false\" data-click-to-close=\"true\" data-auto-close=\"true\" data-scroll=\"false\" data-scroll-offset=\"0\"><h4 id=\"at-1057\" class=\"c-accordion__title js-accordion-controller\" role=\"button\">Library structure<\/h4><div id=\"ac-1057\" class=\"c-accordion__content\">\n<figure class=\"wp-block-table\"><table><tbody><tr><td><\/td><td><\/td><\/tr><tr><td><strong>Head of the Library<\/strong><\/td><td>Lina \u0160arlauskien\u0117<\/td><\/tr><tr><td>Senior Librarian for Scientific Information<\/td><td>Ramun\u0117 Bernot\u0117<\/td><\/tr><tr><td>Senior Librarian for Scientific Communication<\/td><td>Kristina Bartkien\u0117<\/td><\/tr><tr><td>Librarian for the Administration of the Library System<\/td><td>Daiva Martinkien\u0117<\/td><\/tr><tr><td>Senior Librarian for Communication<\/td><td>Vaiva \u0160ala\u0161evi\u010di\u016bt\u0117<\/td><\/tr><tr><td>Librarian for Communication<\/td><td>Gytis Baltru\u0161aitis<\/td><\/tr><tr><td>Senior Librarian for Resource Management<br>109 cab., Pramones Avenue 22A, Kaunas<br>Tel. (0 37) 33 02 83<\/td><td>Violeta Gurskien\u0117<\/td><\/tr><tr><td>Librarian for Resource Management<\/td><td>Au\u0161rut\u0117 Ju\u0161kevi\u010dien\u0117<\/td><\/tr><tr><td>Librarian for Resource Management<\/td><td>Eugenija Andriu\u0161kevi\u010dien\u0117<\/td><\/tr><tr><td>Senior Librarian for Reader Services<br>II-III floor, Pramones Avenue 22A, Kaunas<br>Tel. (0 37) 75 11 32<\/td><td>Roma Karpien\u0117<\/td><\/tr><tr><td>Librarian for Reader Services<\/td><td>Egidija Seikauskien\u0117<\/td><\/tr><tr><td>Librarian for Reader Services<\/td><td>Daiva K\u0117vi\u0161ien\u0117<\/td><\/tr><tr><td>Librarian for Reader Services<\/td><td>Edita Ma\u010diulien\u0117<\/td><\/tr><tr><td>Librarian for Reader Services<\/td><td>Violeta Grybauskien\u0117<\/td><\/tr><tr><td>Alytus Faculty Librarian for Reader Services<\/td><td>Jurga Rybelyt\u0117<\/td><\/tr><tr><td>Alytus Faculty Librarian for Reader Services<\/td><td>Dovil\u0117 \u0160alkauskien\u0117<\/td><\/tr><\/tbody><\/table><\/figure>\n\n\n\n<p><\/p>\n<\/div><\/div>\n\n\n\n<p><\/p>","protected":false},"excerpt":{"rendered":"<p>Head of the Library: Lina \u0160arlauskien\u0117 Location: Pramones Avenue 22A, KaunasE-mail address: biblioteka@go.kauko.ltTelephone: +370 (37) 751 132Website:\u00a0https:\/\/biblioteka.kaunokolegija.ltFacebook:\u00a0https:\/\/www.facebook.com\/Kauno.kolegija.biblioteka Mailing address:Biblioteka ir mokslin\u0117s komunikacijos centras \/ Library and Centre of Scientific CommunicationPramones Avenue 20LT-50468 Kaunas<\/p>\n","protected":false},"author":5,"featured_media":0,"parent":8,"menu_order":0,"comment_status":"closed","ping_status":"closed","template":"","meta":{"_uag_custom_page_level_css":"","site-sidebar-layout":"default","site-content-layout":"default","ast-site-content-layout":"default","site-content-style":"default","site-sidebar-style":"default","ast-global-header-display":"","ast-banner-title-visibility":"","ast-main-header-display":"","ast-hfb-above-header-display":"","ast-hfb-below-header-display":"","ast-hfb-mobile-header-display":"","site-post-title":"","ast-breadcrumbs-content":"","ast-featured-img":"","footer-sml-layout":"","ast-disable-related-posts":"","theme-transparent-header-meta":"default","adv-header-id-meta":"","stick-header-meta":"","header-above-stick-meta":"","header-main-stick-meta":"","header-below-stick-meta":"","astra-migrate-meta-layouts":"default","ast-page-background-enabled":"default","ast-page-background-meta":{"desktop":{"background-color":"var(--ast-global-color-4)","background-image":"","background-repeat":"repeat","background-position":"center center","background-size":"auto","background-attachment":"scroll","background-type":"","background-media":"","overlay-type":"","overlay-color":"","overlay-opacity":"","overlay-gradient":""},"tablet":{"background-color":"","background-image":"","background-repeat":"repeat","background-position":"center center","background-size":"auto","background-attachment":"scroll","background-type":"","background-media":"","overlay-type":"","overlay-color":"","overlay-opacity":"","overlay-gradient":""},"mobile":{"background-color":"","background-image":"","background-repeat":"repeat","background-position":"center center","background-size":"auto","background-attachment":"scroll","background-type":"","background-media":"","overlay-type":"","overlay-color":"","overlay-opacity":"","overlay-gradient":""}},"ast-content-background-meta":{"desktop":{"background-color":"var(--ast-global-color-5)","background-image":"","background-repeat":"repeat","background-position":"center center","background-size":"auto","background-attachment":"scroll","background-type":"","background-media":"","overlay-type":"","overlay-color":"","overlay-opacity":"","overlay-gradient":""},"tablet":{"background-color":"var(--ast-global-color-5)","background-image":"","background-repeat":"repeat","background-position":"center center","background-size":"auto","background-attachment":"scroll","background-type":"","background-media":"","overlay-type":"","overlay-color":"","overlay-opacity":"","overlay-gradient":""},"mobile":{"background-color":"var(--ast-global-color-5)","background-image":"","background-repeat":"repeat","background-position":"center center","background-size":"auto","background-attachment":"scroll","background-type":"","background-media":"","overlay-type":"","overlay-color":"","overlay-opacity":"","overlay-gradient":""}},"footnotes":""},"class_list":["post-105","page","type-page","status-publish","hentry"],"yoast_head":"<!-- This site is optimized with the Yoast SEO plugin v27.2 - https:\/\/yoast.com\/product\/yoast-seo-wordpress\/ -->\n<title>Contacts<\/title>\n<meta name=\"description\" content=\"Skaityti leidinius bibliotekoje ir pasiskolinti \u012f namus; Skaityti laikra\u0161\u010dius ir \u017eurnalus; Skaityti elektronines knygas; Rasti informacijos referatams ir kitiems darbams; Naudotis kompiuteriais, internetu ir programomis; Naudotis kambariu komandiniam darbui; Studijuoti bei ils\u0117tis; Konsultuotis ir ugdyti informacinius geb\u0117jimus; Lankyti seminarus, parodas ir renginius.\" \/>\n<meta name=\"robots\" content=\"index, follow, max-snippet:-1, max-image-preview:large, max-video-preview:-1\" \/>\n<link rel=\"canonical\" href=\"https:\/\/biblioteka.kaunokolegija.lt\/apie\/kontaktai\/\" \/>\n<meta property=\"og:locale\" content=\"en_US\" \/>\n<meta property=\"og:type\" content=\"article\" \/>\n<meta property=\"og:title\" content=\"[:lt]Kontaktai[:en]Contacts[:]\" \/>\n<meta property=\"og:description\" content=\"Skaityti leidinius bibliotekoje ir pasiskolinti \u012f namus; Skaityti laikra\u0161\u010dius ir \u017eurnalus; Skaityti elektronines knygas; Rasti informacijos referatams ir kitiems darbams; Naudotis kompiuteriais, internetu ir programomis; Naudotis kambariu komandiniam darbui; Studijuoti bei ils\u0117tis; Konsultuotis ir ugdyti informacinius geb\u0117jimus; Lankyti seminarus, parodas ir renginius.\" \/>\n<meta property=\"og:url\" content=\"https:\/\/biblioteka.kaunokolegija.lt\/apie\/kontaktai\/\" \/>\n<meta property=\"og:site_name\" content=\"Kauno kolegijos biblioteka ir mokslin\u0117s komunikacijos centras\" \/>\n<meta property=\"article:publisher\" content=\"https:\/\/www.facebook.com\/Kauno.kolegija.biblioteka\" \/>\n<meta property=\"article:modified_time\" content=\"2025-06-19T13:17:06+00:00\" \/>\n<meta property=\"og:image\" content=\"https:\/\/biblioteka.kaunokolegija.lt\/wp-content\/uploads\/2020\/10\/bibliotekos-cover-fb.jpg\" \/>\n\t<meta property=\"og:image:width\" content=\"1200\" \/>\n\t<meta property=\"og:image:height\" content=\"630\" \/>\n\t<meta property=\"og:image:type\" content=\"image\/jpeg\" \/>\n<meta name=\"twitter:card\" content=\"summary_large_image\" \/>\n<meta name=\"twitter:label1\" content=\"Est. reading time\" \/>\n\t<meta name=\"twitter:data1\" content=\"4 minutes\" \/>\n<!-- \/ Yoast SEO plugin. -->","yoast_head_json":{"title":"Contacts","description":"Skaityti leidinius bibliotekoje ir pasiskolinti \u012f namus; Skaityti laikra\u0161\u010dius ir \u017eurnalus; Skaityti elektronines knygas; Rasti informacijos referatams ir kitiems darbams; Naudotis kompiuteriais, internetu ir programomis; Naudotis kambariu komandiniam darbui; Studijuoti bei ils\u0117tis; Konsultuotis ir ugdyti informacinius geb\u0117jimus; Lankyti seminarus, parodas ir renginius.","robots":{"index":"index","follow":"follow","max-snippet":"max-snippet:-1","max-image-preview":"max-image-preview:large","max-video-preview":"max-video-preview:-1"},"canonical":"https:\/\/biblioteka.kaunokolegija.lt\/apie\/kontaktai\/","og_locale":"en_US","og_type":"article","og_title":"[:lt]Kontaktai[:en]Contacts[:]","og_description":"Skaityti leidinius bibliotekoje ir pasiskolinti \u012f namus; Skaityti laikra\u0161\u010dius ir \u017eurnalus; Skaityti elektronines knygas; Rasti informacijos referatams ir kitiems darbams; Naudotis kompiuteriais, internetu ir programomis; Naudotis kambariu komandiniam darbui; Studijuoti bei ils\u0117tis; Konsultuotis ir ugdyti informacinius geb\u0117jimus; Lankyti seminarus, parodas ir renginius.","og_url":"https:\/\/biblioteka.kaunokolegija.lt\/apie\/kontaktai\/","og_site_name":"Kauno kolegijos biblioteka ir mokslin\u0117s komunikacijos centras","article_publisher":"https:\/\/www.facebook.com\/Kauno.kolegija.biblioteka","article_modified_time":"2025-06-19T13:17:06+00:00","og_image":[{"width":1200,"height":630,"url":"https:\/\/biblioteka.kaunokolegija.lt\/wp-content\/uploads\/2020\/10\/bibliotekos-cover-fb.jpg","type":"image\/jpeg"}],"twitter_card":"summary_large_image","twitter_misc":{"Est. reading time":"4 minutes"},"schema":{"@context":"https:\/\/schema.org","@graph":[{"@type":"WebPage","@id":"https:\/\/biblioteka.kaunokolegija.lt\/apie\/kontaktai\/","url":"https:\/\/biblioteka.kaunokolegija.lt\/apie\/kontaktai\/","name":"[:lt]Kontaktai[:en]Contacts[:]","isPartOf":{"@id":"https:\/\/biblioteka.kaunokolegija.lt\/#website"},"datePublished":"2015-12-28T05:57:27+00:00","dateModified":"2025-06-19T13:17:06+00:00","description":"Skaityti leidinius bibliotekoje ir pasiskolinti \u012f namus; Skaityti laikra\u0161\u010dius ir \u017eurnalus; Skaityti elektronines knygas; Rasti informacijos referatams ir kitiems darbams; Naudotis kompiuteriais, internetu ir programomis; Naudotis kambariu komandiniam darbui; Studijuoti bei ils\u0117tis; Konsultuotis ir ugdyti informacinius geb\u0117jimus; Lankyti seminarus, parodas ir renginius.","breadcrumb":{"@id":"https:\/\/biblioteka.kaunokolegija.lt\/apie\/kontaktai\/#breadcrumb"},"inLanguage":"en-US","potentialAction":[{"@type":"ReadAction","target":["https:\/\/biblioteka.kaunokolegija.lt\/apie\/kontaktai\/"]}]},{"@type":"BreadcrumbList","@id":"https:\/\/biblioteka.kaunokolegija.lt\/apie\/kontaktai\/#breadcrumb","itemListElement":[{"@type":"ListItem","position":1,"name":"Pagrindinis","item":"https:\/\/biblioteka.kaunokolegija.lt\/"},{"@type":"ListItem","position":2,"name":"Apie","item":"https:\/\/biblioteka.kaunokolegija.lt\/apie\/"},{"@type":"ListItem","position":3,"name":"Kontaktai"}]},{"@type":"WebSite","@id":"https:\/\/biblioteka.kaunokolegija.lt\/#website","url":"https:\/\/biblioteka.kaunokolegija.lt\/","name":"Kauno kolegijos biblioteka ir informacijos i\u0161tekli\u0173 centras","description":"Kauno kolegijos biblioteka ir mokslin\u0117s komunikacijos centras","publisher":{"@id":"https:\/\/biblioteka.kaunokolegija.lt\/#organization"},"potentialAction":[{"@type":"SearchAction","target":{"@type":"EntryPoint","urlTemplate":"https:\/\/biblioteka.kaunokolegija.lt\/?s={search_term_string}"},"query-input":{"@type":"PropertyValueSpecification","valueRequired":true,"valueName":"search_term_string"}}],"inLanguage":"en-US"},{"@type":"Organization","@id":"https:\/\/biblioteka.kaunokolegija.lt\/#organization","name":"Kauno kolegijos biblioteka ir informacijos i\u0161tekli\u0173 centras","url":"https:\/\/biblioteka.kaunokolegija.lt\/","logo":{"@type":"ImageObject","inLanguage":"en-US","@id":"https:\/\/biblioteka.kaunokolegija.lt\/#\/schema\/logo\/image\/","url":"https:\/\/biblioteka.kaunokolegija.lt\/wp-content\/uploads\/2020\/10\/bibliotekos-cover-fb.jpg","contentUrl":"https:\/\/biblioteka.kaunokolegija.lt\/wp-content\/uploads\/2020\/10\/bibliotekos-cover-fb.jpg","width":1200,"height":630,"caption":"Kauno kolegijos biblioteka ir informacijos i\u0161tekli\u0173 centras"},"image":{"@id":"https:\/\/biblioteka.kaunokolegija.lt\/#\/schema\/logo\/image\/"},"sameAs":["https:\/\/www.facebook.com\/Kauno.kolegija.biblioteka"]}]}},"uagb_featured_image_src":{"full":false,"thumbnail":false,"medium":false,"medium_large":false,"large":false,"gs-tiny":false,"xl":false,"xxl":false,"xxxl":false,"xxxxl":false,"xxxxxl":false,"1536x1536":false,"2048x2048":false,"ultp_layout_landscape_large":false,"ultp_layout_landscape":false,"ultp_layout_portrait":false,"ultp_layout_square":false,"menu-24x24":false,"menu-36x36":false,"menu-48x48":false},"uagb_author_info":{"display_name":"BIBLIOTEKA","author_link":"https:\/\/biblioteka.kaunokolegija.lt\/en\/author\/vaiva\/"},"uagb_comment_info":0,"uagb_excerpt":"Head of the Library: Lina \u0160arlauskien\u0117 Location: Pramones Avenue 22A, KaunasE-mail address: biblioteka@go.kauko.ltTelephone: +370 (37) 751 132Website:\u00a0https:\/\/biblioteka.kaunokolegija.ltFacebook:\u00a0https:\/\/www.facebook.com\/Kauno.kolegija.biblioteka Mailing address:Biblioteka ir mokslin\u0117s komunikacijos centras \/ Library and Centre of Scientific CommunicationPramones Avenue 20LT-50468 Kaunas","_links":{"self":[{"href":"https:\/\/biblioteka.kaunokolegija.lt\/en\/wp-json\/wp\/v2\/pages\/105","targetHints":{"allow":["GET"]}}],"collection":[{"href":"https:\/\/biblioteka.kaunokolegija.lt\/en\/wp-json\/wp\/v2\/pages"}],"about":[{"href":"https:\/\/biblioteka.kaunokolegija.lt\/en\/wp-json\/wp\/v2\/types\/page"}],"author":[{"embeddable":true,"href":"https:\/\/biblioteka.kaunokolegija.lt\/en\/wp-json\/wp\/v2\/users\/5"}],"replies":[{"embeddable":true,"href":"https:\/\/biblioteka.kaunokolegija.lt\/en\/wp-json\/wp\/v2\/comments?post=105"}],"version-history":[{"count":64,"href":"https:\/\/biblioteka.kaunokolegija.lt\/en\/wp-json\/wp\/v2\/pages\/105\/revisions"}],"predecessor-version":[{"id":16343,"href":"https:\/\/biblioteka.kaunokolegija.lt\/en\/wp-json\/wp\/v2\/pages\/105\/revisions\/16343"}],"up":[{"embeddable":true,"href":"https:\/\/biblioteka.kaunokolegija.lt\/en\/wp-json\/wp\/v2\/pages\/8"}],"wp:attachment":[{"href":"https:\/\/biblioteka.kaunokolegija.lt\/en\/wp-json\/wp\/v2\/media?parent=105"}],"curies":[{"name":"wp","href":"https:\/\/api.w.org\/{rel}","templated":true}]}}