{"id":10196,"date":"2024-03-28T13:12:23","date_gmt":"2024-03-28T11:12:23","guid":{"rendered":"https:\/\/biblioteka.kaunokolegija.lt\/?page_id=10196"},"modified":"2024-03-28T15:01:41","modified_gmt":"2024-03-28T13:01:41","slug":"naujospaslaugos","status":"publish","type":"page","link":"https:\/\/biblioteka.kaunokolegija.lt\/en\/naujospaslaugos\/","title":{"rendered":""},"content":{"rendered":"\n<h1 class=\"has-text-align-center wp-block-heading\">Ar tikrai patik\u0117jai, kad tai gal\u0117t\u0173 b\u016bti tiesa?<\/h1>\n\n\n\n<h3 class=\"has-text-align-center wp-block-heading\"><mark style=\"background-color:rgba(0, 0, 0, 0);color:#585858\" class=\"has-inline-color\">Naujos bibliotekos paslaugos \u2013 baland\u017eio 1-osios pok\u0161tas!<\/mark><\/h3>\n\n\n\n<p><\/p>\n\n\n\n<p class=\"has-text-align-center\">Bibliotekoje tokios paslaugos neteikiamos, ta\u010diau kadangi esi \u010dia, galimai susiduri su sunkumais arba turi klausim\u0173 \u012f kuriuos galime pad\u0117ti atsakyti! Pla\u010diau apie bibliotekos paslaugas si\u016blome pasidom\u0117ti Moodle kurse <a href=\"https:\/\/moodle.kauko.lt\/course\/view.php?id=8988\">AKADEMINIS RA\u0160TINGUMAS<\/a>, taip pat <a href=\"https:\/\/biblioteka.kaunokolegija.lt\/\">BIBLIOTEKOS SVETAIN\u0116JE<\/a> u\u017esiregistravus \u012f kiekvien\u0105 m\u0117nes\u012f vykstan\u010dius \u012fvairi\u0173 tem\u0173 bibliotekos mokymus bei susitarus d\u0117l individualios konsultacijos el. pa\u0161tu biblioteka@go.kauko.lt.<\/p>\n\n\n\n<h3 class=\"wp-block-heading\"><mark style=\"background-color:rgba(0, 0, 0, 0);color:#585858\" class=\"has-inline-color\">B\u016bk tikra (-s),<\/mark><\/h3>\n\n\n\n<ul class=\"wp-block-list\"><li>\u0161altini\u0173 u\u017e tave neie\u0161kosime, ta\u010diau galime nukreipti tinkama linkme \u2013 su\u017einoti kaip rasti ir pasiskolinti knygas bibliotekoje gali puslapyje <a href=\"https:\/\/biblioteka.kaunokolegija.lt\/paslaugos\/knygu-skolinimas\/\">KNYG\u0172 SKOLINIMAS<\/a>, o vis\u0105 informacij\u0105 apie elektronini\u0173 i\u0161tekli\u0173 paie\u0161k\u0105 ir trumpus mokomuosius vaizdo \u012fra\u0161us rasi puslapyje <a href=\"https:\/\/biblioteka.kaunokolegija.lt\/istekliai\/elektroniniai-istekliai\/\">ELEKTRONINIAI I\u0160TEKLIAI<\/a>;<br><mark style=\"background-color:rgba(0, 0, 0, 0)\" class=\"has-inline-color has-white-color\">.<\/mark><br><mark style=\"background-color:rgba(0, 0, 0, 0)\" class=\"has-inline-color has-white-color\"><\/mark><\/li><li>deja, bet plagijuoti, naudoti DI \u012frankius tekst\u0173 k\u016brimui ar remtis Vikipedija, ra\u0161ant studij\u0173 ra\u0161to darbus negali. I\u0161vengti auk\u0161t\u0173 plagiato procent\u0173 pad\u0117s patikim\u0173 \u0161altini\u0173 paie\u0161ka, teisingas citavimas ir perfrazavimas bei kolegijoje nustatyt\u0173 etikos princip\u0173 bei gairi\u0173 laikymasis. Apie tai gali su\u017einoti puslapiuose <a href=\"https:\/\/biblioteka.kaunokolegija.lt\/studijoms\/kaip-rasyti-darbus\/\">KAIP RA\u0160YTI DARBUS?<\/a> <a href=\"https:\/\/biblioteka.kaunokolegija.lt\/studijoms\/plagiato-prevencija\/\">PLAGIATO PREVENCIJA<\/a> ir <a href=\"https:\/\/biblioteka.kaunokolegija.lt\/studijoms\/dirbtinis-intelektas\/\">DIRBTINIS INTELEKTAS<\/a>;<br><mark style=\"background-color:rgba(0, 0, 0, 0)\" class=\"has-inline-color has-white-color\">.<\/mark><\/li><li>darbo u\u017e Tave nepara\u0161ysime, nes visi studij\u0173 ra\u0161to darbai turi b\u016bti ra\u0161omi savaranki\u0161kai. Tai aptarta <a href=\"https:\/\/biblioteka.kaunokolegija.lt\/wp-content\/uploads\/2015\/12\/KK_Akademines_etikos_kodeksas.pdf\">KAUNO KOLEGIJOS AKADEMIN\u0116S ETIKOS KODEKSE<\/a>;<br><mark style=\"background-color:rgba(0, 0, 0, 0)\" class=\"has-inline-color has-white-color\">.<\/mark><\/li><li>darbe panaudot\u0173 \u0161altini\u0173 s\u0105ra\u0161\u0105 taip pat tur\u0117tum sukurti savaranki\u0161kai, bet tai padaryti nesud\u0117tinga per\u017ei\u016br\u0117jus <a href=\"https:\/\/biblioteka.kaunokolegija.lt\/apa-7-taikymo-pavyzdziai-ivairioms-saltiniu-rusims\/\">APA 7 TAIKYMO PAVYZD\u017dIUS \u012eVAIRIOMS \u0160ALTINI\u0172 R\u016a\u0160IMS<\/a>. Bibliografinius \u0161altini\u0173 apra\u0161us gali automati\u0161kai sugeneruoti paspaudus kabutes <strong>&#8220;<\/strong> <a href=\"https:\/\/kaunokolegija.primo.exlibrisgroup.com\/discovery\/search?vid=370KUOAS_INST:KK&amp;lang=lt\">Virtualioje bibliotekoje<\/a>, <a href=\"https:\/\/scholar.google.lt\/schhp?hl=lt\">Google Mokslin\u010diuje<\/a> ar <a href=\"https:\/\/biblioteka.kaunokolegija.lt\/istekliai\/elektroniniai-istekliai\/\">duomen\u0173 baz\u0117se<\/a>;<br><mark style=\"background-color:rgba(0, 0, 0, 0)\" class=\"has-inline-color has-white-color\">.<\/mark><\/li><li>tavo studij\u0173 ra\u0161to darb\u0173 nemaketuosime, nes net neabejojame, kad puikiai valdai Word program\u0105. Visgi, tur\u0117k omenyje, kad studij\u0173 ra\u0161to darbai tur\u0117t\u0173 b\u016bti sumaketuoti pagal <a href=\"https:\/\/biblioteka.kaunokolegija.lt\/wp-content\/uploads\/2023\/06\/BD-BE-tvarkos-aprasas.pdf\">RA\u0160TO DARB\u0172 \u012eFORMINIMO REIKALAVIMUS<\/a>, o kaip \u012fgyvendinti \u0161iuos reikalavimus su\u017einosi per\u017ei\u016br\u0117j\u0119s <a href=\"https:\/\/biblioteka.kaunokolegija.lt\/wp-content\/uploads\/2023\/06\/BAIGIAMUJU-DARBU-IFORMINIMO-REIKALAVIMAI.pdf\">STUDIJ\u0172 RA\u0160TO DARB\u0172 MAKETAVIMO PATARIMUS<\/a> ir <a href=\"https:\/\/www.youtube.com\/watch?si=2WeQCvPKpi4O9iJy&amp;v=5aNpl9qLmE0&amp;feature=youtu.be\">VAIZDO \u012eRA\u0160\u0104<\/a>;<br><mark style=\"background-color:rgba(0, 0, 0, 0)\" class=\"has-inline-color has-white-color\">.<\/mark><\/li><li>knygas i\u0161 \u017eaidimus skolinkis savaranki\u0161kai, jei dar ne\u017einai kaip tai padaryti, per\u017ei\u016br\u0117k <a href=\"https:\/\/youtu.be\/IaouXvRqWQQ?si=s0NPYn4jjBZlqVx4\">VAIZDO \u012eRA\u0160\u0104<\/a>. Suprask, kad bibliotekoje yra apie 100 t\u016bkst. spausdint\u0173 i\u0161tekli\u0173, taip pat apie 40 \u017eaidim\u0173, d\u0117l to vis\u0173 j\u0173 Tau paskolinti ir atve\u017eti \u012f namus negalime \ud83d\ude41<br><mark style=\"background-color:rgba(0, 0, 0, 0)\" class=\"has-inline-color has-white-color\">.<\/mark><\/li><li>tavo susikaupusi\u0173 delspinigi\u0173 nedovanosime, d\u0117l to primygtinai rekomenduojame <a href=\"https:\/\/youtu.be\/G17SU3ynx2A?si=sUnABsoBGqLCQvl6\">knygas gr\u0105\u017einti laiku<\/a> ir pagal poreik\u012f <a href=\"https:\/\/www.youtube.com\/watch?v=k337UW0cgrs&amp;embeds_referring_euri=https%3A%2F%2Fbiblioteka.kaunokolegija.lt%2F&amp;source_ve_path=MjM4NTE&amp;feature=emb_title\">prasit\u0119sti j\u0173 gr\u0105\u017einimo laik\u0105<\/a> savo paskyroje <a href=\"https:\/\/kaunokolegija.primo.exlibrisgroup.com\/discovery\/search?vid=370KUOAS_INST:KK&amp;lang=lt\">Virtualioje bibliotekoje<\/a>.<\/li><\/ul>\n\n\n\n<h6 class=\"has-text-align-center wp-block-heading\"><mark style=\"background-color:rgba(0, 0, 0, 0);color:#585858\" class=\"has-inline-color\">Vis\u0105 informacij\u0105, net ir baland\u017eio 1-\u0105j\u0105, b\u016btina vertinti kriti\u0161kai, nes kritinis m\u0105stymas padeda neu\u017ekibti ant suk\u010di\u0173 kabliuko!<\/mark><br><mark style=\"background-color:rgba(0, 0, 0, 0);color:#585858\" class=\"has-inline-color\">I\u0161samiai apie medij\u0173 ir informacin\u012f ra\u0161tingum\u0105 galite perskaityti interneto svetain\u0117je <a href=\"https:\/\/mirkt.bibliotekavisiems.lt\/\">MIRKT<\/a>.<\/mark><\/h6>\n","protected":false},"excerpt":{"rendered":"<p>Ar tikrai patik\u0117jai, kad tai gal\u0117t\u0173 b\u016bti tiesa? Naujos bibliotekos paslaugos \u2013 baland\u017eio 1-osios pok\u0161tas! Bibliotekoje tokios paslaugos neteikiamos, ta\u010diau kadangi esi \u010dia, galimai susiduri su sunkumais arba turi klausim\u0173 \u012f kuriuos galime pad\u0117ti atsakyti! Pla\u010diau apie bibliotekos paslaugas si\u016blome pasidom\u0117ti Moodle kurse AKADEMINIS RA\u0160TINGUMAS, taip pat BIBLIOTEKOS SVETAIN\u0116JE u\u017esiregistravus \u012f kiekvien\u0105 m\u0117nes\u012f vykstan\u010dius \u012fvairi\u0173 [&hellip;]<\/p>\n","protected":false},"author":5,"featured_media":0,"parent":0,"menu_order":0,"comment_status":"closed","ping_status":"closed","template":"","meta":{"_uag_custom_page_level_css":"","site-sidebar-layout":"default","site-content-layout":"default","ast-site-content-layout":"default","site-content-style":"default","site-sidebar-style":"default","ast-global-header-display":"","ast-banner-title-visibility":"","ast-main-header-display":"","ast-hfb-above-header-display":"","ast-hfb-below-header-display":"","ast-hfb-mobile-header-display":"","site-post-title":"","ast-breadcrumbs-content":"","ast-featured-img":"","footer-sml-layout":"","ast-disable-related-posts":"","theme-transparent-header-meta":"default","adv-header-id-meta":"","stick-header-meta":"","header-above-stick-meta":"","header-main-stick-meta":"","header-below-stick-meta":"","astra-migrate-meta-layouts":"default","ast-page-background-enabled":"default","ast-page-background-meta":{"desktop":{"background-color":"var(--ast-global-color-4)","background-image":"","background-repeat":"repeat","background-position":"center center","background-size":"auto","background-attachment":"scroll","background-type":"","background-media":"","overlay-type":"","overlay-color":"","overlay-opacity":"","overlay-gradient":""},"tablet":{"background-color":"","background-image":"","background-repeat":"repeat","background-position":"center center","background-size":"auto","background-attachment":"scroll","background-type":"","background-media":"","overlay-type":"","overlay-color":"","overlay-opacity":"","overlay-gradient":""},"mobile":{"background-color":"","background-image":"","background-repeat":"repeat","background-position":"center center","background-size":"auto","background-attachment":"scroll","background-type":"","background-media":"","overlay-type":"","overlay-color":"","overlay-opacity":"","overlay-gradient":""}},"ast-content-background-meta":{"desktop":{"background-color":"var(--ast-global-color-5)","background-image":"","background-repeat":"repeat","background-position":"center center","background-size":"auto","background-attachment":"scroll","background-type":"","background-media":"","overlay-type":"","overlay-color":"","overlay-opacity":"","overlay-gradient":""},"tablet":{"background-color":"var(--ast-global-color-5)","background-image":"","background-repeat":"repeat","background-position":"center center","background-size":"auto","background-attachment":"scroll","background-type":"","background-media":"","overlay-type":"","overlay-color":"","overlay-opacity":"","overlay-gradient":""},"mobile":{"background-color":"var(--ast-global-color-5)","background-image":"","background-repeat":"repeat","background-position":"center center","background-size":"auto","background-attachment":"scroll","background-type":"","background-media":"","overlay-type":"","overlay-color":"","overlay-opacity":"","overlay-gradient":""}},"footnotes":""},"class_list":["post-10196","page","type-page","status-publish","hentry"],"yoast_head":"<!-- This site is optimized with the Yoast SEO plugin v27.2 - https:\/\/yoast.com\/product\/yoast-seo-wordpress\/ -->\n<title>- Kauno kolegijos biblioteka ir mokslin\u0117s komunikacijos centras<\/title>\n<meta name=\"robots\" content=\"index, follow, max-snippet:-1, max-image-preview:large, max-video-preview:-1\" \/>\n<link rel=\"canonical\" href=\"https:\/\/biblioteka.kaunokolegija.lt\/naujospaslaugos\/\" \/>\n<meta property=\"og:locale\" content=\"en_US\" \/>\n<meta property=\"og:type\" content=\"article\" \/>\n<meta property=\"og:title\" content=\"- Kauno kolegijos biblioteka ir mokslin\u0117s komunikacijos centras\" \/>\n<meta property=\"og:description\" content=\"Ar tikrai patik\u0117jai, kad tai gal\u0117t\u0173 b\u016bti tiesa? Naujos bibliotekos paslaugos \u2013 baland\u017eio 1-osios pok\u0161tas! Bibliotekoje tokios paslaugos neteikiamos, ta\u010diau kadangi esi \u010dia, galimai susiduri su sunkumais arba turi klausim\u0173 \u012f kuriuos galime pad\u0117ti atsakyti! Pla\u010diau apie bibliotekos paslaugas si\u016blome pasidom\u0117ti Moodle kurse AKADEMINIS RA\u0160TINGUMAS, taip pat BIBLIOTEKOS SVETAIN\u0116JE u\u017esiregistravus \u012f kiekvien\u0105 m\u0117nes\u012f vykstan\u010dius \u012fvairi\u0173 [&hellip;]\" \/>\n<meta property=\"og:url\" content=\"https:\/\/biblioteka.kaunokolegija.lt\/naujospaslaugos\/\" \/>\n<meta property=\"og:site_name\" content=\"Kauno kolegijos biblioteka ir mokslin\u0117s komunikacijos centras\" \/>\n<meta property=\"article:publisher\" content=\"https:\/\/www.facebook.com\/Kauno.kolegija.biblioteka\" \/>\n<meta property=\"article:modified_time\" content=\"2024-03-28T13:01:41+00:00\" \/>\n<meta property=\"og:image\" content=\"https:\/\/biblioteka.kaunokolegija.lt\/wp-content\/uploads\/2020\/10\/bibliotekos-cover-fb.jpg\" \/>\n\t<meta property=\"og:image:width\" content=\"1200\" \/>\n\t<meta property=\"og:image:height\" content=\"630\" \/>\n\t<meta property=\"og:image:type\" content=\"image\/jpeg\" \/>\n<meta name=\"twitter:card\" content=\"summary_large_image\" \/>\n<meta name=\"twitter:label1\" content=\"Est. reading time\" \/>\n\t<meta name=\"twitter:data1\" content=\"2 minutes\" \/>\n<!-- \/ Yoast SEO plugin. -->","yoast_head_json":{"title":"- Kauno kolegijos biblioteka ir mokslin\u0117s komunikacijos centras","robots":{"index":"index","follow":"follow","max-snippet":"max-snippet:-1","max-image-preview":"max-image-preview:large","max-video-preview":"max-video-preview:-1"},"canonical":"https:\/\/biblioteka.kaunokolegija.lt\/naujospaslaugos\/","og_locale":"en_US","og_type":"article","og_title":"- Kauno kolegijos biblioteka ir mokslin\u0117s komunikacijos centras","og_description":"Ar tikrai patik\u0117jai, kad tai gal\u0117t\u0173 b\u016bti tiesa? Naujos bibliotekos paslaugos \u2013 baland\u017eio 1-osios pok\u0161tas! Bibliotekoje tokios paslaugos neteikiamos, ta\u010diau kadangi esi \u010dia, galimai susiduri su sunkumais arba turi klausim\u0173 \u012f kuriuos galime pad\u0117ti atsakyti! Pla\u010diau apie bibliotekos paslaugas si\u016blome pasidom\u0117ti Moodle kurse AKADEMINIS RA\u0160TINGUMAS, taip pat BIBLIOTEKOS SVETAIN\u0116JE u\u017esiregistravus \u012f kiekvien\u0105 m\u0117nes\u012f vykstan\u010dius \u012fvairi\u0173 [&hellip;]","og_url":"https:\/\/biblioteka.kaunokolegija.lt\/naujospaslaugos\/","og_site_name":"Kauno kolegijos biblioteka ir mokslin\u0117s komunikacijos centras","article_publisher":"https:\/\/www.facebook.com\/Kauno.kolegija.biblioteka","article_modified_time":"2024-03-28T13:01:41+00:00","og_image":[{"width":1200,"height":630,"url":"https:\/\/biblioteka.kaunokolegija.lt\/wp-content\/uploads\/2020\/10\/bibliotekos-cover-fb.jpg","type":"image\/jpeg"}],"twitter_card":"summary_large_image","twitter_misc":{"Est. reading time":"2 minutes"},"schema":{"@context":"https:\/\/schema.org","@graph":[{"@type":"WebPage","@id":"https:\/\/biblioteka.kaunokolegija.lt\/naujospaslaugos\/","url":"https:\/\/biblioteka.kaunokolegija.lt\/naujospaslaugos\/","name":"- Kauno kolegijos biblioteka ir mokslin\u0117s komunikacijos centras","isPartOf":{"@id":"https:\/\/biblioteka.kaunokolegija.lt\/#website"},"datePublished":"2024-03-28T11:12:23+00:00","dateModified":"2024-03-28T13:01:41+00:00","inLanguage":"en-US","potentialAction":[{"@type":"ReadAction","target":["https:\/\/biblioteka.kaunokolegija.lt\/naujospaslaugos\/"]}]},{"@type":"WebSite","@id":"https:\/\/biblioteka.kaunokolegija.lt\/#website","url":"https:\/\/biblioteka.kaunokolegija.lt\/","name":"Kauno kolegijos biblioteka ir informacijos i\u0161tekli\u0173 centras","description":"Kauno kolegijos biblioteka ir mokslin\u0117s komunikacijos centras","publisher":{"@id":"https:\/\/biblioteka.kaunokolegija.lt\/#organization"},"potentialAction":[{"@type":"SearchAction","target":{"@type":"EntryPoint","urlTemplate":"https:\/\/biblioteka.kaunokolegija.lt\/?s={search_term_string}"},"query-input":{"@type":"PropertyValueSpecification","valueRequired":true,"valueName":"search_term_string"}}],"inLanguage":"en-US"},{"@type":"Organization","@id":"https:\/\/biblioteka.kaunokolegija.lt\/#organization","name":"Kauno kolegijos biblioteka ir informacijos i\u0161tekli\u0173 centras","url":"https:\/\/biblioteka.kaunokolegija.lt\/","logo":{"@type":"ImageObject","inLanguage":"en-US","@id":"https:\/\/biblioteka.kaunokolegija.lt\/#\/schema\/logo\/image\/","url":"https:\/\/biblioteka.kaunokolegija.lt\/wp-content\/uploads\/2020\/10\/bibliotekos-cover-fb.jpg","contentUrl":"https:\/\/biblioteka.kaunokolegija.lt\/wp-content\/uploads\/2020\/10\/bibliotekos-cover-fb.jpg","width":1200,"height":630,"caption":"Kauno kolegijos biblioteka ir informacijos i\u0161tekli\u0173 centras"},"image":{"@id":"https:\/\/biblioteka.kaunokolegija.lt\/#\/schema\/logo\/image\/"},"sameAs":["https:\/\/www.facebook.com\/Kauno.kolegija.biblioteka"]}]}},"uagb_featured_image_src":{"full":false,"thumbnail":false,"medium":false,"medium_large":false,"large":false,"gs-tiny":false,"xl":false,"xxl":false,"xxxl":false,"xxxxl":false,"xxxxxl":false,"1536x1536":false,"2048x2048":false,"ultp_layout_landscape_large":false,"ultp_layout_landscape":false,"ultp_layout_portrait":false,"ultp_layout_square":false,"menu-24x24":false,"menu-36x36":false,"menu-48x48":false},"uagb_author_info":{"display_name":"BIBLIOTEKA","author_link":"https:\/\/biblioteka.kaunokolegija.lt\/en\/author\/vaiva\/"},"uagb_comment_info":0,"uagb_excerpt":"Ar tikrai patik\u0117jai, kad tai gal\u0117t\u0173 b\u016bti tiesa? Naujos bibliotekos paslaugos \u2013 baland\u017eio 1-osios pok\u0161tas! Bibliotekoje tokios paslaugos neteikiamos, ta\u010diau kadangi esi \u010dia, galimai susiduri su sunkumais arba turi klausim\u0173 \u012f kuriuos galime pad\u0117ti atsakyti! Pla\u010diau apie bibliotekos paslaugas si\u016blome pasidom\u0117ti Moodle kurse AKADEMINIS RA\u0160TINGUMAS, taip pat BIBLIOTEKOS SVETAIN\u0116JE u\u017esiregistravus \u012f kiekvien\u0105 m\u0117nes\u012f vykstan\u010dius \u012fvairi\u0173&hellip;","_links":{"self":[{"href":"https:\/\/biblioteka.kaunokolegija.lt\/en\/wp-json\/wp\/v2\/pages\/10196","targetHints":{"allow":["GET"]}}],"collection":[{"href":"https:\/\/biblioteka.kaunokolegija.lt\/en\/wp-json\/wp\/v2\/pages"}],"about":[{"href":"https:\/\/biblioteka.kaunokolegija.lt\/en\/wp-json\/wp\/v2\/types\/page"}],"author":[{"embeddable":true,"href":"https:\/\/biblioteka.kaunokolegija.lt\/en\/wp-json\/wp\/v2\/users\/5"}],"replies":[{"embeddable":true,"href":"https:\/\/biblioteka.kaunokolegija.lt\/en\/wp-json\/wp\/v2\/comments?post=10196"}],"version-history":[{"count":19,"href":"https:\/\/biblioteka.kaunokolegija.lt\/en\/wp-json\/wp\/v2\/pages\/10196\/revisions"}],"predecessor-version":[{"id":10216,"href":"https:\/\/biblioteka.kaunokolegija.lt\/en\/wp-json\/wp\/v2\/pages\/10196\/revisions\/10216"}],"wp:attachment":[{"href":"https:\/\/biblioteka.kaunokolegija.lt\/en\/wp-json\/wp\/v2\/media?parent=10196"}],"curies":[{"name":"wp","href":"https:\/\/api.w.org\/{rel}","templated":true}]}}