{"id":101,"date":"2015-12-28T07:56:03","date_gmt":"2015-12-28T05:56:03","guid":{"rendered":"http:\/\/localhost\/wordpress\/?page_id=101"},"modified":"2026-03-12T13:45:53","modified_gmt":"2026-03-12T11:45:53","slug":"darbo-laikas","status":"publish","type":"page","link":"https:\/\/biblioteka.kaunokolegija.lt\/en\/apie\/darbo-laikas\/","title":{"rendered":"Opening hours"},"content":{"rendered":"<h6 class=\"wp-block-heading\"><mark style=\"background-color:rgba(0, 0, 0, 0);color:#3a3a3a\" class=\"has-inline-color\"><\/mark><\/h6>\n\n\n\n<p><strong>Library and Centre of Scientific Communication (Pramon\u0117s pr. 22A, Kaunas)<\/strong><\/p>\n\n\n\n<p>Monday &#8211; Thursday: 8:00 a.m. &#8211; 7:00 p.m.<br>Friday: 8:00 a.m. &#8211; 5:00 p.m.<br>Every second Saturday: 10.00 a.m. \u2013 3:00 p.m. (March 7 and 21, 2026; April 11 and 25, 2026; May 9 and 23, 2026)<br>Sunday: Closed<\/p>\n\n\n\n<p><strong>Alytus Faculty Library (Room 102, Student\u0173 str. 17, Alytus)<\/strong><\/p>\n\n\n\n<p>Monday &#8211; Thursday: 8:30 a.m. &#8211; 4:30 p.m.<br>Friday: 8:30 a.m. &#8211; 3:30 p.m.<br>Saturday: Closed<br>Sunday: Closed<\/p>\n\n\n\n<hr class=\"wp-block-separator has-text-color has-white-color has-alpha-channel-opacity has-white-background-color has-background\"\/>\n\n\n\n<p>On the last Friday of the month, the libraries offer shorter service hours from 8:00 a.m. to 2:00 p.m.<\/p>\n\n\n\n<p>The libraries are closed on public holidays. On the days before public holidays, the libraries close one hour earlier.<\/p>\n\n\n\n<p><mark style=\"background-color:rgba(0, 0, 0, 0);color:#3a3a3a\" class=\"has-inline-color\">During the summer holidays (July and August), the Kaunas library is open on weekdays from 8:00 a.m. to 3:00 p.m. The Alytus library is open on weekdays from 8:30 a.m. to 3:00 p.m. <\/mark><\/p>\n\n\n\n<p><\/p>","protected":false},"excerpt":{"rendered":"<p>Library and Centre of Scientific Communication (Pramon\u0117s pr. 22A, Kaunas) Monday &#8211; Thursday: 8:00 a.m. &#8211; 7:00 p.m.Friday: 8:00 a.m. &#8211; 5:00 p.m.Every second Saturday: 10.00 a.m. \u2013 3:00 p.m. (March 7 and 21, 2026; April 11 and 25, 2026; May 9 and 23, 2026)Sunday: Closed Alytus Faculty Library (Room 102, Student\u0173 str. 17, Alytus) [&hellip;]<\/p>\n","protected":false},"author":5,"featured_media":0,"parent":8,"menu_order":0,"comment_status":"closed","ping_status":"closed","template":"","meta":{"_uag_custom_page_level_css":"","site-sidebar-layout":"default","site-content-layout":"default","ast-site-content-layout":"default","site-content-style":"default","site-sidebar-style":"default","ast-global-header-display":"","ast-banner-title-visibility":"","ast-main-header-display":"","ast-hfb-above-header-display":"","ast-hfb-below-header-display":"","ast-hfb-mobile-header-display":"","site-post-title":"","ast-breadcrumbs-content":"","ast-featured-img":"","footer-sml-layout":"","ast-disable-related-posts":"","theme-transparent-header-meta":"default","adv-header-id-meta":"","stick-header-meta":"","header-above-stick-meta":"","header-main-stick-meta":"","header-below-stick-meta":"","astra-migrate-meta-layouts":"set","ast-page-background-enabled":"default","ast-page-background-meta":{"desktop":{"background-color":"var(--ast-global-color-4)","background-image":"","background-repeat":"repeat","background-position":"center center","background-size":"auto","background-attachment":"scroll","background-type":"","background-media":"","overlay-type":"","overlay-color":"","overlay-opacity":"","overlay-gradient":""},"tablet":{"background-color":"","background-image":"","background-repeat":"repeat","background-position":"center center","background-size":"auto","background-attachment":"scroll","background-type":"","background-media":"","overlay-type":"","overlay-color":"","overlay-opacity":"","overlay-gradient":""},"mobile":{"background-color":"","background-image":"","background-repeat":"repeat","background-position":"center center","background-size":"auto","background-attachment":"scroll","background-type":"","background-media":"","overlay-type":"","overlay-color":"","overlay-opacity":"","overlay-gradient":""}},"ast-content-background-meta":{"desktop":{"background-color":"var(--ast-global-color-5)","background-image":"","background-repeat":"repeat","background-position":"center center","background-size":"auto","background-attachment":"scroll","background-type":"","background-media":"","overlay-type":"","overlay-color":"","overlay-opacity":"","overlay-gradient":""},"tablet":{"background-color":"var(--ast-global-color-5)","background-image":"","background-repeat":"repeat","background-position":"center center","background-size":"auto","background-attachment":"scroll","background-type":"","background-media":"","overlay-type":"","overlay-color":"","overlay-opacity":"","overlay-gradient":""},"mobile":{"background-color":"var(--ast-global-color-5)","background-image":"","background-repeat":"repeat","background-position":"center center","background-size":"auto","background-attachment":"scroll","background-type":"","background-media":"","overlay-type":"","overlay-color":"","overlay-opacity":"","overlay-gradient":""}},"footnotes":""},"class_list":["post-101","page","type-page","status-publish","hentry"],"yoast_head":"<!-- This site is optimized with the Yoast SEO plugin v27.2 - https:\/\/yoast.com\/product\/yoast-seo-wordpress\/ -->\n<title>Darbo laikas<\/title>\n<meta name=\"description\" content=\"Kauno kolegijos biblioteka II auk\u0161tas, Pramon\u0117s pr. 22A, Kaunas Tel. (0 37) 75 11 32 Darbo laikas: pirmadien\u012f - ketvirtadien\u012f 8 \u2013 19 val. penktadien\u012f 8 \u2013 17 val.\" \/>\n<meta name=\"robots\" content=\"index, follow, max-snippet:-1, max-image-preview:large, max-video-preview:-1\" \/>\n<link rel=\"canonical\" href=\"https:\/\/biblioteka.kaunokolegija.lt\/apie\/darbo-laikas\/\" \/>\n<meta property=\"og:locale\" content=\"en_US\" \/>\n<meta property=\"og:type\" content=\"article\" \/>\n<meta property=\"og:title\" content=\"Darbo laikas\" \/>\n<meta property=\"og:description\" content=\"Kauno kolegijos biblioteka II auk\u0161tas, Pramon\u0117s pr. 22A, Kaunas Tel. (0 37) 75 11 32 Darbo laikas: pirmadien\u012f - ketvirtadien\u012f 8 \u2013 19 val. penktadien\u012f 8 \u2013 17 val.\" \/>\n<meta property=\"og:url\" content=\"https:\/\/biblioteka.kaunokolegija.lt\/apie\/darbo-laikas\/\" \/>\n<meta property=\"og:site_name\" content=\"Kauno kolegijos biblioteka ir mokslin\u0117s komunikacijos centras\" \/>\n<meta property=\"article:publisher\" content=\"https:\/\/www.facebook.com\/Kauno.kolegija.biblioteka\" \/>\n<meta property=\"article:modified_time\" content=\"2026-03-12T11:45:53+00:00\" \/>\n<meta property=\"og:image\" content=\"https:\/\/biblioteka.kaunokolegija.lt\/wp-content\/uploads\/2020\/10\/bibliotekos-cover-fb.jpg\" \/>\n\t<meta property=\"og:image:width\" content=\"1200\" \/>\n\t<meta property=\"og:image:height\" content=\"630\" \/>\n\t<meta property=\"og:image:type\" content=\"image\/jpeg\" \/>\n<meta name=\"twitter:card\" content=\"summary_large_image\" \/>\n<meta name=\"twitter:label1\" content=\"Est. reading time\" \/>\n\t<meta name=\"twitter:data1\" content=\"2 minutes\" \/>\n<!-- \/ Yoast SEO plugin. -->","yoast_head_json":{"title":"Darbo laikas","description":"Kauno kolegijos biblioteka II auk\u0161tas, Pramon\u0117s pr. 22A, Kaunas Tel. (0 37) 75 11 32 Darbo laikas: pirmadien\u012f - ketvirtadien\u012f 8 \u2013 19 val. penktadien\u012f 8 \u2013 17 val.","robots":{"index":"index","follow":"follow","max-snippet":"max-snippet:-1","max-image-preview":"max-image-preview:large","max-video-preview":"max-video-preview:-1"},"canonical":"https:\/\/biblioteka.kaunokolegija.lt\/apie\/darbo-laikas\/","og_locale":"en_US","og_type":"article","og_title":"Darbo laikas","og_description":"Kauno kolegijos biblioteka II auk\u0161tas, Pramon\u0117s pr. 22A, Kaunas Tel. (0 37) 75 11 32 Darbo laikas: pirmadien\u012f - ketvirtadien\u012f 8 \u2013 19 val. penktadien\u012f 8 \u2013 17 val.","og_url":"https:\/\/biblioteka.kaunokolegija.lt\/apie\/darbo-laikas\/","og_site_name":"Kauno kolegijos biblioteka ir mokslin\u0117s komunikacijos centras","article_publisher":"https:\/\/www.facebook.com\/Kauno.kolegija.biblioteka","article_modified_time":"2026-03-12T11:45:53+00:00","og_image":[{"width":1200,"height":630,"url":"https:\/\/biblioteka.kaunokolegija.lt\/wp-content\/uploads\/2020\/10\/bibliotekos-cover-fb.jpg","type":"image\/jpeg"}],"twitter_card":"summary_large_image","twitter_misc":{"Est. reading time":"2 minutes"},"schema":{"@context":"https:\/\/schema.org","@graph":[{"@type":"WebPage","@id":"https:\/\/biblioteka.kaunokolegija.lt\/apie\/darbo-laikas\/","url":"https:\/\/biblioteka.kaunokolegija.lt\/apie\/darbo-laikas\/","name":"Darbo laikas","isPartOf":{"@id":"https:\/\/biblioteka.kaunokolegija.lt\/#website"},"datePublished":"2015-12-28T05:56:03+00:00","dateModified":"2026-03-12T11:45:53+00:00","description":"Kauno kolegijos biblioteka II auk\u0161tas, Pramon\u0117s pr. 22A, Kaunas Tel. (0 37) 75 11 32 Darbo laikas: pirmadien\u012f - ketvirtadien\u012f 8 \u2013 19 val. penktadien\u012f 8 \u2013 17 val.","breadcrumb":{"@id":"https:\/\/biblioteka.kaunokolegija.lt\/apie\/darbo-laikas\/#breadcrumb"},"inLanguage":"en-US","potentialAction":[{"@type":"ReadAction","target":["https:\/\/biblioteka.kaunokolegija.lt\/apie\/darbo-laikas\/"]}]},{"@type":"BreadcrumbList","@id":"https:\/\/biblioteka.kaunokolegija.lt\/apie\/darbo-laikas\/#breadcrumb","itemListElement":[{"@type":"ListItem","position":1,"name":"Pagrindinis","item":"https:\/\/biblioteka.kaunokolegija.lt\/"},{"@type":"ListItem","position":2,"name":"Apie","item":"https:\/\/biblioteka.kaunokolegija.lt\/apie\/"},{"@type":"ListItem","position":3,"name":"Darbo laikas"}]},{"@type":"WebSite","@id":"https:\/\/biblioteka.kaunokolegija.lt\/#website","url":"https:\/\/biblioteka.kaunokolegija.lt\/","name":"Kauno kolegijos biblioteka ir informacijos i\u0161tekli\u0173 centras","description":"Kauno kolegijos biblioteka ir mokslin\u0117s komunikacijos centras","publisher":{"@id":"https:\/\/biblioteka.kaunokolegija.lt\/#organization"},"potentialAction":[{"@type":"SearchAction","target":{"@type":"EntryPoint","urlTemplate":"https:\/\/biblioteka.kaunokolegija.lt\/?s={search_term_string}"},"query-input":{"@type":"PropertyValueSpecification","valueRequired":true,"valueName":"search_term_string"}}],"inLanguage":"en-US"},{"@type":"Organization","@id":"https:\/\/biblioteka.kaunokolegija.lt\/#organization","name":"Kauno kolegijos biblioteka ir informacijos i\u0161tekli\u0173 centras","url":"https:\/\/biblioteka.kaunokolegija.lt\/","logo":{"@type":"ImageObject","inLanguage":"en-US","@id":"https:\/\/biblioteka.kaunokolegija.lt\/#\/schema\/logo\/image\/","url":"https:\/\/biblioteka.kaunokolegija.lt\/wp-content\/uploads\/2020\/10\/bibliotekos-cover-fb.jpg","contentUrl":"https:\/\/biblioteka.kaunokolegija.lt\/wp-content\/uploads\/2020\/10\/bibliotekos-cover-fb.jpg","width":1200,"height":630,"caption":"Kauno kolegijos biblioteka ir informacijos i\u0161tekli\u0173 centras"},"image":{"@id":"https:\/\/biblioteka.kaunokolegija.lt\/#\/schema\/logo\/image\/"},"sameAs":["https:\/\/www.facebook.com\/Kauno.kolegija.biblioteka"]}]}},"uagb_featured_image_src":{"full":false,"thumbnail":false,"medium":false,"medium_large":false,"large":false,"gs-tiny":false,"xl":false,"xxl":false,"xxxl":false,"xxxxl":false,"xxxxxl":false,"1536x1536":false,"2048x2048":false,"ultp_layout_landscape_large":false,"ultp_layout_landscape":false,"ultp_layout_portrait":false,"ultp_layout_square":false,"menu-24x24":false,"menu-36x36":false,"menu-48x48":false},"uagb_author_info":{"display_name":"BIBLIOTEKA","author_link":"https:\/\/biblioteka.kaunokolegija.lt\/en\/author\/vaiva\/"},"uagb_comment_info":0,"uagb_excerpt":"Library and Centre of Scientific Communication (Pramon\u0117s pr. 22A, Kaunas) Monday &#8211; Thursday: 8:00 a.m. &#8211; 7:00 p.m.Friday: 8:00 a.m. &#8211; 5:00 p.m.Every second Saturday: 10.00 a.m. \u2013 3:00 p.m. (March 7 and 21, 2026; April 11 and 25, 2026; May 9 and 23, 2026)Sunday: Closed Alytus Faculty Library (Room 102, Student\u0173 str. 17, Alytus)&hellip;","_links":{"self":[{"href":"https:\/\/biblioteka.kaunokolegija.lt\/en\/wp-json\/wp\/v2\/pages\/101","targetHints":{"allow":["GET"]}}],"collection":[{"href":"https:\/\/biblioteka.kaunokolegija.lt\/en\/wp-json\/wp\/v2\/pages"}],"about":[{"href":"https:\/\/biblioteka.kaunokolegija.lt\/en\/wp-json\/wp\/v2\/types\/page"}],"author":[{"embeddable":true,"href":"https:\/\/biblioteka.kaunokolegija.lt\/en\/wp-json\/wp\/v2\/users\/5"}],"replies":[{"embeddable":true,"href":"https:\/\/biblioteka.kaunokolegija.lt\/en\/wp-json\/wp\/v2\/comments?post=101"}],"version-history":[{"count":158,"href":"https:\/\/biblioteka.kaunokolegija.lt\/en\/wp-json\/wp\/v2\/pages\/101\/revisions"}],"predecessor-version":[{"id":18831,"href":"https:\/\/biblioteka.kaunokolegija.lt\/en\/wp-json\/wp\/v2\/pages\/101\/revisions\/18831"}],"up":[{"embeddable":true,"href":"https:\/\/biblioteka.kaunokolegija.lt\/en\/wp-json\/wp\/v2\/pages\/8"}],"wp:attachment":[{"href":"https:\/\/biblioteka.kaunokolegija.lt\/en\/wp-json\/wp\/v2\/media?parent=101"}],"curies":[{"name":"wp","href":"https:\/\/api.w.org\/{rel}","templated":true}]}}