{"id":10,"date":"2015-12-07T05:36:45","date_gmt":"2015-12-07T03:36:45","guid":{"rendered":"http:\/\/localhost\/wordpress\/?page_id=10"},"modified":"2023-07-12T08:16:30","modified_gmt":"2023-07-12T06:16:30","slug":"paslaugos","status":"publish","type":"page","link":"https:\/\/biblioteka.kaunokolegija.lt\/en\/paslaugos\/","title":{"rendered":"Services"},"content":{"rendered":"<p><\/p>\n\n\n\n<div class=\"wp-block-columns is-layout-flex wp-container-core-columns-is-layout-28f84493 wp-block-columns-is-layout-flex\">\n<div class=\"wp-block-column is-layout-flow wp-block-column-is-layout-flow\">\n<figure class=\"wp-block-image size-full\"><a href=\"https:\/\/biblioteka.kaunokolegija.lt\/en\/paslaugos\/knygu-skolinimas\/\"><img loading=\"lazy\" decoding=\"async\" width=\"2976\" height=\"696\" src=\"https:\/\/biblioteka.kaunokolegija.lt\/wp-content\/uploads\/2023\/07\/BOOKS-IN-THE-LIBRARY.png\" alt=\"\" class=\"wp-image-9378\"\/><\/a><\/figure>\n\n\n\n<figure class=\"wp-block-image size-full\"><a href=\"https:\/\/biblioteka.kaunokolegija.lt\/en\/paslaugos\/erdves-studijoms\/\"><img loading=\"lazy\" decoding=\"async\" width=\"2976\" height=\"696\" src=\"https:\/\/biblioteka.kaunokolegija.lt\/wp-content\/uploads\/2023\/07\/LIBRARY-SPACES.png\" alt=\"\" class=\"wp-image-9381\"\/><\/a><\/figure>\n\n\n\n<figure class=\"wp-block-image size-full\"><a href=\"https:\/\/biblioteka.kaunokolegija.lt\/en\/paslaugos\/mokymai-ir-konsultacijos\/\"><img loading=\"lazy\" decoding=\"async\" width=\"2976\" height=\"696\" src=\"https:\/\/biblioteka.kaunokolegija.lt\/wp-content\/uploads\/2023\/07\/COURSES.png\" alt=\"\" class=\"wp-image-9384\"\/><\/a><\/figure>\n<\/div>\n\n\n\n<div class=\"wp-block-column is-layout-flow wp-block-column-is-layout-flow\">\n<figure class=\"wp-block-image size-full\"><a href=\"https:\/\/biblioteka.kaunokolegija.lt\/en\/nuotolines-paslaugos\/\"><img loading=\"lazy\" decoding=\"async\" width=\"2976\" height=\"696\" src=\"https:\/\/biblioteka.kaunokolegija.lt\/wp-content\/uploads\/2023\/07\/Online-services.png\" alt=\"\" class=\"wp-image-9379\"\/><\/a><\/figure>\n\n\n\n<figure class=\"wp-block-image size-full\"><a href=\"https:\/\/biblioteka.kaunokolegija.lt\/en\/paslaugos\/kompiuteriai-ir-irenginiai\/\"><img loading=\"lazy\" decoding=\"async\" width=\"2976\" height=\"696\" src=\"https:\/\/biblioteka.kaunokolegija.lt\/wp-content\/uploads\/2023\/07\/COMPUTERS-FACILITIES.png\" alt=\"\" class=\"wp-image-9382\"\/><\/a><\/figure>\n\n\n\n<figure class=\"wp-block-image size-full\"><a href=\"https:\/\/biblioteka.kaunokolegija.lt\/en\/en-exhibitions\/\"><img loading=\"lazy\" decoding=\"async\" width=\"2976\" height=\"696\" src=\"https:\/\/biblioteka.kaunokolegija.lt\/wp-content\/uploads\/2023\/07\/EXHIBITIONS.png\" alt=\"\" class=\"wp-image-9385\"\/><\/a><\/figure>\n<\/div>\n\n\n\n<div class=\"wp-block-column is-layout-flow wp-block-column-is-layout-flow\">\n<figure class=\"wp-block-image size-full\"><a href=\"https:\/\/biblioteka.kaunokolegija.lt\/en\/paslaugos\/prieiga-prie-el-istekliu\/\"><img loading=\"lazy\" decoding=\"async\" width=\"2976\" height=\"696\" src=\"https:\/\/biblioteka.kaunokolegija.lt\/wp-content\/uploads\/2023\/07\/ACCESS-TO-E-RESOURCES.png\" alt=\"\" class=\"wp-image-9380\"\/><\/a><\/figure>\n\n\n\n<figure class=\"wp-block-image size-full\"><a href=\"https:\/\/biblioteka.kaunokolegija.lt\/en\/paslaugos-individualiuju-poreikiu-turintiems-asmenims\/\"><img loading=\"lazy\" decoding=\"async\" width=\"2976\" height=\"696\" src=\"https:\/\/biblioteka.kaunokolegija.lt\/wp-content\/uploads\/2023\/07\/FOR-STUDENTS-WITH-SPECIAL-NEEDS.png\" alt=\"\" class=\"wp-image-9383\"\/><\/a><\/figure>\n<\/div>\n<\/div>\n\n\n\n<p><\/p>","protected":false},"excerpt":{"rendered":"","protected":false},"author":5,"featured_media":0,"parent":0,"menu_order":0,"comment_status":"closed","ping_status":"closed","template":"","meta":{"_uag_custom_page_level_css":"","site-sidebar-layout":"default","site-content-layout":"default","ast-site-content-layout":"default","site-content-style":"default","site-sidebar-style":"default","ast-global-header-display":"","ast-banner-title-visibility":"","ast-main-header-display":"","ast-hfb-above-header-display":"","ast-hfb-below-header-display":"","ast-hfb-mobile-header-display":"","site-post-title":"","ast-breadcrumbs-content":"","ast-featured-img":"","footer-sml-layout":"","ast-disable-related-posts":"","theme-transparent-header-meta":"default","adv-header-id-meta":"","stick-header-meta":"","header-above-stick-meta":"","header-main-stick-meta":"","header-below-stick-meta":"","astra-migrate-meta-layouts":"default","ast-page-background-enabled":"default","ast-page-background-meta":{"desktop":{"background-color":"var(--ast-global-color-4)","background-image":"","background-repeat":"repeat","background-position":"center center","background-size":"auto","background-attachment":"scroll","background-type":"","background-media":"","overlay-type":"","overlay-color":"","overlay-opacity":"","overlay-gradient":""},"tablet":{"background-color":"","background-image":"","background-repeat":"repeat","background-position":"center center","background-size":"auto","background-attachment":"scroll","background-type":"","background-media":"","overlay-type":"","overlay-color":"","overlay-opacity":"","overlay-gradient":""},"mobile":{"background-color":"","background-image":"","background-repeat":"repeat","background-position":"center center","background-size":"auto","background-attachment":"scroll","background-type":"","background-media":"","overlay-type":"","overlay-color":"","overlay-opacity":"","overlay-gradient":""}},"ast-content-background-meta":{"desktop":{"background-color":"var(--ast-global-color-5)","background-image":"","background-repeat":"repeat","background-position":"center center","background-size":"auto","background-attachment":"scroll","background-type":"","background-media":"","overlay-type":"","overlay-color":"","overlay-opacity":"","overlay-gradient":""},"tablet":{"background-color":"var(--ast-global-color-5)","background-image":"","background-repeat":"repeat","background-position":"center center","background-size":"auto","background-attachment":"scroll","background-type":"","background-media":"","overlay-type":"","overlay-color":"","overlay-opacity":"","overlay-gradient":""},"mobile":{"background-color":"var(--ast-global-color-5)","background-image":"","background-repeat":"repeat","background-position":"center center","background-size":"auto","background-attachment":"scroll","background-type":"","background-media":"","overlay-type":"","overlay-color":"","overlay-opacity":"","overlay-gradient":""}},"footnotes":""},"class_list":["post-10","page","type-page","status-publish","hentry"],"yoast_head":"<!-- This site is optimized with the Yoast SEO plugin v27.2 - https:\/\/yoast.com\/product\/yoast-seo-wordpress\/ -->\n<title>ServicesServicesServicesServicesServicesServicesServicesPaslaugosRASK<\/title>\n<meta name=\"description\" content=\"Rask vis\u0105 dominan\u010dia informacij\u0105 el. b\u016bdu ir ra\u0161tu.\" \/>\n<meta name=\"robots\" content=\"index, follow, max-snippet:-1, max-image-preview:large, max-video-preview:-1\" \/>\n<link rel=\"canonical\" href=\"https:\/\/biblioteka.kaunokolegija.lt\/paslaugos\/\" \/>\n<meta property=\"og:locale\" content=\"en_US\" \/>\n<meta property=\"og:type\" content=\"article\" \/>\n<meta property=\"og:title\" content=\"[:lt][:lt][:lt]Paslaugos[:en]Services[:][:en]ServicesServicesServicesServicesServicesServicesPaslaugosRASK[:]\" \/>\n<meta property=\"og:description\" content=\"{:lt}Kauno kolegijos bibliotekos ir mokslin\u0117s komunikacijos centro paslaugos \u2013 knyg\u0173 skolinimas, prieiga prie el. i\u0161tekli\u0173, erdv\u0117s studijoms, kompiuteriai ir \u012frenginiai, konsultacijos ir mokymai, parodos, paslaugos individuali\u0173j\u0173 poreiki\u0173 turintiems asmenims.{:en}Rask vis\u0105 dominan\u010dia informacij\u0105 el. b\u016bdu ir ra\u0161tu.{:}\" \/>\n<meta property=\"og:url\" content=\"https:\/\/biblioteka.kaunokolegija.lt\/paslaugos\/\" \/>\n<meta property=\"og:site_name\" content=\"Kauno kolegijos biblioteka ir mokslin\u0117s komunikacijos centras\" \/>\n<meta property=\"article:publisher\" content=\"https:\/\/www.facebook.com\/Kauno.kolegija.biblioteka\" \/>\n<meta property=\"article:modified_time\" content=\"2023-07-12T06:16:30+00:00\" \/>\n<meta property=\"og:image\" content=\"https:\/\/biblioteka.kaunokolegija.lt\/wp-content\/uploads\/2023\/07\/Knygu-skolinimas.png\" \/>\n<meta name=\"twitter:card\" content=\"summary_large_image\" \/>\n<meta name=\"twitter:label1\" content=\"Est. reading time\" \/>\n\t<meta name=\"twitter:data1\" content=\"4 minutes\" \/>\n<!-- \/ Yoast SEO plugin. -->","yoast_head_json":{"title":"ServicesServicesServicesServicesServicesServicesServicesPaslaugosRASK","description":"Rask vis\u0105 dominan\u010dia informacij\u0105 el. b\u016bdu ir ra\u0161tu.","robots":{"index":"index","follow":"follow","max-snippet":"max-snippet:-1","max-image-preview":"max-image-preview:large","max-video-preview":"max-video-preview:-1"},"canonical":"https:\/\/biblioteka.kaunokolegija.lt\/paslaugos\/","og_locale":"en_US","og_type":"article","og_title":"[:lt][:lt][:lt]Paslaugos[:en]Services[:][:en]ServicesServicesServicesServicesServicesServicesPaslaugosRASK[:]","og_description":"{:lt}Kauno kolegijos bibliotekos ir mokslin\u0117s komunikacijos centro paslaugos \u2013 knyg\u0173 skolinimas, prieiga prie el. i\u0161tekli\u0173, erdv\u0117s studijoms, kompiuteriai ir \u012frenginiai, konsultacijos ir mokymai, parodos, paslaugos individuali\u0173j\u0173 poreiki\u0173 turintiems asmenims.{:en}Rask vis\u0105 dominan\u010dia informacij\u0105 el. b\u016bdu ir ra\u0161tu.{:}","og_url":"https:\/\/biblioteka.kaunokolegija.lt\/paslaugos\/","og_site_name":"Kauno kolegijos biblioteka ir mokslin\u0117s komunikacijos centras","article_publisher":"https:\/\/www.facebook.com\/Kauno.kolegija.biblioteka","article_modified_time":"2023-07-12T06:16:30+00:00","og_image":[{"url":"https:\/\/biblioteka.kaunokolegija.lt\/wp-content\/uploads\/2023\/07\/Knygu-skolinimas.png","type":"","width":"","height":""}],"twitter_card":"summary_large_image","twitter_misc":{"Est. reading time":"4 minutes"},"schema":{"@context":"https:\/\/schema.org","@graph":[{"@type":"WebPage","@id":"https:\/\/biblioteka.kaunokolegija.lt\/paslaugos\/","url":"https:\/\/biblioteka.kaunokolegija.lt\/paslaugos\/","name":"[:lt][:lt][:lt]Paslaugos[:en]Services[:][:en]ServicesServicesServicesServicesServicesServicesPaslaugosRASK[:]","isPartOf":{"@id":"https:\/\/biblioteka.kaunokolegija.lt\/#website"},"primaryImageOfPage":{"@id":"https:\/\/biblioteka.kaunokolegija.lt\/paslaugos\/#primaryimage"},"image":{"@id":"https:\/\/biblioteka.kaunokolegija.lt\/paslaugos\/#primaryimage"},"thumbnailUrl":"https:\/\/biblioteka.kaunokolegija.lt\/wp-content\/uploads\/2023\/07\/Knygu-skolinimas.png","datePublished":"2015-12-07T03:36:45+00:00","dateModified":"2023-07-12T06:16:30+00:00","description":"{:lt}Kauno kolegijos bibliotekos ir mokslin\u0117s komunikacijos centro paslaugos \u2013 knyg\u0173 skolinimas, prieiga prie el. i\u0161tekli\u0173, erdv\u0117s studijoms, kompiuteriai ir \u012frenginiai, konsultacijos ir mokymai, parodos, paslaugos individuali\u0173j\u0173 poreiki\u0173 turintiems asmenims.{:en}Rask vis\u0105 dominan\u010dia informacij\u0105 el. b\u016bdu ir ra\u0161tu.{:}","breadcrumb":{"@id":"https:\/\/biblioteka.kaunokolegija.lt\/paslaugos\/#breadcrumb"},"inLanguage":"en-US","potentialAction":[{"@type":"ReadAction","target":["https:\/\/biblioteka.kaunokolegija.lt\/paslaugos\/"]}]},{"@type":"ImageObject","inLanguage":"en-US","@id":"https:\/\/biblioteka.kaunokolegija.lt\/paslaugos\/#primaryimage","url":"https:\/\/biblioteka.kaunokolegija.lt\/wp-content\/uploads\/2023\/07\/Knygu-skolinimas.png","contentUrl":"https:\/\/biblioteka.kaunokolegija.lt\/wp-content\/uploads\/2023\/07\/Knygu-skolinimas.png"},{"@type":"BreadcrumbList","@id":"https:\/\/biblioteka.kaunokolegija.lt\/paslaugos\/#breadcrumb","itemListElement":[{"@type":"ListItem","position":1,"name":"Pagrindinis","item":"https:\/\/biblioteka.kaunokolegija.lt\/"},{"@type":"ListItem","position":2,"name":"Paslaugos"}]},{"@type":"WebSite","@id":"https:\/\/biblioteka.kaunokolegija.lt\/#website","url":"https:\/\/biblioteka.kaunokolegija.lt\/","name":"Kauno kolegijos biblioteka ir informacijos i\u0161tekli\u0173 centras","description":"Kauno kolegijos biblioteka ir mokslin\u0117s komunikacijos centras","publisher":{"@id":"https:\/\/biblioteka.kaunokolegija.lt\/#organization"},"potentialAction":[{"@type":"SearchAction","target":{"@type":"EntryPoint","urlTemplate":"https:\/\/biblioteka.kaunokolegija.lt\/?s={search_term_string}"},"query-input":{"@type":"PropertyValueSpecification","valueRequired":true,"valueName":"search_term_string"}}],"inLanguage":"en-US"},{"@type":"Organization","@id":"https:\/\/biblioteka.kaunokolegija.lt\/#organization","name":"Kauno kolegijos biblioteka ir informacijos i\u0161tekli\u0173 centras","url":"https:\/\/biblioteka.kaunokolegija.lt\/","logo":{"@type":"ImageObject","inLanguage":"en-US","@id":"https:\/\/biblioteka.kaunokolegija.lt\/#\/schema\/logo\/image\/","url":"https:\/\/biblioteka.kaunokolegija.lt\/wp-content\/uploads\/2020\/10\/bibliotekos-cover-fb.jpg","contentUrl":"https:\/\/biblioteka.kaunokolegija.lt\/wp-content\/uploads\/2020\/10\/bibliotekos-cover-fb.jpg","width":1200,"height":630,"caption":"Kauno kolegijos biblioteka ir informacijos i\u0161tekli\u0173 centras"},"image":{"@id":"https:\/\/biblioteka.kaunokolegija.lt\/#\/schema\/logo\/image\/"},"sameAs":["https:\/\/www.facebook.com\/Kauno.kolegija.biblioteka"]}]}},"uagb_featured_image_src":{"full":false,"thumbnail":false,"medium":false,"medium_large":false,"large":false,"gs-tiny":false,"xl":false,"xxl":false,"xxxl":false,"xxxxl":false,"xxxxxl":false,"1536x1536":false,"2048x2048":false,"ultp_layout_landscape_large":false,"ultp_layout_landscape":false,"ultp_layout_portrait":false,"ultp_layout_square":false,"menu-24x24":false,"menu-36x36":false,"menu-48x48":false},"uagb_author_info":{"display_name":"BIBLIOTEKA","author_link":"https:\/\/biblioteka.kaunokolegija.lt\/en\/author\/vaiva\/"},"uagb_comment_info":0,"uagb_excerpt":null,"_links":{"self":[{"href":"https:\/\/biblioteka.kaunokolegija.lt\/en\/wp-json\/wp\/v2\/pages\/10","targetHints":{"allow":["GET"]}}],"collection":[{"href":"https:\/\/biblioteka.kaunokolegija.lt\/en\/wp-json\/wp\/v2\/pages"}],"about":[{"href":"https:\/\/biblioteka.kaunokolegija.lt\/en\/wp-json\/wp\/v2\/types\/page"}],"author":[{"embeddable":true,"href":"https:\/\/biblioteka.kaunokolegija.lt\/en\/wp-json\/wp\/v2\/users\/5"}],"replies":[{"embeddable":true,"href":"https:\/\/biblioteka.kaunokolegija.lt\/en\/wp-json\/wp\/v2\/comments?post=10"}],"version-history":[{"count":25,"href":"https:\/\/biblioteka.kaunokolegija.lt\/en\/wp-json\/wp\/v2\/pages\/10\/revisions"}],"predecessor-version":[{"id":9418,"href":"https:\/\/biblioteka.kaunokolegija.lt\/en\/wp-json\/wp\/v2\/pages\/10\/revisions\/9418"}],"wp:attachment":[{"href":"https:\/\/biblioteka.kaunokolegija.lt\/en\/wp-json\/wp\/v2\/media?parent=10"}],"curies":[{"name":"wp","href":"https:\/\/api.w.org\/{rel}","templated":true}]}}